{"id":101,"date":"2025-04-23T15:52:21","date_gmt":"2025-04-23T13:52:21","guid":{"rendered":"https:\/\/sofraboutiques.fr\/bethune\/?post_type=product&#038;p=101"},"modified":"2025-04-23T15:52:25","modified_gmt":"2025-04-23T13:52:25","slug":"quiche-poireaux","status":"publish","type":"product","link":"https:\/\/sofraboutiques.fr\/bethune\/produit\/quiche-poireaux\/","title":{"rendered":"Quiche Poireaux"},"content":{"rendered":"<p><b>Ingr\u00e9dients : <\/b><span style=\"font-weight: 400;\">eau, farine de bl\u00e9, 17,0% poireau, oeufs, margarine (graisses et huiles v\u00e9g\u00e9tales (palme, colza), eau, sel, \u00e9mulsifiant E471, acidifiant E270), cr\u00e8me fra\u00eeche, lait en poudre, f\u00e9cule de pomme de terre, emmental, poitrine de porc fum\u00e9e (origine France) (poitrine de porc, sel, dextrose, ar\u00f4me naturel, acidifiant E330, antioxydant E301, conservateur E250), oignons d\u00e9shydrat\u00e9s, amidon de riz, farine de riz, sel, poudres \u00e0 lever (E450, E500, amidon de bl\u00e9), huile v\u00e9g\u00e9tale tournesol, dextrose, extrait de poivre, extrait de muscade.<\/span><\/p>\n<p><b>ALLERG\u00c8NES<\/b><\/p>\n<p><b>Pr\u00e9sence : <\/b><span style=\"font-weight: 400;\">Gluten-Lait-\u0152ufs, peut contenir des traces de Soja-Fruits \u00e0 coques-Moutarde.<\/span><\/p>\n","protected":false},"excerpt":{"rendered":"<p>Ingr\u00e9dients : eau, farine de bl\u00e9, 17,0% poireau, oeufs, margarine (graisses et huiles v\u00e9g\u00e9tales (palme, colza), eau, sel, \u00e9mulsifiant E471, acidifiant E270), cr\u00e8me fra\u00eeche, lait en poudre, f\u00e9cule de pomme de terre, emmental, poitrine de porc fum\u00e9e (origine France) (poitrine de porc, sel, dextrose, ar\u00f4me naturel, acidifiant E330, antioxydant E301, conservateur E250), oignons d\u00e9shydrat\u00e9s, amidon&#8230;<\/p>\n","protected":false},"featured_media":0,"comment_status":"open","ping_status":"closed","template":"","meta":{"_kad_post_transparent":"","_kad_post_title":"","_kad_post_layout":"","_kad_post_sidebar_id":"","_kad_post_content_style":"","_kad_post_vertical_padding":"","_kad_post_feature":"","_kad_post_feature_position":"","_kad_post_header":false,"_kad_post_footer":false,"_kad_post_classname":""},"product_brand":[],"product_cat":[20],"product_tag":[],"class_list":{"0":"post-101","1":"product","2":"type-product","3":"status-publish","5":"product_cat-plats-chauds","7":"first","8":"instock","9":"virtual","10":"purchasable","11":"product-type-simple","12":"entry","13":"content-bg","14":"loop-entry"},"yoast_head":"<!-- This site is optimized with the Yoast SEO plugin v27.3 - https:\/\/yoast.com\/product\/yoast-seo-wordpress\/ -->\n<title>Quiche Poireaux - Sofra-Boutiques B\u00e9thune<\/title>\n<meta name=\"robots\" content=\"index, follow, max-snippet:-1, max-image-preview:large, max-video-preview:-1\" \/>\n<link rel=\"canonical\" href=\"https:\/\/sofraboutiques.fr\/bethune\/produit\/quiche-poireaux\/\" \/>\n<meta property=\"og:locale\" content=\"fr_FR\" \/>\n<meta property=\"og:type\" content=\"article\" \/>\n<meta property=\"og:title\" content=\"Quiche Poireaux - Sofra-Boutiques B\u00e9thune\" \/>\n<meta property=\"og:description\" content=\"Ingr\u00e9dients : eau, farine de bl\u00e9, 17,0% poireau, oeufs, margarine (graisses et huiles v\u00e9g\u00e9tales (palme, colza), eau, sel, \u00e9mulsifiant E471, acidifiant E270), cr\u00e8me fra\u00eeche, lait en poudre, f\u00e9cule de pomme de terre, emmental, poitrine de porc fum\u00e9e (origine France) (poitrine de porc, sel, dextrose, ar\u00f4me naturel, acidifiant E330, antioxydant E301, conservateur E250), oignons d\u00e9shydrat\u00e9s, amidon...\" \/>\n<meta property=\"og:url\" content=\"https:\/\/sofraboutiques.fr\/bethune\/produit\/quiche-poireaux\/\" \/>\n<meta property=\"og:site_name\" content=\"Sofra-Boutiques B\u00e9thune\" \/>\n<meta property=\"article:modified_time\" content=\"2025-04-23T13:52:25+00:00\" \/>\n<meta name=\"twitter:card\" content=\"summary_large_image\" \/>\n<meta name=\"twitter:label1\" content=\"Dur\u00e9e de lecture estim\u00e9e\" \/>\n\t<meta name=\"twitter:data1\" content=\"1 minute\" \/>\n<script type=\"application\/ld+json\" class=\"yoast-schema-graph\">{\"@context\":\"https:\\\/\\\/schema.org\",\"@graph\":[{\"@type\":\"WebPage\",\"@id\":\"https:\\\/\\\/sofraboutiques.fr\\\/bethune\\\/produit\\\/quiche-poireaux\\\/\",\"url\":\"https:\\\/\\\/sofraboutiques.fr\\\/bethune\\\/produit\\\/quiche-poireaux\\\/\",\"name\":\"Quiche Poireaux - Sofra-Boutiques B\u00e9thune\",\"isPartOf\":{\"@id\":\"https:\\\/\\\/sofraboutiques.fr\\\/bethune\\\/#website\"},\"datePublished\":\"2025-04-23T13:52:21+00:00\",\"dateModified\":\"2025-04-23T13:52:25+00:00\",\"breadcrumb\":{\"@id\":\"https:\\\/\\\/sofraboutiques.fr\\\/bethune\\\/produit\\\/quiche-poireaux\\\/#breadcrumb\"},\"inLanguage\":\"fr-FR\",\"potentialAction\":[{\"@type\":\"ReadAction\",\"target\":[\"https:\\\/\\\/sofraboutiques.fr\\\/bethune\\\/produit\\\/quiche-poireaux\\\/\"]}]},{\"@type\":\"BreadcrumbList\",\"@id\":\"https:\\\/\\\/sofraboutiques.fr\\\/bethune\\\/produit\\\/quiche-poireaux\\\/#breadcrumb\",\"itemListElement\":[{\"@type\":\"ListItem\",\"position\":1,\"name\":\"Accueil\",\"item\":\"https:\\\/\\\/sofraboutiques.fr\\\/bethune\\\/\"},{\"@type\":\"ListItem\",\"position\":2,\"name\":\"Boutique\",\"item\":\"https:\\\/\\\/sofraboutiques.fr\\\/bethune\\\/\"},{\"@type\":\"ListItem\",\"position\":3,\"name\":\"Quiche Poireaux\"}]},{\"@type\":\"WebSite\",\"@id\":\"https:\\\/\\\/sofraboutiques.fr\\\/bethune\\\/#website\",\"url\":\"https:\\\/\\\/sofraboutiques.fr\\\/bethune\\\/\",\"name\":\"Sofra-Boutiques B\u00e9thune\",\"description\":\"\",\"publisher\":{\"@id\":\"https:\\\/\\\/sofraboutiques.fr\\\/bethune\\\/#organization\"},\"potentialAction\":[{\"@type\":\"SearchAction\",\"target\":{\"@type\":\"EntryPoint\",\"urlTemplate\":\"https:\\\/\\\/sofraboutiques.fr\\\/bethune\\\/?s={search_term_string}\"},\"query-input\":{\"@type\":\"PropertyValueSpecification\",\"valueRequired\":true,\"valueName\":\"search_term_string\"}}],\"inLanguage\":\"fr-FR\"},{\"@type\":\"Organization\",\"@id\":\"https:\\\/\\\/sofraboutiques.fr\\\/bethune\\\/#organization\",\"name\":\"Sofra-Boutiques B\u00e9thune\",\"url\":\"https:\\\/\\\/sofraboutiques.fr\\\/bethune\\\/\",\"logo\":{\"@type\":\"ImageObject\",\"inLanguage\":\"fr-FR\",\"@id\":\"https:\\\/\\\/sofraboutiques.fr\\\/bethune\\\/#\\\/schema\\\/logo\\\/image\\\/\",\"url\":\"https:\\\/\\\/sofraboutiques.fr\\\/bethune\\\/wp-content\\\/uploads\\\/sites\\\/7\\\/2025\\\/04\\\/cropped-logo-sofraboutique.png\",\"contentUrl\":\"https:\\\/\\\/sofraboutiques.fr\\\/bethune\\\/wp-content\\\/uploads\\\/sites\\\/7\\\/2025\\\/04\\\/cropped-logo-sofraboutique.png\",\"width\":2951,\"height\":1553,\"caption\":\"Sofra-Boutiques B\u00e9thune\"},\"image\":{\"@id\":\"https:\\\/\\\/sofraboutiques.fr\\\/bethune\\\/#\\\/schema\\\/logo\\\/image\\\/\"}}]}<\/script>\n<!-- \/ Yoast SEO plugin. -->","yoast_head_json":{"title":"Quiche Poireaux - Sofra-Boutiques B\u00e9thune","robots":{"index":"index","follow":"follow","max-snippet":"max-snippet:-1","max-image-preview":"max-image-preview:large","max-video-preview":"max-video-preview:-1"},"canonical":"https:\/\/sofraboutiques.fr\/bethune\/produit\/quiche-poireaux\/","og_locale":"fr_FR","og_type":"article","og_title":"Quiche Poireaux - Sofra-Boutiques B\u00e9thune","og_description":"Ingr\u00e9dients : eau, farine de bl\u00e9, 17,0% poireau, oeufs, margarine (graisses et huiles v\u00e9g\u00e9tales (palme, colza), eau, sel, \u00e9mulsifiant E471, acidifiant E270), cr\u00e8me fra\u00eeche, lait en poudre, f\u00e9cule de pomme de terre, emmental, poitrine de porc fum\u00e9e (origine France) (poitrine de porc, sel, dextrose, ar\u00f4me naturel, acidifiant E330, antioxydant E301, conservateur E250), oignons d\u00e9shydrat\u00e9s, amidon...","og_url":"https:\/\/sofraboutiques.fr\/bethune\/produit\/quiche-poireaux\/","og_site_name":"Sofra-Boutiques B\u00e9thune","article_modified_time":"2025-04-23T13:52:25+00:00","twitter_card":"summary_large_image","twitter_misc":{"Dur\u00e9e de lecture estim\u00e9e":"1 minute"},"schema":{"@context":"https:\/\/schema.org","@graph":[{"@type":"WebPage","@id":"https:\/\/sofraboutiques.fr\/bethune\/produit\/quiche-poireaux\/","url":"https:\/\/sofraboutiques.fr\/bethune\/produit\/quiche-poireaux\/","name":"Quiche Poireaux - Sofra-Boutiques B\u00e9thune","isPartOf":{"@id":"https:\/\/sofraboutiques.fr\/bethune\/#website"},"datePublished":"2025-04-23T13:52:21+00:00","dateModified":"2025-04-23T13:52:25+00:00","breadcrumb":{"@id":"https:\/\/sofraboutiques.fr\/bethune\/produit\/quiche-poireaux\/#breadcrumb"},"inLanguage":"fr-FR","potentialAction":[{"@type":"ReadAction","target":["https:\/\/sofraboutiques.fr\/bethune\/produit\/quiche-poireaux\/"]}]},{"@type":"BreadcrumbList","@id":"https:\/\/sofraboutiques.fr\/bethune\/produit\/quiche-poireaux\/#breadcrumb","itemListElement":[{"@type":"ListItem","position":1,"name":"Accueil","item":"https:\/\/sofraboutiques.fr\/bethune\/"},{"@type":"ListItem","position":2,"name":"Boutique","item":"https:\/\/sofraboutiques.fr\/bethune\/"},{"@type":"ListItem","position":3,"name":"Quiche Poireaux"}]},{"@type":"WebSite","@id":"https:\/\/sofraboutiques.fr\/bethune\/#website","url":"https:\/\/sofraboutiques.fr\/bethune\/","name":"Sofra-Boutiques B\u00e9thune","description":"","publisher":{"@id":"https:\/\/sofraboutiques.fr\/bethune\/#organization"},"potentialAction":[{"@type":"SearchAction","target":{"@type":"EntryPoint","urlTemplate":"https:\/\/sofraboutiques.fr\/bethune\/?s={search_term_string}"},"query-input":{"@type":"PropertyValueSpecification","valueRequired":true,"valueName":"search_term_string"}}],"inLanguage":"fr-FR"},{"@type":"Organization","@id":"https:\/\/sofraboutiques.fr\/bethune\/#organization","name":"Sofra-Boutiques B\u00e9thune","url":"https:\/\/sofraboutiques.fr\/bethune\/","logo":{"@type":"ImageObject","inLanguage":"fr-FR","@id":"https:\/\/sofraboutiques.fr\/bethune\/#\/schema\/logo\/image\/","url":"https:\/\/sofraboutiques.fr\/bethune\/wp-content\/uploads\/sites\/7\/2025\/04\/cropped-logo-sofraboutique.png","contentUrl":"https:\/\/sofraboutiques.fr\/bethune\/wp-content\/uploads\/sites\/7\/2025\/04\/cropped-logo-sofraboutique.png","width":2951,"height":1553,"caption":"Sofra-Boutiques B\u00e9thune"},"image":{"@id":"https:\/\/sofraboutiques.fr\/bethune\/#\/schema\/logo\/image\/"}}]}},"_links":{"self":[{"href":"https:\/\/sofraboutiques.fr\/bethune\/wp-json\/wp\/v2\/product\/101","targetHints":{"allow":["GET"]}}],"collection":[{"href":"https:\/\/sofraboutiques.fr\/bethune\/wp-json\/wp\/v2\/product"}],"about":[{"href":"https:\/\/sofraboutiques.fr\/bethune\/wp-json\/wp\/v2\/types\/product"}],"replies":[{"embeddable":true,"href":"https:\/\/sofraboutiques.fr\/bethune\/wp-json\/wp\/v2\/comments?post=101"}],"wp:attachment":[{"href":"https:\/\/sofraboutiques.fr\/bethune\/wp-json\/wp\/v2\/media?parent=101"}],"wp:term":[{"taxonomy":"product_brand","embeddable":true,"href":"https:\/\/sofraboutiques.fr\/bethune\/wp-json\/wp\/v2\/product_brand?post=101"},{"taxonomy":"product_cat","embeddable":true,"href":"https:\/\/sofraboutiques.fr\/bethune\/wp-json\/wp\/v2\/product_cat?post=101"},{"taxonomy":"product_tag","embeddable":true,"href":"https:\/\/sofraboutiques.fr\/bethune\/wp-json\/wp\/v2\/product_tag?post=101"}],"curies":[{"name":"wp","href":"https:\/\/api.w.org\/{rel}","templated":true}]}}