{"id":157,"date":"2025-04-23T15:52:37","date_gmt":"2025-04-23T13:52:37","guid":{"rendered":"https:\/\/sofraboutiques.fr\/bethune\/?post_type=product&#038;p=157"},"modified":"2025-04-23T15:52:40","modified_gmt":"2025-04-23T13:52:40","slug":"muffin-tout-choco","status":"publish","type":"product","link":"https:\/\/sofraboutiques.fr\/bethune\/produit\/muffin-tout-choco\/","title":{"rendered":"Muffin tout choco"},"content":{"rendered":"<p><b>Ingr\u00e9dients : <\/b><span style=\"font-weight: 400;\">Farine de BL\u00c9 (avec calcium, fer, niacine, thiamine), eau, sucre, huile v\u00e9g\u00e9tale (colza), chocolat au lait 7% (sucre, LAIT entier en poudre, beurre de cacao, masse de cacao, \u00e9mulsifiant (l\u00e9cithine de SOJA), ar\u00f4me naturel de vanille), chocolat 7% (sucre, masse de cacao, beurre de cacao, poudre de lactos\u00e9rum doux (LAIT), \u00e9mulsifiant (l\u00e9cithine de SOJA), ar\u00f4me naturel de vanille), OEUF entier en poudre, amidons modifi\u00e9s (ma\u00efs, ma\u00efs cireux, tapioca), cacao maigre en poudre 2%, poudres \u00e0 lever (bicarbonate de sodium, diphosphate disodique), lactos\u00e9rum en poudre (LAIT), \u00e9mulsifiants (E477, E481, E471, E475), blanc d&rsquo;OEUF en poudre, sel, ar\u00f4me, stabilistant (gomme xanthane).\u00a0<\/span><\/p>\n<p><b>ALLERG\u00c8NES<\/b><\/p>\n<p><b>Pr\u00e9sence :<\/b><span style=\"font-weight: 400;\"> Lait-Soja-\u0152ufs-Gluten.<\/span><\/p>\n","protected":false},"excerpt":{"rendered":"<p>Ingr\u00e9dients : Farine de BL\u00c9 (avec calcium, fer, niacine, thiamine), eau, sucre, huile v\u00e9g\u00e9tale (colza), chocolat au lait 7% (sucre, LAIT entier en poudre, beurre de cacao, masse de cacao, \u00e9mulsifiant (l\u00e9cithine de SOJA), ar\u00f4me naturel de vanille), chocolat 7% (sucre, masse de cacao, beurre de cacao, poudre de lactos\u00e9rum doux (LAIT), \u00e9mulsifiant (l\u00e9cithine de&#8230;<\/p>\n","protected":false},"featured_media":0,"comment_status":"open","ping_status":"closed","template":"","meta":{"_kad_post_transparent":"","_kad_post_title":"","_kad_post_layout":"","_kad_post_sidebar_id":"","_kad_post_content_style":"","_kad_post_vertical_padding":"","_kad_post_feature":"","_kad_post_feature_position":"","_kad_post_header":false,"_kad_post_footer":false,"_kad_post_classname":""},"product_brand":[],"product_cat":[18],"product_tag":[],"class_list":{"0":"post-157","1":"product","2":"type-product","3":"status-publish","5":"product_cat-desserts","7":"first","8":"instock","9":"virtual","10":"purchasable","11":"product-type-simple","12":"entry","13":"content-bg","14":"loop-entry"},"yoast_head":"<!-- This site is optimized with the Yoast SEO plugin v27.3 - https:\/\/yoast.com\/product\/yoast-seo-wordpress\/ -->\n<title>Muffin tout choco - Sofra-Boutiques B\u00e9thune<\/title>\n<meta name=\"robots\" content=\"index, follow, max-snippet:-1, max-image-preview:large, max-video-preview:-1\" \/>\n<link rel=\"canonical\" href=\"https:\/\/sofraboutiques.fr\/bethune\/produit\/muffin-tout-choco\/\" \/>\n<meta property=\"og:locale\" content=\"fr_FR\" \/>\n<meta property=\"og:type\" content=\"article\" \/>\n<meta property=\"og:title\" content=\"Muffin tout choco - Sofra-Boutiques B\u00e9thune\" \/>\n<meta property=\"og:description\" content=\"Ingr\u00e9dients : Farine de BL\u00c9 (avec calcium, fer, niacine, thiamine), eau, sucre, huile v\u00e9g\u00e9tale (colza), chocolat au lait 7% (sucre, LAIT entier en poudre, beurre de cacao, masse de cacao, \u00e9mulsifiant (l\u00e9cithine de SOJA), ar\u00f4me naturel de vanille), chocolat 7% (sucre, masse de cacao, beurre de cacao, poudre de lactos\u00e9rum doux (LAIT), \u00e9mulsifiant (l\u00e9cithine de...\" \/>\n<meta property=\"og:url\" content=\"https:\/\/sofraboutiques.fr\/bethune\/produit\/muffin-tout-choco\/\" \/>\n<meta property=\"og:site_name\" content=\"Sofra-Boutiques B\u00e9thune\" \/>\n<meta property=\"article:modified_time\" content=\"2025-04-23T13:52:40+00:00\" \/>\n<meta name=\"twitter:card\" content=\"summary_large_image\" \/>\n<meta name=\"twitter:label1\" content=\"Dur\u00e9e de lecture estim\u00e9e\" \/>\n\t<meta name=\"twitter:data1\" content=\"1 minute\" \/>\n<script type=\"application\/ld+json\" class=\"yoast-schema-graph\">{\"@context\":\"https:\\\/\\\/schema.org\",\"@graph\":[{\"@type\":\"WebPage\",\"@id\":\"https:\\\/\\\/sofraboutiques.fr\\\/bethune\\\/produit\\\/muffin-tout-choco\\\/\",\"url\":\"https:\\\/\\\/sofraboutiques.fr\\\/bethune\\\/produit\\\/muffin-tout-choco\\\/\",\"name\":\"Muffin tout choco - Sofra-Boutiques B\u00e9thune\",\"isPartOf\":{\"@id\":\"https:\\\/\\\/sofraboutiques.fr\\\/bethune\\\/#website\"},\"datePublished\":\"2025-04-23T13:52:37+00:00\",\"dateModified\":\"2025-04-23T13:52:40+00:00\",\"breadcrumb\":{\"@id\":\"https:\\\/\\\/sofraboutiques.fr\\\/bethune\\\/produit\\\/muffin-tout-choco\\\/#breadcrumb\"},\"inLanguage\":\"fr-FR\",\"potentialAction\":[{\"@type\":\"ReadAction\",\"target\":[\"https:\\\/\\\/sofraboutiques.fr\\\/bethune\\\/produit\\\/muffin-tout-choco\\\/\"]}]},{\"@type\":\"BreadcrumbList\",\"@id\":\"https:\\\/\\\/sofraboutiques.fr\\\/bethune\\\/produit\\\/muffin-tout-choco\\\/#breadcrumb\",\"itemListElement\":[{\"@type\":\"ListItem\",\"position\":1,\"name\":\"Accueil\",\"item\":\"https:\\\/\\\/sofraboutiques.fr\\\/bethune\\\/\"},{\"@type\":\"ListItem\",\"position\":2,\"name\":\"Boutique\",\"item\":\"https:\\\/\\\/sofraboutiques.fr\\\/bethune\\\/\"},{\"@type\":\"ListItem\",\"position\":3,\"name\":\"Muffin tout choco\"}]},{\"@type\":\"WebSite\",\"@id\":\"https:\\\/\\\/sofraboutiques.fr\\\/bethune\\\/#website\",\"url\":\"https:\\\/\\\/sofraboutiques.fr\\\/bethune\\\/\",\"name\":\"Sofra-Boutiques B\u00e9thune\",\"description\":\"\",\"publisher\":{\"@id\":\"https:\\\/\\\/sofraboutiques.fr\\\/bethune\\\/#organization\"},\"potentialAction\":[{\"@type\":\"SearchAction\",\"target\":{\"@type\":\"EntryPoint\",\"urlTemplate\":\"https:\\\/\\\/sofraboutiques.fr\\\/bethune\\\/?s={search_term_string}\"},\"query-input\":{\"@type\":\"PropertyValueSpecification\",\"valueRequired\":true,\"valueName\":\"search_term_string\"}}],\"inLanguage\":\"fr-FR\"},{\"@type\":\"Organization\",\"@id\":\"https:\\\/\\\/sofraboutiques.fr\\\/bethune\\\/#organization\",\"name\":\"Sofra-Boutiques B\u00e9thune\",\"url\":\"https:\\\/\\\/sofraboutiques.fr\\\/bethune\\\/\",\"logo\":{\"@type\":\"ImageObject\",\"inLanguage\":\"fr-FR\",\"@id\":\"https:\\\/\\\/sofraboutiques.fr\\\/bethune\\\/#\\\/schema\\\/logo\\\/image\\\/\",\"url\":\"https:\\\/\\\/sofraboutiques.fr\\\/bethune\\\/wp-content\\\/uploads\\\/sites\\\/7\\\/2025\\\/04\\\/cropped-logo-sofraboutique.png\",\"contentUrl\":\"https:\\\/\\\/sofraboutiques.fr\\\/bethune\\\/wp-content\\\/uploads\\\/sites\\\/7\\\/2025\\\/04\\\/cropped-logo-sofraboutique.png\",\"width\":2951,\"height\":1553,\"caption\":\"Sofra-Boutiques B\u00e9thune\"},\"image\":{\"@id\":\"https:\\\/\\\/sofraboutiques.fr\\\/bethune\\\/#\\\/schema\\\/logo\\\/image\\\/\"}}]}<\/script>\n<!-- \/ Yoast SEO plugin. -->","yoast_head_json":{"title":"Muffin tout choco - Sofra-Boutiques B\u00e9thune","robots":{"index":"index","follow":"follow","max-snippet":"max-snippet:-1","max-image-preview":"max-image-preview:large","max-video-preview":"max-video-preview:-1"},"canonical":"https:\/\/sofraboutiques.fr\/bethune\/produit\/muffin-tout-choco\/","og_locale":"fr_FR","og_type":"article","og_title":"Muffin tout choco - Sofra-Boutiques B\u00e9thune","og_description":"Ingr\u00e9dients : Farine de BL\u00c9 (avec calcium, fer, niacine, thiamine), eau, sucre, huile v\u00e9g\u00e9tale (colza), chocolat au lait 7% (sucre, LAIT entier en poudre, beurre de cacao, masse de cacao, \u00e9mulsifiant (l\u00e9cithine de SOJA), ar\u00f4me naturel de vanille), chocolat 7% (sucre, masse de cacao, beurre de cacao, poudre de lactos\u00e9rum doux (LAIT), \u00e9mulsifiant (l\u00e9cithine de...","og_url":"https:\/\/sofraboutiques.fr\/bethune\/produit\/muffin-tout-choco\/","og_site_name":"Sofra-Boutiques B\u00e9thune","article_modified_time":"2025-04-23T13:52:40+00:00","twitter_card":"summary_large_image","twitter_misc":{"Dur\u00e9e de lecture estim\u00e9e":"1 minute"},"schema":{"@context":"https:\/\/schema.org","@graph":[{"@type":"WebPage","@id":"https:\/\/sofraboutiques.fr\/bethune\/produit\/muffin-tout-choco\/","url":"https:\/\/sofraboutiques.fr\/bethune\/produit\/muffin-tout-choco\/","name":"Muffin tout choco - Sofra-Boutiques B\u00e9thune","isPartOf":{"@id":"https:\/\/sofraboutiques.fr\/bethune\/#website"},"datePublished":"2025-04-23T13:52:37+00:00","dateModified":"2025-04-23T13:52:40+00:00","breadcrumb":{"@id":"https:\/\/sofraboutiques.fr\/bethune\/produit\/muffin-tout-choco\/#breadcrumb"},"inLanguage":"fr-FR","potentialAction":[{"@type":"ReadAction","target":["https:\/\/sofraboutiques.fr\/bethune\/produit\/muffin-tout-choco\/"]}]},{"@type":"BreadcrumbList","@id":"https:\/\/sofraboutiques.fr\/bethune\/produit\/muffin-tout-choco\/#breadcrumb","itemListElement":[{"@type":"ListItem","position":1,"name":"Accueil","item":"https:\/\/sofraboutiques.fr\/bethune\/"},{"@type":"ListItem","position":2,"name":"Boutique","item":"https:\/\/sofraboutiques.fr\/bethune\/"},{"@type":"ListItem","position":3,"name":"Muffin tout choco"}]},{"@type":"WebSite","@id":"https:\/\/sofraboutiques.fr\/bethune\/#website","url":"https:\/\/sofraboutiques.fr\/bethune\/","name":"Sofra-Boutiques B\u00e9thune","description":"","publisher":{"@id":"https:\/\/sofraboutiques.fr\/bethune\/#organization"},"potentialAction":[{"@type":"SearchAction","target":{"@type":"EntryPoint","urlTemplate":"https:\/\/sofraboutiques.fr\/bethune\/?s={search_term_string}"},"query-input":{"@type":"PropertyValueSpecification","valueRequired":true,"valueName":"search_term_string"}}],"inLanguage":"fr-FR"},{"@type":"Organization","@id":"https:\/\/sofraboutiques.fr\/bethune\/#organization","name":"Sofra-Boutiques B\u00e9thune","url":"https:\/\/sofraboutiques.fr\/bethune\/","logo":{"@type":"ImageObject","inLanguage":"fr-FR","@id":"https:\/\/sofraboutiques.fr\/bethune\/#\/schema\/logo\/image\/","url":"https:\/\/sofraboutiques.fr\/bethune\/wp-content\/uploads\/sites\/7\/2025\/04\/cropped-logo-sofraboutique.png","contentUrl":"https:\/\/sofraboutiques.fr\/bethune\/wp-content\/uploads\/sites\/7\/2025\/04\/cropped-logo-sofraboutique.png","width":2951,"height":1553,"caption":"Sofra-Boutiques B\u00e9thune"},"image":{"@id":"https:\/\/sofraboutiques.fr\/bethune\/#\/schema\/logo\/image\/"}}]}},"_links":{"self":[{"href":"https:\/\/sofraboutiques.fr\/bethune\/wp-json\/wp\/v2\/product\/157","targetHints":{"allow":["GET"]}}],"collection":[{"href":"https:\/\/sofraboutiques.fr\/bethune\/wp-json\/wp\/v2\/product"}],"about":[{"href":"https:\/\/sofraboutiques.fr\/bethune\/wp-json\/wp\/v2\/types\/product"}],"replies":[{"embeddable":true,"href":"https:\/\/sofraboutiques.fr\/bethune\/wp-json\/wp\/v2\/comments?post=157"}],"wp:attachment":[{"href":"https:\/\/sofraboutiques.fr\/bethune\/wp-json\/wp\/v2\/media?parent=157"}],"wp:term":[{"taxonomy":"product_brand","embeddable":true,"href":"https:\/\/sofraboutiques.fr\/bethune\/wp-json\/wp\/v2\/product_brand?post=157"},{"taxonomy":"product_cat","embeddable":true,"href":"https:\/\/sofraboutiques.fr\/bethune\/wp-json\/wp\/v2\/product_cat?post=157"},{"taxonomy":"product_tag","embeddable":true,"href":"https:\/\/sofraboutiques.fr\/bethune\/wp-json\/wp\/v2\/product_tag?post=157"}],"curies":[{"name":"wp","href":"https:\/\/api.w.org\/{rel}","templated":true}]}}