{"id":297,"date":"2025-04-23T15:53:12","date_gmt":"2025-04-23T13:53:12","guid":{"rendered":"https:\/\/sofraboutiques.fr\/bethune\/?post_type=product&#038;p=297"},"modified":"2025-04-23T15:53:16","modified_gmt":"2025-04-23T13:53:16","slug":"cookie-milka-52gr","status":"publish","type":"product","link":"https:\/\/sofraboutiques.fr\/bethune\/produit\/cookie-milka-52gr\/","title":{"rendered":"Cookie milka 52gr"},"content":{"rendered":"<p>Nutri-Score : E<\/p>\n<p><b>Quantit\u00e9<\/b><span style=\"font-weight: 400;\"> : 52g<\/span><\/p>\n<p><b>Conditionnement<\/b><span style=\"font-weight: 400;\"> : Sachet<\/span><\/p>\n<p><b>Marques<\/b><span style=\"font-weight: 400;\"> : Milka<\/span><\/p>\n<p><b>Ingr\u00e9dients<\/b><span style=\"font-weight: 400;\"> : Sucre, farine de bl\u00e9, beurre p\u00e2tissier, huile de tournesol, huile de colza, p\u00e2te de cacao, lait entier en poudre, beurre de cacao, amidon de bl\u00e9, amidon modifi\u00e9, lactose (de lait), poudre \u00e0 lever (carbonate acide d\u2019ammonium, carbonate acide de sodium, diphosphate disodique), lactos\u00e9rum en poudre (de lait), cacao maigre en poudre, \u00e9mulsifiant (l\u00e9cithine de soja), sel, ar\u00f4mes, lait \u00e9cr\u00e9m\u00e9 en poudre, colorant (E160a(i)), Fibre de soja en poudre.<\/span><\/p>\n<p><b>Allerg\u00e8nes<\/b><span style=\"font-weight: 400;\"> : \u0152ufs, Gluten, Lait, Soja<\/span><\/p>\n<p><b>Traces<\/b><span style=\"font-weight: 400;\"> : \u0152ufs, Fruits \u00e0 coque<\/span><\/p>\n<p>&nbsp;<\/p>\n<table>\n<tbody>\n<tr>\n<td><b>Tableau nutritionnel<\/b><\/td>\n<td><b>Tel que vendu<\/b><\/p>\n<p><b>pour 100 g \/ 100 ml<\/b><\/td>\n<td><b>Tel que vendu<\/b><\/p>\n<p><b>par portion (26g)<\/b><\/td>\n<\/tr>\n<tr>\n<td><span style=\"font-weight: 400;\">\u00c9nergie<\/span><\/td>\n<td><span style=\"font-weight: 400;\">2 149 kj<\/span><\/p>\n<p><span style=\"font-weight: 400;\">(514 kcal)<\/span><\/td>\n<td><span style=\"font-weight: 400;\">559 kj<\/span><\/p>\n<p><span style=\"font-weight: 400;\">(134 kcal)<\/span><\/td>\n<\/tr>\n<tr>\n<td><span style=\"font-weight: 400;\">Mati\u00e8res grasses<\/span><\/td>\n<td><span style=\"font-weight: 400;\">27 g<\/span><\/td>\n<td><span style=\"font-weight: 400;\">7,02 g<\/span><\/td>\n<\/tr>\n<tr>\n<td><span style=\"font-weight: 400;\">Acides gras satur\u00e9s<\/span><\/td>\n<td><span style=\"font-weight: 400;\">13 g<\/span><\/td>\n<td><span style=\"font-weight: 400;\">3,38 g<\/span><\/td>\n<\/tr>\n<tr>\n<td><span style=\"font-weight: 400;\">Glucides<\/span><\/td>\n<td><span style=\"font-weight: 400;\">62 g<\/span><\/td>\n<td><span style=\"font-weight: 400;\">16,1 g<\/span><\/td>\n<\/tr>\n<tr>\n<td><span style=\"font-weight: 400;\">Sucres<\/span><\/td>\n<td><span style=\"font-weight: 400;\">39 g<\/span><\/td>\n<td><span style=\"font-weight: 400;\">10,1 g<\/span><\/td>\n<\/tr>\n<tr>\n<td><span style=\"font-weight: 400;\">Fibres alimentaires<\/span><\/td>\n<td><span style=\"font-weight: 400;\">1,7 g<\/span><\/td>\n<td><span style=\"font-weight: 400;\">0,442 g<\/span><\/td>\n<\/tr>\n<tr>\n<td><span style=\"font-weight: 400;\">Prot\u00e9ines<\/span><\/td>\n<td><span style=\"font-weight: 400;\">4,5 g<\/span><\/td>\n<td><span style=\"font-weight: 400;\">1,17 g<\/span><\/td>\n<\/tr>\n<tr>\n<td><span style=\"font-weight: 400;\">Sel<\/span><\/td>\n<td><span style=\"font-weight: 400;\">0,89 g<\/span><\/td>\n<td><span style=\"font-weight: 400;\">0,231 g<\/span><\/td>\n<\/tr>\n<tr>\n<td><span style=\"font-weight: 400;\">Fruits\u201a l\u00e9gumes\u201a noix et huiles de colza\u201a noix et olive (estimation par analyse de la liste des ingr\u00e9dients)<\/span><\/td>\n<td><span style=\"font-weight: 400;\">2,969 %<\/span><\/td>\n<td><span style=\"font-weight: 400;\">2,969 %<\/span><\/td>\n<\/tr>\n<\/tbody>\n<\/table>\n","protected":false},"excerpt":{"rendered":"<p>Nutri-Score : E Quantit\u00e9 : 52g Conditionnement : Sachet Marques : Milka Ingr\u00e9dients : Sucre, farine de bl\u00e9, beurre p\u00e2tissier, huile de tournesol, huile de colza, p\u00e2te de cacao, lait entier en poudre, beurre de cacao, amidon de bl\u00e9, amidon modifi\u00e9, lactose (de lait), poudre \u00e0 lever (carbonate acide d\u2019ammonium, carbonate acide de sodium, diphosphate&#8230;<\/p>\n","protected":false},"featured_media":0,"comment_status":"open","ping_status":"closed","template":"","meta":{"_kad_post_transparent":"","_kad_post_title":"","_kad_post_layout":"","_kad_post_sidebar_id":"","_kad_post_content_style":"","_kad_post_vertical_padding":"","_kad_post_feature":"","_kad_post_feature_position":"","_kad_post_header":false,"_kad_post_footer":false,"_kad_post_classname":""},"product_brand":[],"product_cat":[24],"product_tag":[],"class_list":{"0":"post-297","1":"product","2":"type-product","3":"status-publish","5":"product_cat-friandises","7":"first","8":"instock","9":"virtual","10":"purchasable","11":"product-type-simple","12":"entry","13":"content-bg","14":"loop-entry"},"yoast_head":"<!-- This site is optimized with the Yoast SEO plugin v27.3 - https:\/\/yoast.com\/product\/yoast-seo-wordpress\/ -->\n<title>Cookie milka 52gr - Sofra-Boutiques B\u00e9thune<\/title>\n<meta name=\"robots\" content=\"index, follow, max-snippet:-1, max-image-preview:large, max-video-preview:-1\" \/>\n<link rel=\"canonical\" href=\"https:\/\/sofraboutiques.fr\/bethune\/produit\/cookie-milka-52gr\/\" \/>\n<meta property=\"og:locale\" content=\"fr_FR\" \/>\n<meta property=\"og:type\" content=\"article\" \/>\n<meta property=\"og:title\" content=\"Cookie milka 52gr - Sofra-Boutiques B\u00e9thune\" \/>\n<meta property=\"og:description\" content=\"Nutri-Score : E Quantit\u00e9 : 52g Conditionnement : Sachet Marques : Milka Ingr\u00e9dients : Sucre, farine de bl\u00e9, beurre p\u00e2tissier, huile de tournesol, huile de colza, p\u00e2te de cacao, lait entier en poudre, beurre de cacao, amidon de bl\u00e9, amidon modifi\u00e9, lactose (de lait), poudre \u00e0 lever (carbonate acide d\u2019ammonium, carbonate acide de sodium, diphosphate...\" \/>\n<meta property=\"og:url\" content=\"https:\/\/sofraboutiques.fr\/bethune\/produit\/cookie-milka-52gr\/\" \/>\n<meta property=\"og:site_name\" content=\"Sofra-Boutiques B\u00e9thune\" \/>\n<meta property=\"article:modified_time\" content=\"2025-04-23T13:53:16+00:00\" \/>\n<meta name=\"twitter:card\" content=\"summary_large_image\" \/>\n<meta name=\"twitter:label1\" content=\"Dur\u00e9e de lecture estim\u00e9e\" \/>\n\t<meta name=\"twitter:data1\" content=\"1 minute\" \/>\n<script type=\"application\/ld+json\" class=\"yoast-schema-graph\">{\"@context\":\"https:\\\/\\\/schema.org\",\"@graph\":[{\"@type\":\"WebPage\",\"@id\":\"https:\\\/\\\/sofraboutiques.fr\\\/bethune\\\/produit\\\/cookie-milka-52gr\\\/\",\"url\":\"https:\\\/\\\/sofraboutiques.fr\\\/bethune\\\/produit\\\/cookie-milka-52gr\\\/\",\"name\":\"Cookie milka 52gr - Sofra-Boutiques B\u00e9thune\",\"isPartOf\":{\"@id\":\"https:\\\/\\\/sofraboutiques.fr\\\/bethune\\\/#website\"},\"datePublished\":\"2025-04-23T13:53:12+00:00\",\"dateModified\":\"2025-04-23T13:53:16+00:00\",\"breadcrumb\":{\"@id\":\"https:\\\/\\\/sofraboutiques.fr\\\/bethune\\\/produit\\\/cookie-milka-52gr\\\/#breadcrumb\"},\"inLanguage\":\"fr-FR\",\"potentialAction\":[{\"@type\":\"ReadAction\",\"target\":[\"https:\\\/\\\/sofraboutiques.fr\\\/bethune\\\/produit\\\/cookie-milka-52gr\\\/\"]}]},{\"@type\":\"BreadcrumbList\",\"@id\":\"https:\\\/\\\/sofraboutiques.fr\\\/bethune\\\/produit\\\/cookie-milka-52gr\\\/#breadcrumb\",\"itemListElement\":[{\"@type\":\"ListItem\",\"position\":1,\"name\":\"Accueil\",\"item\":\"https:\\\/\\\/sofraboutiques.fr\\\/bethune\\\/\"},{\"@type\":\"ListItem\",\"position\":2,\"name\":\"Boutique\",\"item\":\"https:\\\/\\\/sofraboutiques.fr\\\/bethune\\\/\"},{\"@type\":\"ListItem\",\"position\":3,\"name\":\"Cookie milka 52gr\"}]},{\"@type\":\"WebSite\",\"@id\":\"https:\\\/\\\/sofraboutiques.fr\\\/bethune\\\/#website\",\"url\":\"https:\\\/\\\/sofraboutiques.fr\\\/bethune\\\/\",\"name\":\"Sofra-Boutiques B\u00e9thune\",\"description\":\"\",\"publisher\":{\"@id\":\"https:\\\/\\\/sofraboutiques.fr\\\/bethune\\\/#organization\"},\"potentialAction\":[{\"@type\":\"SearchAction\",\"target\":{\"@type\":\"EntryPoint\",\"urlTemplate\":\"https:\\\/\\\/sofraboutiques.fr\\\/bethune\\\/?s={search_term_string}\"},\"query-input\":{\"@type\":\"PropertyValueSpecification\",\"valueRequired\":true,\"valueName\":\"search_term_string\"}}],\"inLanguage\":\"fr-FR\"},{\"@type\":\"Organization\",\"@id\":\"https:\\\/\\\/sofraboutiques.fr\\\/bethune\\\/#organization\",\"name\":\"Sofra-Boutiques B\u00e9thune\",\"url\":\"https:\\\/\\\/sofraboutiques.fr\\\/bethune\\\/\",\"logo\":{\"@type\":\"ImageObject\",\"inLanguage\":\"fr-FR\",\"@id\":\"https:\\\/\\\/sofraboutiques.fr\\\/bethune\\\/#\\\/schema\\\/logo\\\/image\\\/\",\"url\":\"https:\\\/\\\/sofraboutiques.fr\\\/bethune\\\/wp-content\\\/uploads\\\/sites\\\/7\\\/2025\\\/04\\\/cropped-logo-sofraboutique.png\",\"contentUrl\":\"https:\\\/\\\/sofraboutiques.fr\\\/bethune\\\/wp-content\\\/uploads\\\/sites\\\/7\\\/2025\\\/04\\\/cropped-logo-sofraboutique.png\",\"width\":2951,\"height\":1553,\"caption\":\"Sofra-Boutiques B\u00e9thune\"},\"image\":{\"@id\":\"https:\\\/\\\/sofraboutiques.fr\\\/bethune\\\/#\\\/schema\\\/logo\\\/image\\\/\"}}]}<\/script>\n<!-- \/ Yoast SEO plugin. -->","yoast_head_json":{"title":"Cookie milka 52gr - Sofra-Boutiques B\u00e9thune","robots":{"index":"index","follow":"follow","max-snippet":"max-snippet:-1","max-image-preview":"max-image-preview:large","max-video-preview":"max-video-preview:-1"},"canonical":"https:\/\/sofraboutiques.fr\/bethune\/produit\/cookie-milka-52gr\/","og_locale":"fr_FR","og_type":"article","og_title":"Cookie milka 52gr - Sofra-Boutiques B\u00e9thune","og_description":"Nutri-Score : E Quantit\u00e9 : 52g Conditionnement : Sachet Marques : Milka Ingr\u00e9dients : Sucre, farine de bl\u00e9, beurre p\u00e2tissier, huile de tournesol, huile de colza, p\u00e2te de cacao, lait entier en poudre, beurre de cacao, amidon de bl\u00e9, amidon modifi\u00e9, lactose (de lait), poudre \u00e0 lever (carbonate acide d\u2019ammonium, carbonate acide de sodium, diphosphate...","og_url":"https:\/\/sofraboutiques.fr\/bethune\/produit\/cookie-milka-52gr\/","og_site_name":"Sofra-Boutiques B\u00e9thune","article_modified_time":"2025-04-23T13:53:16+00:00","twitter_card":"summary_large_image","twitter_misc":{"Dur\u00e9e de lecture estim\u00e9e":"1 minute"},"schema":{"@context":"https:\/\/schema.org","@graph":[{"@type":"WebPage","@id":"https:\/\/sofraboutiques.fr\/bethune\/produit\/cookie-milka-52gr\/","url":"https:\/\/sofraboutiques.fr\/bethune\/produit\/cookie-milka-52gr\/","name":"Cookie milka 52gr - Sofra-Boutiques B\u00e9thune","isPartOf":{"@id":"https:\/\/sofraboutiques.fr\/bethune\/#website"},"datePublished":"2025-04-23T13:53:12+00:00","dateModified":"2025-04-23T13:53:16+00:00","breadcrumb":{"@id":"https:\/\/sofraboutiques.fr\/bethune\/produit\/cookie-milka-52gr\/#breadcrumb"},"inLanguage":"fr-FR","potentialAction":[{"@type":"ReadAction","target":["https:\/\/sofraboutiques.fr\/bethune\/produit\/cookie-milka-52gr\/"]}]},{"@type":"BreadcrumbList","@id":"https:\/\/sofraboutiques.fr\/bethune\/produit\/cookie-milka-52gr\/#breadcrumb","itemListElement":[{"@type":"ListItem","position":1,"name":"Accueil","item":"https:\/\/sofraboutiques.fr\/bethune\/"},{"@type":"ListItem","position":2,"name":"Boutique","item":"https:\/\/sofraboutiques.fr\/bethune\/"},{"@type":"ListItem","position":3,"name":"Cookie milka 52gr"}]},{"@type":"WebSite","@id":"https:\/\/sofraboutiques.fr\/bethune\/#website","url":"https:\/\/sofraboutiques.fr\/bethune\/","name":"Sofra-Boutiques B\u00e9thune","description":"","publisher":{"@id":"https:\/\/sofraboutiques.fr\/bethune\/#organization"},"potentialAction":[{"@type":"SearchAction","target":{"@type":"EntryPoint","urlTemplate":"https:\/\/sofraboutiques.fr\/bethune\/?s={search_term_string}"},"query-input":{"@type":"PropertyValueSpecification","valueRequired":true,"valueName":"search_term_string"}}],"inLanguage":"fr-FR"},{"@type":"Organization","@id":"https:\/\/sofraboutiques.fr\/bethune\/#organization","name":"Sofra-Boutiques B\u00e9thune","url":"https:\/\/sofraboutiques.fr\/bethune\/","logo":{"@type":"ImageObject","inLanguage":"fr-FR","@id":"https:\/\/sofraboutiques.fr\/bethune\/#\/schema\/logo\/image\/","url":"https:\/\/sofraboutiques.fr\/bethune\/wp-content\/uploads\/sites\/7\/2025\/04\/cropped-logo-sofraboutique.png","contentUrl":"https:\/\/sofraboutiques.fr\/bethune\/wp-content\/uploads\/sites\/7\/2025\/04\/cropped-logo-sofraboutique.png","width":2951,"height":1553,"caption":"Sofra-Boutiques B\u00e9thune"},"image":{"@id":"https:\/\/sofraboutiques.fr\/bethune\/#\/schema\/logo\/image\/"}}]}},"_links":{"self":[{"href":"https:\/\/sofraboutiques.fr\/bethune\/wp-json\/wp\/v2\/product\/297","targetHints":{"allow":["GET"]}}],"collection":[{"href":"https:\/\/sofraboutiques.fr\/bethune\/wp-json\/wp\/v2\/product"}],"about":[{"href":"https:\/\/sofraboutiques.fr\/bethune\/wp-json\/wp\/v2\/types\/product"}],"replies":[{"embeddable":true,"href":"https:\/\/sofraboutiques.fr\/bethune\/wp-json\/wp\/v2\/comments?post=297"}],"wp:attachment":[{"href":"https:\/\/sofraboutiques.fr\/bethune\/wp-json\/wp\/v2\/media?parent=297"}],"wp:term":[{"taxonomy":"product_brand","embeddable":true,"href":"https:\/\/sofraboutiques.fr\/bethune\/wp-json\/wp\/v2\/product_brand?post=297"},{"taxonomy":"product_cat","embeddable":true,"href":"https:\/\/sofraboutiques.fr\/bethune\/wp-json\/wp\/v2\/product_cat?post=297"},{"taxonomy":"product_tag","embeddable":true,"href":"https:\/\/sofraboutiques.fr\/bethune\/wp-json\/wp\/v2\/product_tag?post=297"}],"curies":[{"name":"wp","href":"https:\/\/api.w.org\/{rel}","templated":true}]}}