{"id":299,"date":"2025-04-23T15:53:17","date_gmt":"2025-04-23T13:53:17","guid":{"rendered":"https:\/\/sofraboutiques.fr\/bethune\/?post_type=product&#038;p=299"},"modified":"2025-04-23T15:53:20","modified_gmt":"2025-04-23T13:53:20","slug":"galette-royale-ker-cadelac-70g","status":"publish","type":"product","link":"https:\/\/sofraboutiques.fr\/bethune\/produit\/galette-royale-ker-cadelac-70g\/","title":{"rendered":"Galette Royale Ker Cadelac 70g"},"content":{"rendered":"<p>Nutri-Score : E<\/p>\n<p><b>Quantit\u00e9<\/b><span style=\"font-weight: 400;\"> : 70g<\/span><\/p>\n<p><b>Conditionnement<\/b><span style=\"font-weight: 400;\"> : Sachet<\/span><\/p>\n<p><b>Marques<\/b><span style=\"font-weight: 400;\"> : Ker Cadelac<\/span><\/p>\n<p><b>Ingr\u00e9dients<\/b><span style=\"font-weight: 400;\"> : Sucre, farine de bl\u00e9, graines de soja, beurre p\u00e2tissier, amidon modifi\u00e9 de pommes de terre, sirop de glucose-fructose, dextrose, huile de colza, \u00e9paississants : gomme guar et pectines, stabilisant : sorbitols, farine de soja, noyau d&rsquo;abricot, sel, sirop de glucose, \u00e9mulsifiant : l\u00e9cithine de soja, jaunes d&rsquo;\u0153ufs, poudres \u00e0 lever : diphosphates et carbonates de sodium, lait en poudre, lactos\u00e9rum en poudre, conservateur : sorbate de potassium, amidon de bl\u00e9, correcteur d&rsquo;acidit\u00e9 : acide citrique, colorant : carot\u00e9no\u00efdes.<\/span><\/p>\n<p><b>Allerg\u00e8nes<\/b><span style=\"font-weight: 400;\"> : \u0152ufs, Gluten, Lait, Soja<\/span><\/p>\n<p><b>Traces<\/b><span style=\"font-weight: 400;\"> :<\/span><\/p>\n<p>&nbsp;<\/p>\n<table>\n<tbody>\n<tr>\n<td><b>Tableau nutritionnel<\/b><\/td>\n<td><b>Tel que vendu<\/b><\/p>\n<p><b>pour 100 g \/ 100 ml<\/b><\/td>\n<td><b>Tel que vendu<\/b><\/p>\n<p><b>par portion (70 g)<\/b><\/td>\n<\/tr>\n<tr>\n<td><span style=\"font-weight: 400;\">\u00c9nergie<\/span><\/td>\n<td><span style=\"font-weight: 400;\">1 728 kj<\/span><\/p>\n<p><span style=\"font-weight: 400;\">(413 kcal)<\/span><\/td>\n<td><span style=\"font-weight: 400;\">1 210 kj<\/span><\/p>\n<p><span style=\"font-weight: 400;\">(289 kcal)<\/span><\/td>\n<\/tr>\n<tr>\n<td><span style=\"font-weight: 400;\">Mati\u00e8res grasses<\/span><\/td>\n<td><span style=\"font-weight: 400;\">17,14 g<\/span><\/td>\n<td><span style=\"font-weight: 400;\">12 g<\/span><\/td>\n<\/tr>\n<tr>\n<td><span style=\"font-weight: 400;\">Acides gras satur\u00e9s<\/span><\/td>\n<td><span style=\"font-weight: 400;\">14 g<\/span><\/td>\n<td><span style=\"font-weight: 400;\">9,8 g<\/span><\/td>\n<\/tr>\n<tr>\n<td><span style=\"font-weight: 400;\">Glucides<\/span><\/td>\n<td><span style=\"font-weight: 400;\">56,86 g<\/span><\/td>\n<td><span style=\"font-weight: 400;\">39,8 g<\/span><\/td>\n<\/tr>\n<tr>\n<td><span style=\"font-weight: 400;\">Sucres<\/span><\/td>\n<td><span style=\"font-weight: 400;\">36 g<\/span><\/td>\n<td><span style=\"font-weight: 400;\">25,2 g<\/span><\/td>\n<\/tr>\n<tr>\n<td><span style=\"font-weight: 400;\">Fibres alimentaires<\/span><\/td>\n<td><span style=\"font-weight: 400;\">?<\/span><\/td>\n<td><span style=\"font-weight: 400;\">?<\/span><\/td>\n<\/tr>\n<tr>\n<td><span style=\"font-weight: 400;\">Prot\u00e9ines<\/span><\/td>\n<td><span style=\"font-weight: 400;\">5,29 g<\/span><\/td>\n<td><span style=\"font-weight: 400;\">3,7 g<\/span><\/td>\n<\/tr>\n<tr>\n<td><span style=\"font-weight: 400;\">Sel<\/span><\/td>\n<td><span style=\"font-weight: 400;\">0 g<\/span><\/td>\n<td><span style=\"font-weight: 400;\">0 g<\/span><\/td>\n<\/tr>\n<tr>\n<td><span style=\"font-weight: 400;\">Fruits\u201a l\u00e9gumes\u201a noix et huiles de colza\u201a noix et olive (estimation par analyse de la liste des ingr\u00e9dients)<\/span><\/td>\n<td><span style=\"font-weight: 400;\">12,377 %<\/span><\/td>\n<td><span style=\"font-weight: 400;\">12,377 %<\/span><\/td>\n<\/tr>\n<\/tbody>\n<\/table>\n","protected":false},"excerpt":{"rendered":"<p>Nutri-Score : E Quantit\u00e9 : 70g Conditionnement : Sachet Marques : Ker Cadelac Ingr\u00e9dients : Sucre, farine de bl\u00e9, graines de soja, beurre p\u00e2tissier, amidon modifi\u00e9 de pommes de terre, sirop de glucose-fructose, dextrose, huile de colza, \u00e9paississants : gomme guar et pectines, stabilisant : sorbitols, farine de soja, noyau d&rsquo;abricot, sel, sirop de glucose,&#8230;<\/p>\n","protected":false},"featured_media":0,"comment_status":"open","ping_status":"closed","template":"","meta":{"_kad_post_transparent":"","_kad_post_title":"","_kad_post_layout":"","_kad_post_sidebar_id":"","_kad_post_content_style":"","_kad_post_vertical_padding":"","_kad_post_feature":"","_kad_post_feature_position":"","_kad_post_header":false,"_kad_post_footer":false,"_kad_post_classname":""},"product_brand":[],"product_cat":[24],"product_tag":[],"class_list":{"0":"post-299","1":"product","2":"type-product","3":"status-publish","5":"product_cat-friandises","7":"first","8":"instock","9":"virtual","10":"purchasable","11":"product-type-simple","12":"entry","13":"content-bg","14":"loop-entry"},"yoast_head":"<!-- This site is optimized with the Yoast SEO plugin v27.3 - https:\/\/yoast.com\/product\/yoast-seo-wordpress\/ -->\n<title>Galette Royale Ker Cadelac 70g - Sofra-Boutiques B\u00e9thune<\/title>\n<meta name=\"robots\" content=\"index, follow, max-snippet:-1, max-image-preview:large, max-video-preview:-1\" \/>\n<link rel=\"canonical\" href=\"https:\/\/sofraboutiques.fr\/bethune\/produit\/galette-royale-ker-cadelac-70g\/\" \/>\n<meta property=\"og:locale\" content=\"fr_FR\" \/>\n<meta property=\"og:type\" content=\"article\" \/>\n<meta property=\"og:title\" content=\"Galette Royale Ker Cadelac 70g - Sofra-Boutiques B\u00e9thune\" \/>\n<meta property=\"og:description\" content=\"Nutri-Score : E Quantit\u00e9 : 70g Conditionnement : Sachet Marques : Ker Cadelac Ingr\u00e9dients : Sucre, farine de bl\u00e9, graines de soja, beurre p\u00e2tissier, amidon modifi\u00e9 de pommes de terre, sirop de glucose-fructose, dextrose, huile de colza, \u00e9paississants : gomme guar et pectines, stabilisant : sorbitols, farine de soja, noyau d&rsquo;abricot, sel, sirop de glucose,...\" \/>\n<meta property=\"og:url\" content=\"https:\/\/sofraboutiques.fr\/bethune\/produit\/galette-royale-ker-cadelac-70g\/\" \/>\n<meta property=\"og:site_name\" content=\"Sofra-Boutiques B\u00e9thune\" \/>\n<meta property=\"article:modified_time\" content=\"2025-04-23T13:53:20+00:00\" \/>\n<meta name=\"twitter:card\" content=\"summary_large_image\" \/>\n<meta name=\"twitter:label1\" content=\"Dur\u00e9e de lecture estim\u00e9e\" \/>\n\t<meta name=\"twitter:data1\" content=\"1 minute\" \/>\n<script type=\"application\/ld+json\" class=\"yoast-schema-graph\">{\"@context\":\"https:\\\/\\\/schema.org\",\"@graph\":[{\"@type\":\"WebPage\",\"@id\":\"https:\\\/\\\/sofraboutiques.fr\\\/bethune\\\/produit\\\/galette-royale-ker-cadelac-70g\\\/\",\"url\":\"https:\\\/\\\/sofraboutiques.fr\\\/bethune\\\/produit\\\/galette-royale-ker-cadelac-70g\\\/\",\"name\":\"Galette Royale Ker Cadelac 70g - Sofra-Boutiques B\u00e9thune\",\"isPartOf\":{\"@id\":\"https:\\\/\\\/sofraboutiques.fr\\\/bethune\\\/#website\"},\"datePublished\":\"2025-04-23T13:53:17+00:00\",\"dateModified\":\"2025-04-23T13:53:20+00:00\",\"breadcrumb\":{\"@id\":\"https:\\\/\\\/sofraboutiques.fr\\\/bethune\\\/produit\\\/galette-royale-ker-cadelac-70g\\\/#breadcrumb\"},\"inLanguage\":\"fr-FR\",\"potentialAction\":[{\"@type\":\"ReadAction\",\"target\":[\"https:\\\/\\\/sofraboutiques.fr\\\/bethune\\\/produit\\\/galette-royale-ker-cadelac-70g\\\/\"]}]},{\"@type\":\"BreadcrumbList\",\"@id\":\"https:\\\/\\\/sofraboutiques.fr\\\/bethune\\\/produit\\\/galette-royale-ker-cadelac-70g\\\/#breadcrumb\",\"itemListElement\":[{\"@type\":\"ListItem\",\"position\":1,\"name\":\"Accueil\",\"item\":\"https:\\\/\\\/sofraboutiques.fr\\\/bethune\\\/\"},{\"@type\":\"ListItem\",\"position\":2,\"name\":\"Boutique\",\"item\":\"https:\\\/\\\/sofraboutiques.fr\\\/bethune\\\/\"},{\"@type\":\"ListItem\",\"position\":3,\"name\":\"Galette Royale Ker Cadelac 70g\"}]},{\"@type\":\"WebSite\",\"@id\":\"https:\\\/\\\/sofraboutiques.fr\\\/bethune\\\/#website\",\"url\":\"https:\\\/\\\/sofraboutiques.fr\\\/bethune\\\/\",\"name\":\"Sofra-Boutiques B\u00e9thune\",\"description\":\"\",\"publisher\":{\"@id\":\"https:\\\/\\\/sofraboutiques.fr\\\/bethune\\\/#organization\"},\"potentialAction\":[{\"@type\":\"SearchAction\",\"target\":{\"@type\":\"EntryPoint\",\"urlTemplate\":\"https:\\\/\\\/sofraboutiques.fr\\\/bethune\\\/?s={search_term_string}\"},\"query-input\":{\"@type\":\"PropertyValueSpecification\",\"valueRequired\":true,\"valueName\":\"search_term_string\"}}],\"inLanguage\":\"fr-FR\"},{\"@type\":\"Organization\",\"@id\":\"https:\\\/\\\/sofraboutiques.fr\\\/bethune\\\/#organization\",\"name\":\"Sofra-Boutiques B\u00e9thune\",\"url\":\"https:\\\/\\\/sofraboutiques.fr\\\/bethune\\\/\",\"logo\":{\"@type\":\"ImageObject\",\"inLanguage\":\"fr-FR\",\"@id\":\"https:\\\/\\\/sofraboutiques.fr\\\/bethune\\\/#\\\/schema\\\/logo\\\/image\\\/\",\"url\":\"https:\\\/\\\/sofraboutiques.fr\\\/bethune\\\/wp-content\\\/uploads\\\/sites\\\/7\\\/2025\\\/04\\\/cropped-logo-sofraboutique.png\",\"contentUrl\":\"https:\\\/\\\/sofraboutiques.fr\\\/bethune\\\/wp-content\\\/uploads\\\/sites\\\/7\\\/2025\\\/04\\\/cropped-logo-sofraboutique.png\",\"width\":2951,\"height\":1553,\"caption\":\"Sofra-Boutiques B\u00e9thune\"},\"image\":{\"@id\":\"https:\\\/\\\/sofraboutiques.fr\\\/bethune\\\/#\\\/schema\\\/logo\\\/image\\\/\"}}]}<\/script>\n<!-- \/ Yoast SEO plugin. -->","yoast_head_json":{"title":"Galette Royale Ker Cadelac 70g - Sofra-Boutiques B\u00e9thune","robots":{"index":"index","follow":"follow","max-snippet":"max-snippet:-1","max-image-preview":"max-image-preview:large","max-video-preview":"max-video-preview:-1"},"canonical":"https:\/\/sofraboutiques.fr\/bethune\/produit\/galette-royale-ker-cadelac-70g\/","og_locale":"fr_FR","og_type":"article","og_title":"Galette Royale Ker Cadelac 70g - Sofra-Boutiques B\u00e9thune","og_description":"Nutri-Score : E Quantit\u00e9 : 70g Conditionnement : Sachet Marques : Ker Cadelac Ingr\u00e9dients : Sucre, farine de bl\u00e9, graines de soja, beurre p\u00e2tissier, amidon modifi\u00e9 de pommes de terre, sirop de glucose-fructose, dextrose, huile de colza, \u00e9paississants : gomme guar et pectines, stabilisant : sorbitols, farine de soja, noyau d&rsquo;abricot, sel, sirop de glucose,...","og_url":"https:\/\/sofraboutiques.fr\/bethune\/produit\/galette-royale-ker-cadelac-70g\/","og_site_name":"Sofra-Boutiques B\u00e9thune","article_modified_time":"2025-04-23T13:53:20+00:00","twitter_card":"summary_large_image","twitter_misc":{"Dur\u00e9e de lecture estim\u00e9e":"1 minute"},"schema":{"@context":"https:\/\/schema.org","@graph":[{"@type":"WebPage","@id":"https:\/\/sofraboutiques.fr\/bethune\/produit\/galette-royale-ker-cadelac-70g\/","url":"https:\/\/sofraboutiques.fr\/bethune\/produit\/galette-royale-ker-cadelac-70g\/","name":"Galette Royale Ker Cadelac 70g - Sofra-Boutiques B\u00e9thune","isPartOf":{"@id":"https:\/\/sofraboutiques.fr\/bethune\/#website"},"datePublished":"2025-04-23T13:53:17+00:00","dateModified":"2025-04-23T13:53:20+00:00","breadcrumb":{"@id":"https:\/\/sofraboutiques.fr\/bethune\/produit\/galette-royale-ker-cadelac-70g\/#breadcrumb"},"inLanguage":"fr-FR","potentialAction":[{"@type":"ReadAction","target":["https:\/\/sofraboutiques.fr\/bethune\/produit\/galette-royale-ker-cadelac-70g\/"]}]},{"@type":"BreadcrumbList","@id":"https:\/\/sofraboutiques.fr\/bethune\/produit\/galette-royale-ker-cadelac-70g\/#breadcrumb","itemListElement":[{"@type":"ListItem","position":1,"name":"Accueil","item":"https:\/\/sofraboutiques.fr\/bethune\/"},{"@type":"ListItem","position":2,"name":"Boutique","item":"https:\/\/sofraboutiques.fr\/bethune\/"},{"@type":"ListItem","position":3,"name":"Galette Royale Ker Cadelac 70g"}]},{"@type":"WebSite","@id":"https:\/\/sofraboutiques.fr\/bethune\/#website","url":"https:\/\/sofraboutiques.fr\/bethune\/","name":"Sofra-Boutiques B\u00e9thune","description":"","publisher":{"@id":"https:\/\/sofraboutiques.fr\/bethune\/#organization"},"potentialAction":[{"@type":"SearchAction","target":{"@type":"EntryPoint","urlTemplate":"https:\/\/sofraboutiques.fr\/bethune\/?s={search_term_string}"},"query-input":{"@type":"PropertyValueSpecification","valueRequired":true,"valueName":"search_term_string"}}],"inLanguage":"fr-FR"},{"@type":"Organization","@id":"https:\/\/sofraboutiques.fr\/bethune\/#organization","name":"Sofra-Boutiques B\u00e9thune","url":"https:\/\/sofraboutiques.fr\/bethune\/","logo":{"@type":"ImageObject","inLanguage":"fr-FR","@id":"https:\/\/sofraboutiques.fr\/bethune\/#\/schema\/logo\/image\/","url":"https:\/\/sofraboutiques.fr\/bethune\/wp-content\/uploads\/sites\/7\/2025\/04\/cropped-logo-sofraboutique.png","contentUrl":"https:\/\/sofraboutiques.fr\/bethune\/wp-content\/uploads\/sites\/7\/2025\/04\/cropped-logo-sofraboutique.png","width":2951,"height":1553,"caption":"Sofra-Boutiques B\u00e9thune"},"image":{"@id":"https:\/\/sofraboutiques.fr\/bethune\/#\/schema\/logo\/image\/"}}]}},"_links":{"self":[{"href":"https:\/\/sofraboutiques.fr\/bethune\/wp-json\/wp\/v2\/product\/299","targetHints":{"allow":["GET"]}}],"collection":[{"href":"https:\/\/sofraboutiques.fr\/bethune\/wp-json\/wp\/v2\/product"}],"about":[{"href":"https:\/\/sofraboutiques.fr\/bethune\/wp-json\/wp\/v2\/types\/product"}],"replies":[{"embeddable":true,"href":"https:\/\/sofraboutiques.fr\/bethune\/wp-json\/wp\/v2\/comments?post=299"}],"wp:attachment":[{"href":"https:\/\/sofraboutiques.fr\/bethune\/wp-json\/wp\/v2\/media?parent=299"}],"wp:term":[{"taxonomy":"product_brand","embeddable":true,"href":"https:\/\/sofraboutiques.fr\/bethune\/wp-json\/wp\/v2\/product_brand?post=299"},{"taxonomy":"product_cat","embeddable":true,"href":"https:\/\/sofraboutiques.fr\/bethune\/wp-json\/wp\/v2\/product_cat?post=299"},{"taxonomy":"product_tag","embeddable":true,"href":"https:\/\/sofraboutiques.fr\/bethune\/wp-json\/wp\/v2\/product_tag?post=299"}],"curies":[{"name":"wp","href":"https:\/\/api.w.org\/{rel}","templated":true}]}}