{"id":321,"date":"2025-04-23T15:53:19","date_gmt":"2025-04-23T13:53:19","guid":{"rendered":"https:\/\/sofraboutiques.fr\/bethune\/?post_type=product&#038;p=321"},"modified":"2025-04-23T15:53:23","modified_gmt":"2025-04-23T13:53:23","slug":"kit-kat-chunky-40g","status":"publish","type":"product","link":"https:\/\/sofraboutiques.fr\/bethune\/produit\/kit-kat-chunky-40g\/","title":{"rendered":"Kit Kat Chunky 40g"},"content":{"rendered":"<p>Nutri-Score : E<\/p>\n<p><b>Quantit\u00e9<\/b><span style=\"font-weight: 400;\"> : 40g<\/span><\/p>\n<p><b>Conditionnement<\/b><span style=\"font-weight: 400;\"> : Sachet<\/span><\/p>\n<p><b>Marques<\/b><span style=\"font-weight: 400;\"> : Nestl\u00e9<\/span><\/p>\n<p><b>Ingr\u00e9dients<\/b><span style=\"font-weight: 400;\"> : Sucre, farine de BL\u00c9 , LAIT \u00e9cr\u00e9m\u00e9 en poudre , graisses v\u00e9g\u00e9tales (palme, karit\u00e9), p\u00e2te de cacao, beurre de cacao, mati\u00e8res grasses du LAIT , LACTOS\u00c9RUM en poudre (de LAIT ), cacao maigre en poudre, \u00e9mulsifiant (l\u00e9cithines), agent de d\u00e9moulage (carbonates de sodium)<\/span><\/p>\n<p><b>Allerg\u00e8nes<\/b><span style=\"font-weight: 400;\"> : Gluten, Lait<\/span><\/p>\n<p><b>Traces<\/b><span style=\"font-weight: 400;\"> :<\/span><\/p>\n<p>&nbsp;<\/p>\n<table>\n<tbody>\n<tr>\n<td><b>Tableau nutritionnel<\/b><\/td>\n<td><b>Tel que vendu<\/b><\/p>\n<p><b>pour 100 g \/ 100 ml<\/b><\/td>\n<\/tr>\n<tr>\n<td><span style=\"font-weight: 400;\">\u00c9nergie<\/span><\/td>\n<td><span style=\"font-weight: 400;\">2 160 kj<\/span><\/p>\n<p><span style=\"font-weight: 400;\">(516 kcal)<\/span><\/td>\n<\/tr>\n<tr>\n<td><span style=\"font-weight: 400;\">Mati\u00e8res grasses<\/span><\/td>\n<td><span style=\"font-weight: 400;\">27 g<\/span><\/td>\n<\/tr>\n<tr>\n<td><span style=\"font-weight: 400;\">Acides gras satur\u00e9s<\/span><\/td>\n<td><span style=\"font-weight: 400;\">15,2 g<\/span><\/td>\n<\/tr>\n<tr>\n<td><span style=\"font-weight: 400;\">Glucides<\/span><\/td>\n<td><span style=\"font-weight: 400;\">58,8 g<\/span><\/td>\n<\/tr>\n<tr>\n<td><span style=\"font-weight: 400;\">Sucres<\/span><\/td>\n<td><span style=\"font-weight: 400;\">46,7 g<\/span><\/td>\n<\/tr>\n<tr>\n<td><span style=\"font-weight: 400;\">Fibres alimentaires<\/span><\/td>\n<td><span style=\"font-weight: 400;\">2,4 g<\/span><\/td>\n<\/tr>\n<tr>\n<td><span style=\"font-weight: 400;\">Prot\u00e9ines<\/span><\/td>\n<td><span style=\"font-weight: 400;\">7,8 g<\/span><\/td>\n<\/tr>\n<tr>\n<td><span style=\"font-weight: 400;\">Sel<\/span><\/td>\n<td><span style=\"font-weight: 400;\">0,22 g<\/span><\/td>\n<\/tr>\n<tr>\n<td><span style=\"font-weight: 400;\">Fruits\u201a l\u00e9gumes\u201a noix et huiles de colza\u201a noix et olive (estimation par analyse de la liste des ingr\u00e9dients)<\/span><\/td>\n<td><span style=\"font-weight: 400;\">0 %<\/span><\/td>\n<\/tr>\n<\/tbody>\n<\/table>\n","protected":false},"excerpt":{"rendered":"<p>Nutri-Score : E Quantit\u00e9 : 40g Conditionnement : Sachet Marques : Nestl\u00e9 Ingr\u00e9dients : Sucre, farine de BL\u00c9 , LAIT \u00e9cr\u00e9m\u00e9 en poudre , graisses v\u00e9g\u00e9tales (palme, karit\u00e9), p\u00e2te de cacao, beurre de cacao, mati\u00e8res grasses du LAIT , LACTOS\u00c9RUM en poudre (de LAIT ), cacao maigre en poudre, \u00e9mulsifiant (l\u00e9cithines), agent de d\u00e9moulage (carbonates&#8230;<\/p>\n","protected":false},"featured_media":0,"comment_status":"open","ping_status":"closed","template":"","meta":{"_kad_post_transparent":"","_kad_post_title":"","_kad_post_layout":"","_kad_post_sidebar_id":"","_kad_post_content_style":"","_kad_post_vertical_padding":"","_kad_post_feature":"","_kad_post_feature_position":"","_kad_post_header":false,"_kad_post_footer":false,"_kad_post_classname":""},"product_brand":[],"product_cat":[24],"product_tag":[],"class_list":{"0":"post-321","1":"product","2":"type-product","3":"status-publish","5":"product_cat-friandises","7":"first","8":"instock","9":"virtual","10":"purchasable","11":"product-type-simple","12":"entry","13":"content-bg","14":"loop-entry"},"yoast_head":"<!-- This site is optimized with the Yoast SEO plugin v27.3 - https:\/\/yoast.com\/product\/yoast-seo-wordpress\/ -->\n<title>Kit Kat Chunky 40g - Sofra-Boutiques B\u00e9thune<\/title>\n<meta name=\"robots\" content=\"index, follow, max-snippet:-1, max-image-preview:large, max-video-preview:-1\" \/>\n<link rel=\"canonical\" href=\"https:\/\/sofraboutiques.fr\/bethune\/produit\/kit-kat-chunky-40g\/\" \/>\n<meta property=\"og:locale\" content=\"fr_FR\" \/>\n<meta property=\"og:type\" content=\"article\" \/>\n<meta property=\"og:title\" content=\"Kit Kat Chunky 40g - Sofra-Boutiques B\u00e9thune\" \/>\n<meta property=\"og:description\" content=\"Nutri-Score : E Quantit\u00e9 : 40g Conditionnement : Sachet Marques : Nestl\u00e9 Ingr\u00e9dients : Sucre, farine de BL\u00c9 , LAIT \u00e9cr\u00e9m\u00e9 en poudre , graisses v\u00e9g\u00e9tales (palme, karit\u00e9), p\u00e2te de cacao, beurre de cacao, mati\u00e8res grasses du LAIT , LACTOS\u00c9RUM en poudre (de LAIT ), cacao maigre en poudre, \u00e9mulsifiant (l\u00e9cithines), agent de d\u00e9moulage (carbonates...\" \/>\n<meta property=\"og:url\" content=\"https:\/\/sofraboutiques.fr\/bethune\/produit\/kit-kat-chunky-40g\/\" \/>\n<meta property=\"og:site_name\" content=\"Sofra-Boutiques B\u00e9thune\" \/>\n<meta property=\"article:modified_time\" content=\"2025-04-23T13:53:23+00:00\" \/>\n<meta name=\"twitter:card\" content=\"summary_large_image\" \/>\n<meta name=\"twitter:label1\" content=\"Dur\u00e9e de lecture estim\u00e9e\" \/>\n\t<meta name=\"twitter:data1\" content=\"1 minute\" \/>\n<script type=\"application\/ld+json\" class=\"yoast-schema-graph\">{\"@context\":\"https:\\\/\\\/schema.org\",\"@graph\":[{\"@type\":\"WebPage\",\"@id\":\"https:\\\/\\\/sofraboutiques.fr\\\/bethune\\\/produit\\\/kit-kat-chunky-40g\\\/\",\"url\":\"https:\\\/\\\/sofraboutiques.fr\\\/bethune\\\/produit\\\/kit-kat-chunky-40g\\\/\",\"name\":\"Kit Kat Chunky 40g - Sofra-Boutiques B\u00e9thune\",\"isPartOf\":{\"@id\":\"https:\\\/\\\/sofraboutiques.fr\\\/bethune\\\/#website\"},\"datePublished\":\"2025-04-23T13:53:19+00:00\",\"dateModified\":\"2025-04-23T13:53:23+00:00\",\"breadcrumb\":{\"@id\":\"https:\\\/\\\/sofraboutiques.fr\\\/bethune\\\/produit\\\/kit-kat-chunky-40g\\\/#breadcrumb\"},\"inLanguage\":\"fr-FR\",\"potentialAction\":[{\"@type\":\"ReadAction\",\"target\":[\"https:\\\/\\\/sofraboutiques.fr\\\/bethune\\\/produit\\\/kit-kat-chunky-40g\\\/\"]}]},{\"@type\":\"BreadcrumbList\",\"@id\":\"https:\\\/\\\/sofraboutiques.fr\\\/bethune\\\/produit\\\/kit-kat-chunky-40g\\\/#breadcrumb\",\"itemListElement\":[{\"@type\":\"ListItem\",\"position\":1,\"name\":\"Accueil\",\"item\":\"https:\\\/\\\/sofraboutiques.fr\\\/bethune\\\/\"},{\"@type\":\"ListItem\",\"position\":2,\"name\":\"Boutique\",\"item\":\"https:\\\/\\\/sofraboutiques.fr\\\/bethune\\\/\"},{\"@type\":\"ListItem\",\"position\":3,\"name\":\"Kit Kat Chunky 40g\"}]},{\"@type\":\"WebSite\",\"@id\":\"https:\\\/\\\/sofraboutiques.fr\\\/bethune\\\/#website\",\"url\":\"https:\\\/\\\/sofraboutiques.fr\\\/bethune\\\/\",\"name\":\"Sofra-Boutiques B\u00e9thune\",\"description\":\"\",\"publisher\":{\"@id\":\"https:\\\/\\\/sofraboutiques.fr\\\/bethune\\\/#organization\"},\"potentialAction\":[{\"@type\":\"SearchAction\",\"target\":{\"@type\":\"EntryPoint\",\"urlTemplate\":\"https:\\\/\\\/sofraboutiques.fr\\\/bethune\\\/?s={search_term_string}\"},\"query-input\":{\"@type\":\"PropertyValueSpecification\",\"valueRequired\":true,\"valueName\":\"search_term_string\"}}],\"inLanguage\":\"fr-FR\"},{\"@type\":\"Organization\",\"@id\":\"https:\\\/\\\/sofraboutiques.fr\\\/bethune\\\/#organization\",\"name\":\"Sofra-Boutiques B\u00e9thune\",\"url\":\"https:\\\/\\\/sofraboutiques.fr\\\/bethune\\\/\",\"logo\":{\"@type\":\"ImageObject\",\"inLanguage\":\"fr-FR\",\"@id\":\"https:\\\/\\\/sofraboutiques.fr\\\/bethune\\\/#\\\/schema\\\/logo\\\/image\\\/\",\"url\":\"https:\\\/\\\/sofraboutiques.fr\\\/bethune\\\/wp-content\\\/uploads\\\/sites\\\/7\\\/2025\\\/04\\\/cropped-logo-sofraboutique.png\",\"contentUrl\":\"https:\\\/\\\/sofraboutiques.fr\\\/bethune\\\/wp-content\\\/uploads\\\/sites\\\/7\\\/2025\\\/04\\\/cropped-logo-sofraboutique.png\",\"width\":2951,\"height\":1553,\"caption\":\"Sofra-Boutiques B\u00e9thune\"},\"image\":{\"@id\":\"https:\\\/\\\/sofraboutiques.fr\\\/bethune\\\/#\\\/schema\\\/logo\\\/image\\\/\"}}]}<\/script>\n<!-- \/ Yoast SEO plugin. -->","yoast_head_json":{"title":"Kit Kat Chunky 40g - Sofra-Boutiques B\u00e9thune","robots":{"index":"index","follow":"follow","max-snippet":"max-snippet:-1","max-image-preview":"max-image-preview:large","max-video-preview":"max-video-preview:-1"},"canonical":"https:\/\/sofraboutiques.fr\/bethune\/produit\/kit-kat-chunky-40g\/","og_locale":"fr_FR","og_type":"article","og_title":"Kit Kat Chunky 40g - Sofra-Boutiques B\u00e9thune","og_description":"Nutri-Score : E Quantit\u00e9 : 40g Conditionnement : Sachet Marques : Nestl\u00e9 Ingr\u00e9dients : Sucre, farine de BL\u00c9 , LAIT \u00e9cr\u00e9m\u00e9 en poudre , graisses v\u00e9g\u00e9tales (palme, karit\u00e9), p\u00e2te de cacao, beurre de cacao, mati\u00e8res grasses du LAIT , LACTOS\u00c9RUM en poudre (de LAIT ), cacao maigre en poudre, \u00e9mulsifiant (l\u00e9cithines), agent de d\u00e9moulage (carbonates...","og_url":"https:\/\/sofraboutiques.fr\/bethune\/produit\/kit-kat-chunky-40g\/","og_site_name":"Sofra-Boutiques B\u00e9thune","article_modified_time":"2025-04-23T13:53:23+00:00","twitter_card":"summary_large_image","twitter_misc":{"Dur\u00e9e de lecture estim\u00e9e":"1 minute"},"schema":{"@context":"https:\/\/schema.org","@graph":[{"@type":"WebPage","@id":"https:\/\/sofraboutiques.fr\/bethune\/produit\/kit-kat-chunky-40g\/","url":"https:\/\/sofraboutiques.fr\/bethune\/produit\/kit-kat-chunky-40g\/","name":"Kit Kat Chunky 40g - Sofra-Boutiques B\u00e9thune","isPartOf":{"@id":"https:\/\/sofraboutiques.fr\/bethune\/#website"},"datePublished":"2025-04-23T13:53:19+00:00","dateModified":"2025-04-23T13:53:23+00:00","breadcrumb":{"@id":"https:\/\/sofraboutiques.fr\/bethune\/produit\/kit-kat-chunky-40g\/#breadcrumb"},"inLanguage":"fr-FR","potentialAction":[{"@type":"ReadAction","target":["https:\/\/sofraboutiques.fr\/bethune\/produit\/kit-kat-chunky-40g\/"]}]},{"@type":"BreadcrumbList","@id":"https:\/\/sofraboutiques.fr\/bethune\/produit\/kit-kat-chunky-40g\/#breadcrumb","itemListElement":[{"@type":"ListItem","position":1,"name":"Accueil","item":"https:\/\/sofraboutiques.fr\/bethune\/"},{"@type":"ListItem","position":2,"name":"Boutique","item":"https:\/\/sofraboutiques.fr\/bethune\/"},{"@type":"ListItem","position":3,"name":"Kit Kat Chunky 40g"}]},{"@type":"WebSite","@id":"https:\/\/sofraboutiques.fr\/bethune\/#website","url":"https:\/\/sofraboutiques.fr\/bethune\/","name":"Sofra-Boutiques B\u00e9thune","description":"","publisher":{"@id":"https:\/\/sofraboutiques.fr\/bethune\/#organization"},"potentialAction":[{"@type":"SearchAction","target":{"@type":"EntryPoint","urlTemplate":"https:\/\/sofraboutiques.fr\/bethune\/?s={search_term_string}"},"query-input":{"@type":"PropertyValueSpecification","valueRequired":true,"valueName":"search_term_string"}}],"inLanguage":"fr-FR"},{"@type":"Organization","@id":"https:\/\/sofraboutiques.fr\/bethune\/#organization","name":"Sofra-Boutiques B\u00e9thune","url":"https:\/\/sofraboutiques.fr\/bethune\/","logo":{"@type":"ImageObject","inLanguage":"fr-FR","@id":"https:\/\/sofraboutiques.fr\/bethune\/#\/schema\/logo\/image\/","url":"https:\/\/sofraboutiques.fr\/bethune\/wp-content\/uploads\/sites\/7\/2025\/04\/cropped-logo-sofraboutique.png","contentUrl":"https:\/\/sofraboutiques.fr\/bethune\/wp-content\/uploads\/sites\/7\/2025\/04\/cropped-logo-sofraboutique.png","width":2951,"height":1553,"caption":"Sofra-Boutiques B\u00e9thune"},"image":{"@id":"https:\/\/sofraboutiques.fr\/bethune\/#\/schema\/logo\/image\/"}}]}},"_links":{"self":[{"href":"https:\/\/sofraboutiques.fr\/bethune\/wp-json\/wp\/v2\/product\/321","targetHints":{"allow":["GET"]}}],"collection":[{"href":"https:\/\/sofraboutiques.fr\/bethune\/wp-json\/wp\/v2\/product"}],"about":[{"href":"https:\/\/sofraboutiques.fr\/bethune\/wp-json\/wp\/v2\/types\/product"}],"replies":[{"embeddable":true,"href":"https:\/\/sofraboutiques.fr\/bethune\/wp-json\/wp\/v2\/comments?post=321"}],"wp:attachment":[{"href":"https:\/\/sofraboutiques.fr\/bethune\/wp-json\/wp\/v2\/media?parent=321"}],"wp:term":[{"taxonomy":"product_brand","embeddable":true,"href":"https:\/\/sofraboutiques.fr\/bethune\/wp-json\/wp\/v2\/product_brand?post=321"},{"taxonomy":"product_cat","embeddable":true,"href":"https:\/\/sofraboutiques.fr\/bethune\/wp-json\/wp\/v2\/product_cat?post=321"},{"taxonomy":"product_tag","embeddable":true,"href":"https:\/\/sofraboutiques.fr\/bethune\/wp-json\/wp\/v2\/product_tag?post=321"}],"curies":[{"name":"wp","href":"https:\/\/api.w.org\/{rel}","templated":true}]}}