{"id":378,"date":"2025-04-23T15:53:35","date_gmt":"2025-04-23T13:53:35","guid":{"rendered":"https:\/\/sofraboutiques.fr\/bethune\/?post_type=product&#038;p=378"},"modified":"2025-04-23T15:53:38","modified_gmt":"2025-04-23T13:53:38","slug":"eat-natural-barre-sans-gluten-chocolat-noir-cranberries-amandes-noix-de-coco","status":"publish","type":"product","link":"https:\/\/sofraboutiques.fr\/bethune\/produit\/eat-natural-barre-sans-gluten-chocolat-noir-cranberries-amandes-noix-de-coco\/","title":{"rendered":"Eat natural barre sans gluten chocolat noir, cranberries, amandes noix de coco"},"content":{"rendered":"<p><b>Nutri-Score : E<\/b><\/p>\n<p><b>Quantit\u00e9<\/b> : 40g<\/p>\n<p><b>Conditionnement<\/b>\u00a0: Sachet<\/p>\n<p><b>Marques<\/b> : Eat natural<\/p>\n<p><b>Ingr\u00e9dients<\/b> : chocolat noir 20% (p\u00e2te de cacao, sucre de canne, beurre de cacao), raisins secs (raisins secs 15%**, huile de tournesol), sirop de riz, noix de coco d\u00e9shydrat\u00e9e 11%,\u00a0<strong>AMANDES<\/strong>\u00a09%, canneberges sucr\u00e9es s\u00e9ch\u00e9es (canneberges s\u00e9ch\u00e9es 5%**, concentr\u00e9 de jus de pomme, huile de tournesol), miel, copeaux de noix de coco d\u00e9shydrat\u00e9s 7%, billes croustillantes de riz,\u00a0<strong>CACAHUETES.<\/strong><\/p>\n<p>**<em>dans le produit fini<\/em>.<\/p>\n<p><b>Allerg\u00e8nes<\/b> : SOJA, LAIT, NOISETTES, NOIX, NOIX DE CAJOU, NOIX DE PECAN, NOIX DU BRESIL, PISTACHES, NOIX DE MACADAMIA.<\/p>\n<p><b>Tableau nutritionnel :<\/b><\/p>\n<table>\n<thead>\n<tr>\n<th>Pour 100 g<\/th>\n<th>Par pi\u00e8ce (40 g)<\/th>\n<th>%* Par pi\u00e8ce (40g)<\/th>\n<\/tr>\n<\/thead>\n<tbody>\n<tr>\n<th>Energie<\/th>\n<td>2018kJ<br \/>\n483kcal<\/td>\n<td>808kJ<br \/>\n193kcal<\/td>\n<td>10<\/td>\n<\/tr>\n<tr>\n<th>Mati\u00e8res grasses<\/th>\n<td>25,4g<\/td>\n<td>10,2g<\/td>\n<td>15<\/td>\n<\/tr>\n<tr>\n<th>dont acides gras satur\u00e9s<\/th>\n<td>16,3g<\/td>\n<td>6,5g<\/td>\n<td>33<\/td>\n<\/tr>\n<tr>\n<th>Glucides<\/th>\n<td>53,5g<\/td>\n<td>21,4g<\/td>\n<td>8<\/td>\n<\/tr>\n<tr>\n<th>dont sucres<\/th>\n<td>36,0g<\/td>\n<td>14,4g<\/td>\n<td>16<\/td>\n<\/tr>\n<tr>\n<th>Fibres alimentaires<\/th>\n<td>8,0g<\/td>\n<td>3,2g<\/td>\n<td><\/td>\n<\/tr>\n<tr>\n<th>Prot\u00e9ines<\/th>\n<td>6,1g<\/td>\n<td>2,4g<\/td>\n<td>5<\/td>\n<\/tr>\n<tr>\n<th>Sel<\/th>\n<td>0,035g<\/td>\n<td>0,014g<\/td>\n<td>0<\/td>\n<\/tr>\n<\/tbody>\n<\/table>\n<p>*Apport de r\u00e9f\u00e9rence pour un adulte-type (8 400 kJ\/2 000 kcal)<\/p>\n","protected":false},"excerpt":{"rendered":"<p>Nutri-Score : E Quantit\u00e9 : 40g Conditionnement\u00a0: Sachet Marques : Eat natural Ingr\u00e9dients : chocolat noir 20% (p\u00e2te de cacao, sucre de canne, beurre de cacao), raisins secs (raisins secs 15%**, huile de tournesol), sirop de riz, noix de coco d\u00e9shydrat\u00e9e 11%,\u00a0AMANDES\u00a09%, canneberges sucr\u00e9es s\u00e9ch\u00e9es (canneberges s\u00e9ch\u00e9es 5%**, concentr\u00e9 de jus de pomme, huile de&#8230;<\/p>\n","protected":false},"featured_media":0,"comment_status":"open","ping_status":"closed","template":"","meta":{"_kad_post_transparent":"","_kad_post_title":"","_kad_post_layout":"","_kad_post_sidebar_id":"","_kad_post_content_style":"","_kad_post_vertical_padding":"","_kad_post_feature":"","_kad_post_feature_position":"","_kad_post_header":false,"_kad_post_footer":false,"_kad_post_classname":""},"product_brand":[],"product_cat":[24],"product_tag":[],"class_list":{"0":"post-378","1":"product","2":"type-product","3":"status-publish","5":"product_cat-friandises","7":"first","8":"outofstock","9":"virtual","10":"purchasable","11":"product-type-simple","12":"entry","13":"content-bg","14":"loop-entry"},"yoast_head":"<!-- This site is optimized with the Yoast SEO plugin v27.3 - https:\/\/yoast.com\/product\/yoast-seo-wordpress\/ -->\n<title>Eat natural barre sans gluten chocolat noir, cranberries, amandes noix de coco - Sofra-Boutiques B\u00e9thune<\/title>\n<meta name=\"robots\" content=\"index, follow, max-snippet:-1, max-image-preview:large, max-video-preview:-1\" \/>\n<link rel=\"canonical\" href=\"https:\/\/sofraboutiques.fr\/bethune\/produit\/eat-natural-barre-sans-gluten-chocolat-noir-cranberries-amandes-noix-de-coco\/\" \/>\n<meta property=\"og:locale\" content=\"fr_FR\" \/>\n<meta property=\"og:type\" content=\"article\" \/>\n<meta property=\"og:title\" content=\"Eat natural barre sans gluten chocolat noir, cranberries, amandes noix de coco - Sofra-Boutiques B\u00e9thune\" \/>\n<meta property=\"og:description\" content=\"Nutri-Score : E Quantit\u00e9 : 40g Conditionnement\u00a0: Sachet Marques : Eat natural Ingr\u00e9dients : chocolat noir 20% (p\u00e2te de cacao, sucre de canne, beurre de cacao), raisins secs (raisins secs 15%**, huile de tournesol), sirop de riz, noix de coco d\u00e9shydrat\u00e9e 11%,\u00a0AMANDES\u00a09%, canneberges sucr\u00e9es s\u00e9ch\u00e9es (canneberges s\u00e9ch\u00e9es 5%**, concentr\u00e9 de jus de pomme, huile de...\" \/>\n<meta property=\"og:url\" content=\"https:\/\/sofraboutiques.fr\/bethune\/produit\/eat-natural-barre-sans-gluten-chocolat-noir-cranberries-amandes-noix-de-coco\/\" \/>\n<meta property=\"og:site_name\" content=\"Sofra-Boutiques B\u00e9thune\" \/>\n<meta property=\"article:modified_time\" content=\"2025-04-23T13:53:38+00:00\" \/>\n<meta name=\"twitter:card\" content=\"summary_large_image\" \/>\n<meta name=\"twitter:label1\" content=\"Dur\u00e9e de lecture estim\u00e9e\" \/>\n\t<meta name=\"twitter:data1\" content=\"1 minute\" \/>\n<script type=\"application\/ld+json\" class=\"yoast-schema-graph\">{\"@context\":\"https:\\\/\\\/schema.org\",\"@graph\":[{\"@type\":\"WebPage\",\"@id\":\"https:\\\/\\\/sofraboutiques.fr\\\/bethune\\\/produit\\\/eat-natural-barre-sans-gluten-chocolat-noir-cranberries-amandes-noix-de-coco\\\/\",\"url\":\"https:\\\/\\\/sofraboutiques.fr\\\/bethune\\\/produit\\\/eat-natural-barre-sans-gluten-chocolat-noir-cranberries-amandes-noix-de-coco\\\/\",\"name\":\"Eat natural barre sans gluten chocolat noir, cranberries, amandes noix de coco - Sofra-Boutiques B\u00e9thune\",\"isPartOf\":{\"@id\":\"https:\\\/\\\/sofraboutiques.fr\\\/bethune\\\/#website\"},\"datePublished\":\"2025-04-23T13:53:35+00:00\",\"dateModified\":\"2025-04-23T13:53:38+00:00\",\"breadcrumb\":{\"@id\":\"https:\\\/\\\/sofraboutiques.fr\\\/bethune\\\/produit\\\/eat-natural-barre-sans-gluten-chocolat-noir-cranberries-amandes-noix-de-coco\\\/#breadcrumb\"},\"inLanguage\":\"fr-FR\",\"potentialAction\":[{\"@type\":\"ReadAction\",\"target\":[\"https:\\\/\\\/sofraboutiques.fr\\\/bethune\\\/produit\\\/eat-natural-barre-sans-gluten-chocolat-noir-cranberries-amandes-noix-de-coco\\\/\"]}]},{\"@type\":\"BreadcrumbList\",\"@id\":\"https:\\\/\\\/sofraboutiques.fr\\\/bethune\\\/produit\\\/eat-natural-barre-sans-gluten-chocolat-noir-cranberries-amandes-noix-de-coco\\\/#breadcrumb\",\"itemListElement\":[{\"@type\":\"ListItem\",\"position\":1,\"name\":\"Accueil\",\"item\":\"https:\\\/\\\/sofraboutiques.fr\\\/bethune\\\/\"},{\"@type\":\"ListItem\",\"position\":2,\"name\":\"Boutique\",\"item\":\"https:\\\/\\\/sofraboutiques.fr\\\/bethune\\\/\"},{\"@type\":\"ListItem\",\"position\":3,\"name\":\"Eat natural barre sans gluten chocolat noir, cranberries, amandes noix de coco\"}]},{\"@type\":\"WebSite\",\"@id\":\"https:\\\/\\\/sofraboutiques.fr\\\/bethune\\\/#website\",\"url\":\"https:\\\/\\\/sofraboutiques.fr\\\/bethune\\\/\",\"name\":\"Sofra-Boutiques B\u00e9thune\",\"description\":\"\",\"publisher\":{\"@id\":\"https:\\\/\\\/sofraboutiques.fr\\\/bethune\\\/#organization\"},\"potentialAction\":[{\"@type\":\"SearchAction\",\"target\":{\"@type\":\"EntryPoint\",\"urlTemplate\":\"https:\\\/\\\/sofraboutiques.fr\\\/bethune\\\/?s={search_term_string}\"},\"query-input\":{\"@type\":\"PropertyValueSpecification\",\"valueRequired\":true,\"valueName\":\"search_term_string\"}}],\"inLanguage\":\"fr-FR\"},{\"@type\":\"Organization\",\"@id\":\"https:\\\/\\\/sofraboutiques.fr\\\/bethune\\\/#organization\",\"name\":\"Sofra-Boutiques B\u00e9thune\",\"url\":\"https:\\\/\\\/sofraboutiques.fr\\\/bethune\\\/\",\"logo\":{\"@type\":\"ImageObject\",\"inLanguage\":\"fr-FR\",\"@id\":\"https:\\\/\\\/sofraboutiques.fr\\\/bethune\\\/#\\\/schema\\\/logo\\\/image\\\/\",\"url\":\"https:\\\/\\\/sofraboutiques.fr\\\/bethune\\\/wp-content\\\/uploads\\\/sites\\\/7\\\/2025\\\/04\\\/cropped-logo-sofraboutique.png\",\"contentUrl\":\"https:\\\/\\\/sofraboutiques.fr\\\/bethune\\\/wp-content\\\/uploads\\\/sites\\\/7\\\/2025\\\/04\\\/cropped-logo-sofraboutique.png\",\"width\":2951,\"height\":1553,\"caption\":\"Sofra-Boutiques B\u00e9thune\"},\"image\":{\"@id\":\"https:\\\/\\\/sofraboutiques.fr\\\/bethune\\\/#\\\/schema\\\/logo\\\/image\\\/\"}}]}<\/script>\n<!-- \/ Yoast SEO plugin. -->","yoast_head_json":{"title":"Eat natural barre sans gluten chocolat noir, cranberries, amandes noix de coco - Sofra-Boutiques B\u00e9thune","robots":{"index":"index","follow":"follow","max-snippet":"max-snippet:-1","max-image-preview":"max-image-preview:large","max-video-preview":"max-video-preview:-1"},"canonical":"https:\/\/sofraboutiques.fr\/bethune\/produit\/eat-natural-barre-sans-gluten-chocolat-noir-cranberries-amandes-noix-de-coco\/","og_locale":"fr_FR","og_type":"article","og_title":"Eat natural barre sans gluten chocolat noir, cranberries, amandes noix de coco - Sofra-Boutiques B\u00e9thune","og_description":"Nutri-Score : E Quantit\u00e9 : 40g Conditionnement\u00a0: Sachet Marques : Eat natural Ingr\u00e9dients : chocolat noir 20% (p\u00e2te de cacao, sucre de canne, beurre de cacao), raisins secs (raisins secs 15%**, huile de tournesol), sirop de riz, noix de coco d\u00e9shydrat\u00e9e 11%,\u00a0AMANDES\u00a09%, canneberges sucr\u00e9es s\u00e9ch\u00e9es (canneberges s\u00e9ch\u00e9es 5%**, concentr\u00e9 de jus de pomme, huile de...","og_url":"https:\/\/sofraboutiques.fr\/bethune\/produit\/eat-natural-barre-sans-gluten-chocolat-noir-cranberries-amandes-noix-de-coco\/","og_site_name":"Sofra-Boutiques B\u00e9thune","article_modified_time":"2025-04-23T13:53:38+00:00","twitter_card":"summary_large_image","twitter_misc":{"Dur\u00e9e de lecture estim\u00e9e":"1 minute"},"schema":{"@context":"https:\/\/schema.org","@graph":[{"@type":"WebPage","@id":"https:\/\/sofraboutiques.fr\/bethune\/produit\/eat-natural-barre-sans-gluten-chocolat-noir-cranberries-amandes-noix-de-coco\/","url":"https:\/\/sofraboutiques.fr\/bethune\/produit\/eat-natural-barre-sans-gluten-chocolat-noir-cranberries-amandes-noix-de-coco\/","name":"Eat natural barre sans gluten chocolat noir, cranberries, amandes noix de coco - Sofra-Boutiques B\u00e9thune","isPartOf":{"@id":"https:\/\/sofraboutiques.fr\/bethune\/#website"},"datePublished":"2025-04-23T13:53:35+00:00","dateModified":"2025-04-23T13:53:38+00:00","breadcrumb":{"@id":"https:\/\/sofraboutiques.fr\/bethune\/produit\/eat-natural-barre-sans-gluten-chocolat-noir-cranberries-amandes-noix-de-coco\/#breadcrumb"},"inLanguage":"fr-FR","potentialAction":[{"@type":"ReadAction","target":["https:\/\/sofraboutiques.fr\/bethune\/produit\/eat-natural-barre-sans-gluten-chocolat-noir-cranberries-amandes-noix-de-coco\/"]}]},{"@type":"BreadcrumbList","@id":"https:\/\/sofraboutiques.fr\/bethune\/produit\/eat-natural-barre-sans-gluten-chocolat-noir-cranberries-amandes-noix-de-coco\/#breadcrumb","itemListElement":[{"@type":"ListItem","position":1,"name":"Accueil","item":"https:\/\/sofraboutiques.fr\/bethune\/"},{"@type":"ListItem","position":2,"name":"Boutique","item":"https:\/\/sofraboutiques.fr\/bethune\/"},{"@type":"ListItem","position":3,"name":"Eat natural barre sans gluten chocolat noir, cranberries, amandes noix de coco"}]},{"@type":"WebSite","@id":"https:\/\/sofraboutiques.fr\/bethune\/#website","url":"https:\/\/sofraboutiques.fr\/bethune\/","name":"Sofra-Boutiques B\u00e9thune","description":"","publisher":{"@id":"https:\/\/sofraboutiques.fr\/bethune\/#organization"},"potentialAction":[{"@type":"SearchAction","target":{"@type":"EntryPoint","urlTemplate":"https:\/\/sofraboutiques.fr\/bethune\/?s={search_term_string}"},"query-input":{"@type":"PropertyValueSpecification","valueRequired":true,"valueName":"search_term_string"}}],"inLanguage":"fr-FR"},{"@type":"Organization","@id":"https:\/\/sofraboutiques.fr\/bethune\/#organization","name":"Sofra-Boutiques B\u00e9thune","url":"https:\/\/sofraboutiques.fr\/bethune\/","logo":{"@type":"ImageObject","inLanguage":"fr-FR","@id":"https:\/\/sofraboutiques.fr\/bethune\/#\/schema\/logo\/image\/","url":"https:\/\/sofraboutiques.fr\/bethune\/wp-content\/uploads\/sites\/7\/2025\/04\/cropped-logo-sofraboutique.png","contentUrl":"https:\/\/sofraboutiques.fr\/bethune\/wp-content\/uploads\/sites\/7\/2025\/04\/cropped-logo-sofraboutique.png","width":2951,"height":1553,"caption":"Sofra-Boutiques B\u00e9thune"},"image":{"@id":"https:\/\/sofraboutiques.fr\/bethune\/#\/schema\/logo\/image\/"}}]}},"_links":{"self":[{"href":"https:\/\/sofraboutiques.fr\/bethune\/wp-json\/wp\/v2\/product\/378","targetHints":{"allow":["GET"]}}],"collection":[{"href":"https:\/\/sofraboutiques.fr\/bethune\/wp-json\/wp\/v2\/product"}],"about":[{"href":"https:\/\/sofraboutiques.fr\/bethune\/wp-json\/wp\/v2\/types\/product"}],"replies":[{"embeddable":true,"href":"https:\/\/sofraboutiques.fr\/bethune\/wp-json\/wp\/v2\/comments?post=378"}],"wp:attachment":[{"href":"https:\/\/sofraboutiques.fr\/bethune\/wp-json\/wp\/v2\/media?parent=378"}],"wp:term":[{"taxonomy":"product_brand","embeddable":true,"href":"https:\/\/sofraboutiques.fr\/bethune\/wp-json\/wp\/v2\/product_brand?post=378"},{"taxonomy":"product_cat","embeddable":true,"href":"https:\/\/sofraboutiques.fr\/bethune\/wp-json\/wp\/v2\/product_cat?post=378"},{"taxonomy":"product_tag","embeddable":true,"href":"https:\/\/sofraboutiques.fr\/bethune\/wp-json\/wp\/v2\/product_tag?post=378"}],"curies":[{"name":"wp","href":"https:\/\/api.w.org\/{rel}","templated":true}]}}