{"id":381,"date":"2025-04-23T15:53:35","date_gmt":"2025-04-23T13:53:35","guid":{"rendered":"https:\/\/sofraboutiques.fr\/bethune\/?post_type=product&#038;p=381"},"modified":"2025-04-23T15:53:39","modified_gmt":"2025-04-23T13:53:39","slug":"gerble-croquant-miel-sesame","status":"publish","type":"product","link":"https:\/\/sofraboutiques.fr\/bethune\/produit\/gerble-croquant-miel-sesame\/","title":{"rendered":"Gerbl\u00e9 croquant miel s\u00e9same"},"content":{"rendered":"<p><b>Nutri-Score : D<\/b><\/p>\n<p><b>Quantit\u00e9<\/b> : 27g<\/p>\n<p><b>Conditionnement<\/b>\u00a0: Sachet<\/p>\n<p><b>Marques<\/b> : Gerbl\u00e9<\/p>\n<p><b>Ingr\u00e9dients<\/b> : Fraines de\u00a0<span class=\"allergen\">s\u00e9same<\/span>\u00a0d\u00e9cortiqu\u00e9es 49%, sirop de glucose, sucre, miel toutes fleurs 5%.<\/p>\n<p><b>Allerg\u00e8nes<\/b> : Graines de s\u00e9same.<\/p>\n<table aria-label=\"Tableau nutritionnel\">\n<thead>\n<tr>\n<th scope=\"col\">Tableau nutritionnel<\/th>\n<th scope=\"col\">Tel que vendu<br \/>\npour 100 g \/ 100 ml<\/th>\n<th scope=\"col\">Tel que vendu<br \/>\npar portion (27 g)<\/th>\n<th scope=\"col\">Compar\u00e9 \u00e0: Barres-de-graines<\/th>\n<\/tr>\n<\/thead>\n<tbody>\n<tr>\n<td>\u00c9nergie<\/td>\n<td>2\u00a0187 kj<br \/>\n(523 kcal)<\/td>\n<td>590 kj<br \/>\n(141 kcal)<\/td>\n<td>-1\u00a0%<\/td>\n<\/tr>\n<tr>\n<td>Mati\u00e8res grasses<\/td>\n<td>30 g<\/td>\n<td>8,1 g<\/td>\n<td><span class=\"green\">-16\u00a0%<\/span><\/td>\n<\/tr>\n<tr>\n<td>Acides gras satur\u00e9s<\/td>\n<td>4,4 g<\/td>\n<td>1,19 g<\/td>\n<td><span class=\"green\">-39\u00a0%<\/span><\/td>\n<\/tr>\n<tr>\n<td>Acides gras monoinsatur\u00e9s<\/td>\n<td>11 g<\/td>\n<td>2,97 g<\/td>\n<td><\/td>\n<\/tr>\n<tr>\n<td>Acides gras polyinsatur\u00e9s<\/td>\n<td>12 g<\/td>\n<td>3,24 g<\/td>\n<td><\/td>\n<\/tr>\n<tr>\n<td>Glucides<\/td>\n<td>49 g<\/td>\n<td>13,2 g<\/td>\n<td>+58\u00a0%<\/td>\n<\/tr>\n<tr>\n<td>Sucres<\/td>\n<td>34 g<\/td>\n<td>9,18 g<\/td>\n<td><span class=\"red\">+35\u00a0%<\/span><\/td>\n<\/tr>\n<tr>\n<td>Fibres alimentaires<\/td>\n<td>5 g<\/td>\n<td>1,35 g<\/td>\n<td><span class=\"red\">-33\u00a0%<\/span><\/td>\n<\/tr>\n<tr>\n<td>Prot\u00e9ines<\/td>\n<td>12 g<\/td>\n<td>3,24 g<\/td>\n<td><span class=\"red\">-27\u00a0%<\/span><\/td>\n<\/tr>\n<tr>\n<td>Sel<\/td>\n<td>0 g<\/td>\n<td>0 g<\/td>\n<td><span class=\"green\">-100\u00a0%<\/span><\/td>\n<\/tr>\n<tr>\n<td>Fer<\/td>\n<td>2,9 mg<\/td>\n<td>0,783 mg<\/td>\n<td><\/td>\n<\/tr>\n<tr>\n<td>Magn\u00e9sium<\/td>\n<td>170 mg<\/td>\n<td>45,9 mg<\/td>\n<td><\/td>\n<\/tr>\n<tr>\n<td>Fruits\u201a l\u00e9gumes\u201a noix et huiles de colza\u201a noix et olive (estimation par analyse de la liste des ingr\u00e9dients)<\/td>\n<td>0 %<\/td>\n<td>0 %<\/td>\n<\/tr>\n<\/tbody>\n<\/table>\n","protected":false},"excerpt":{"rendered":"<p>Nutri-Score : D Quantit\u00e9 : 27g Conditionnement\u00a0: Sachet Marques : Gerbl\u00e9 Ingr\u00e9dients : Fraines de\u00a0s\u00e9same\u00a0d\u00e9cortiqu\u00e9es 49%, sirop de glucose, sucre, miel toutes fleurs 5%. Allerg\u00e8nes : Graines de s\u00e9same. Tableau nutritionnel Tel que vendu pour 100 g \/ 100 ml Tel que vendu par portion (27 g) Compar\u00e9 \u00e0: Barres-de-graines \u00c9nergie 2\u00a0187 kj (523 kcal)&#8230;<\/p>\n","protected":false},"featured_media":0,"comment_status":"open","ping_status":"closed","template":"","meta":{"_kad_post_transparent":"","_kad_post_title":"","_kad_post_layout":"","_kad_post_sidebar_id":"","_kad_post_content_style":"","_kad_post_vertical_padding":"","_kad_post_feature":"","_kad_post_feature_position":"","_kad_post_header":false,"_kad_post_footer":false,"_kad_post_classname":""},"product_brand":[],"product_cat":[24],"product_tag":[],"class_list":{"0":"post-381","1":"product","2":"type-product","3":"status-publish","5":"product_cat-friandises","7":"first","8":"outofstock","9":"virtual","10":"purchasable","11":"product-type-simple","12":"entry","13":"content-bg","14":"loop-entry"},"yoast_head":"<!-- This site is optimized with the Yoast SEO plugin v27.3 - https:\/\/yoast.com\/product\/yoast-seo-wordpress\/ -->\n<title>Gerbl\u00e9 croquant miel s\u00e9same - Sofra-Boutiques B\u00e9thune<\/title>\n<meta name=\"robots\" content=\"index, follow, max-snippet:-1, max-image-preview:large, max-video-preview:-1\" \/>\n<link rel=\"canonical\" href=\"https:\/\/sofraboutiques.fr\/bethune\/produit\/gerble-croquant-miel-sesame\/\" \/>\n<meta property=\"og:locale\" content=\"fr_FR\" \/>\n<meta property=\"og:type\" content=\"article\" \/>\n<meta property=\"og:title\" content=\"Gerbl\u00e9 croquant miel s\u00e9same - Sofra-Boutiques B\u00e9thune\" \/>\n<meta property=\"og:description\" content=\"Nutri-Score : D Quantit\u00e9 : 27g Conditionnement\u00a0: Sachet Marques : Gerbl\u00e9 Ingr\u00e9dients : Fraines de\u00a0s\u00e9same\u00a0d\u00e9cortiqu\u00e9es 49%, sirop de glucose, sucre, miel toutes fleurs 5%. Allerg\u00e8nes : Graines de s\u00e9same. Tableau nutritionnel Tel que vendu pour 100 g \/ 100 ml Tel que vendu par portion (27 g) Compar\u00e9 \u00e0: Barres-de-graines \u00c9nergie 2\u00a0187 kj (523 kcal)...\" \/>\n<meta property=\"og:url\" content=\"https:\/\/sofraboutiques.fr\/bethune\/produit\/gerble-croquant-miel-sesame\/\" \/>\n<meta property=\"og:site_name\" content=\"Sofra-Boutiques B\u00e9thune\" \/>\n<meta property=\"article:modified_time\" content=\"2025-04-23T13:53:39+00:00\" \/>\n<meta name=\"twitter:card\" content=\"summary_large_image\" \/>\n<meta name=\"twitter:label1\" content=\"Dur\u00e9e de lecture estim\u00e9e\" \/>\n\t<meta name=\"twitter:data1\" content=\"1 minute\" \/>\n<script type=\"application\/ld+json\" class=\"yoast-schema-graph\">{\"@context\":\"https:\\\/\\\/schema.org\",\"@graph\":[{\"@type\":\"WebPage\",\"@id\":\"https:\\\/\\\/sofraboutiques.fr\\\/bethune\\\/produit\\\/gerble-croquant-miel-sesame\\\/\",\"url\":\"https:\\\/\\\/sofraboutiques.fr\\\/bethune\\\/produit\\\/gerble-croquant-miel-sesame\\\/\",\"name\":\"Gerbl\u00e9 croquant miel s\u00e9same - Sofra-Boutiques B\u00e9thune\",\"isPartOf\":{\"@id\":\"https:\\\/\\\/sofraboutiques.fr\\\/bethune\\\/#website\"},\"datePublished\":\"2025-04-23T13:53:35+00:00\",\"dateModified\":\"2025-04-23T13:53:39+00:00\",\"breadcrumb\":{\"@id\":\"https:\\\/\\\/sofraboutiques.fr\\\/bethune\\\/produit\\\/gerble-croquant-miel-sesame\\\/#breadcrumb\"},\"inLanguage\":\"fr-FR\",\"potentialAction\":[{\"@type\":\"ReadAction\",\"target\":[\"https:\\\/\\\/sofraboutiques.fr\\\/bethune\\\/produit\\\/gerble-croquant-miel-sesame\\\/\"]}]},{\"@type\":\"BreadcrumbList\",\"@id\":\"https:\\\/\\\/sofraboutiques.fr\\\/bethune\\\/produit\\\/gerble-croquant-miel-sesame\\\/#breadcrumb\",\"itemListElement\":[{\"@type\":\"ListItem\",\"position\":1,\"name\":\"Accueil\",\"item\":\"https:\\\/\\\/sofraboutiques.fr\\\/bethune\\\/\"},{\"@type\":\"ListItem\",\"position\":2,\"name\":\"Boutique\",\"item\":\"https:\\\/\\\/sofraboutiques.fr\\\/bethune\\\/\"},{\"@type\":\"ListItem\",\"position\":3,\"name\":\"Gerbl\u00e9 croquant miel s\u00e9same\"}]},{\"@type\":\"WebSite\",\"@id\":\"https:\\\/\\\/sofraboutiques.fr\\\/bethune\\\/#website\",\"url\":\"https:\\\/\\\/sofraboutiques.fr\\\/bethune\\\/\",\"name\":\"Sofra-Boutiques B\u00e9thune\",\"description\":\"\",\"publisher\":{\"@id\":\"https:\\\/\\\/sofraboutiques.fr\\\/bethune\\\/#organization\"},\"potentialAction\":[{\"@type\":\"SearchAction\",\"target\":{\"@type\":\"EntryPoint\",\"urlTemplate\":\"https:\\\/\\\/sofraboutiques.fr\\\/bethune\\\/?s={search_term_string}\"},\"query-input\":{\"@type\":\"PropertyValueSpecification\",\"valueRequired\":true,\"valueName\":\"search_term_string\"}}],\"inLanguage\":\"fr-FR\"},{\"@type\":\"Organization\",\"@id\":\"https:\\\/\\\/sofraboutiques.fr\\\/bethune\\\/#organization\",\"name\":\"Sofra-Boutiques B\u00e9thune\",\"url\":\"https:\\\/\\\/sofraboutiques.fr\\\/bethune\\\/\",\"logo\":{\"@type\":\"ImageObject\",\"inLanguage\":\"fr-FR\",\"@id\":\"https:\\\/\\\/sofraboutiques.fr\\\/bethune\\\/#\\\/schema\\\/logo\\\/image\\\/\",\"url\":\"https:\\\/\\\/sofraboutiques.fr\\\/bethune\\\/wp-content\\\/uploads\\\/sites\\\/7\\\/2025\\\/04\\\/cropped-logo-sofraboutique.png\",\"contentUrl\":\"https:\\\/\\\/sofraboutiques.fr\\\/bethune\\\/wp-content\\\/uploads\\\/sites\\\/7\\\/2025\\\/04\\\/cropped-logo-sofraboutique.png\",\"width\":2951,\"height\":1553,\"caption\":\"Sofra-Boutiques B\u00e9thune\"},\"image\":{\"@id\":\"https:\\\/\\\/sofraboutiques.fr\\\/bethune\\\/#\\\/schema\\\/logo\\\/image\\\/\"}}]}<\/script>\n<!-- \/ Yoast SEO plugin. -->","yoast_head_json":{"title":"Gerbl\u00e9 croquant miel s\u00e9same - Sofra-Boutiques B\u00e9thune","robots":{"index":"index","follow":"follow","max-snippet":"max-snippet:-1","max-image-preview":"max-image-preview:large","max-video-preview":"max-video-preview:-1"},"canonical":"https:\/\/sofraboutiques.fr\/bethune\/produit\/gerble-croquant-miel-sesame\/","og_locale":"fr_FR","og_type":"article","og_title":"Gerbl\u00e9 croquant miel s\u00e9same - Sofra-Boutiques B\u00e9thune","og_description":"Nutri-Score : D Quantit\u00e9 : 27g Conditionnement\u00a0: Sachet Marques : Gerbl\u00e9 Ingr\u00e9dients : Fraines de\u00a0s\u00e9same\u00a0d\u00e9cortiqu\u00e9es 49%, sirop de glucose, sucre, miel toutes fleurs 5%. Allerg\u00e8nes : Graines de s\u00e9same. Tableau nutritionnel Tel que vendu pour 100 g \/ 100 ml Tel que vendu par portion (27 g) Compar\u00e9 \u00e0: Barres-de-graines \u00c9nergie 2\u00a0187 kj (523 kcal)...","og_url":"https:\/\/sofraboutiques.fr\/bethune\/produit\/gerble-croquant-miel-sesame\/","og_site_name":"Sofra-Boutiques B\u00e9thune","article_modified_time":"2025-04-23T13:53:39+00:00","twitter_card":"summary_large_image","twitter_misc":{"Dur\u00e9e de lecture estim\u00e9e":"1 minute"},"schema":{"@context":"https:\/\/schema.org","@graph":[{"@type":"WebPage","@id":"https:\/\/sofraboutiques.fr\/bethune\/produit\/gerble-croquant-miel-sesame\/","url":"https:\/\/sofraboutiques.fr\/bethune\/produit\/gerble-croquant-miel-sesame\/","name":"Gerbl\u00e9 croquant miel s\u00e9same - Sofra-Boutiques B\u00e9thune","isPartOf":{"@id":"https:\/\/sofraboutiques.fr\/bethune\/#website"},"datePublished":"2025-04-23T13:53:35+00:00","dateModified":"2025-04-23T13:53:39+00:00","breadcrumb":{"@id":"https:\/\/sofraboutiques.fr\/bethune\/produit\/gerble-croquant-miel-sesame\/#breadcrumb"},"inLanguage":"fr-FR","potentialAction":[{"@type":"ReadAction","target":["https:\/\/sofraboutiques.fr\/bethune\/produit\/gerble-croquant-miel-sesame\/"]}]},{"@type":"BreadcrumbList","@id":"https:\/\/sofraboutiques.fr\/bethune\/produit\/gerble-croquant-miel-sesame\/#breadcrumb","itemListElement":[{"@type":"ListItem","position":1,"name":"Accueil","item":"https:\/\/sofraboutiques.fr\/bethune\/"},{"@type":"ListItem","position":2,"name":"Boutique","item":"https:\/\/sofraboutiques.fr\/bethune\/"},{"@type":"ListItem","position":3,"name":"Gerbl\u00e9 croquant miel s\u00e9same"}]},{"@type":"WebSite","@id":"https:\/\/sofraboutiques.fr\/bethune\/#website","url":"https:\/\/sofraboutiques.fr\/bethune\/","name":"Sofra-Boutiques B\u00e9thune","description":"","publisher":{"@id":"https:\/\/sofraboutiques.fr\/bethune\/#organization"},"potentialAction":[{"@type":"SearchAction","target":{"@type":"EntryPoint","urlTemplate":"https:\/\/sofraboutiques.fr\/bethune\/?s={search_term_string}"},"query-input":{"@type":"PropertyValueSpecification","valueRequired":true,"valueName":"search_term_string"}}],"inLanguage":"fr-FR"},{"@type":"Organization","@id":"https:\/\/sofraboutiques.fr\/bethune\/#organization","name":"Sofra-Boutiques B\u00e9thune","url":"https:\/\/sofraboutiques.fr\/bethune\/","logo":{"@type":"ImageObject","inLanguage":"fr-FR","@id":"https:\/\/sofraboutiques.fr\/bethune\/#\/schema\/logo\/image\/","url":"https:\/\/sofraboutiques.fr\/bethune\/wp-content\/uploads\/sites\/7\/2025\/04\/cropped-logo-sofraboutique.png","contentUrl":"https:\/\/sofraboutiques.fr\/bethune\/wp-content\/uploads\/sites\/7\/2025\/04\/cropped-logo-sofraboutique.png","width":2951,"height":1553,"caption":"Sofra-Boutiques B\u00e9thune"},"image":{"@id":"https:\/\/sofraboutiques.fr\/bethune\/#\/schema\/logo\/image\/"}}]}},"_links":{"self":[{"href":"https:\/\/sofraboutiques.fr\/bethune\/wp-json\/wp\/v2\/product\/381","targetHints":{"allow":["GET"]}}],"collection":[{"href":"https:\/\/sofraboutiques.fr\/bethune\/wp-json\/wp\/v2\/product"}],"about":[{"href":"https:\/\/sofraboutiques.fr\/bethune\/wp-json\/wp\/v2\/types\/product"}],"replies":[{"embeddable":true,"href":"https:\/\/sofraboutiques.fr\/bethune\/wp-json\/wp\/v2\/comments?post=381"}],"wp:attachment":[{"href":"https:\/\/sofraboutiques.fr\/bethune\/wp-json\/wp\/v2\/media?parent=381"}],"wp:term":[{"taxonomy":"product_brand","embeddable":true,"href":"https:\/\/sofraboutiques.fr\/bethune\/wp-json\/wp\/v2\/product_brand?post=381"},{"taxonomy":"product_cat","embeddable":true,"href":"https:\/\/sofraboutiques.fr\/bethune\/wp-json\/wp\/v2\/product_cat?post=381"},{"taxonomy":"product_tag","embeddable":true,"href":"https:\/\/sofraboutiques.fr\/bethune\/wp-json\/wp\/v2\/product_tag?post=381"}],"curies":[{"name":"wp","href":"https:\/\/api.w.org\/{rel}","templated":true}]}}