{"id":187,"date":"2025-04-23T15:54:57","date_gmt":"2025-04-23T13:54:57","guid":{"rendered":"https:\/\/sofraboutiques.fr\/cambrai\/?post_type=product&#038;p=187"},"modified":"2025-06-18T14:30:11","modified_gmt":"2025-06-18T12:30:11","slug":"gaufre-liegeoise-2","status":"publish","type":"product","link":"https:\/\/sofraboutiques.fr\/cambrai\/produit\/gaufre-liegeoise-2\/","title":{"rendered":"Gaufre li\u00e9geoise"},"content":{"rendered":"<p><b>Ingr\u00e9dients : <\/b><span style=\"font-weight: 400;\">Farine de bl\u00e9, sucre, beurre, margarine (graisses et huiles v\u00e9g\u00e9tales (palme, colza, tournesol, coprah), eau, \u00e9mulsifiants (E471, E322), sel, acidifiant E330, ar\u00f4mes naturels), eau, \u0153uf entier pasteuris\u00e9 (ponte au sol), levure, sucre inverti, sel iod\u00e9, lait en poudre, ar\u00f4me naturel vanille.<\/span><\/p>\n<p><b>ALLERG\u00c8NES<\/b><\/p>\n<p><b>Pr\u00e9sence :<\/b><span style=\"font-weight: 400;\"> Gluten-\u0152ufs-Lait.<\/span><\/p>\n","protected":false},"excerpt":{"rendered":"<p>Ingr\u00e9dients : Farine de bl\u00e9, sucre, beurre, margarine (graisses et huiles v\u00e9g\u00e9tales (palme, colza, tournesol, coprah), eau, \u00e9mulsifiants (E471, E322), sel, acidifiant E330, ar\u00f4mes naturels), eau, \u0153uf entier pasteuris\u00e9 (ponte au sol), levure, sucre inverti, sel iod\u00e9, lait en poudre, ar\u00f4me naturel vanille. ALLERG\u00c8NES Pr\u00e9sence : Gluten-\u0152ufs-Lait.<\/p>\n","protected":false},"featured_media":417,"comment_status":"open","ping_status":"closed","template":"","meta":{"_kad_post_transparent":"default","_kad_post_title":"","_kad_post_layout":"default","_kad_post_sidebar_id":"","_kad_post_content_style":"default","_kad_post_vertical_padding":"default","_kad_post_feature":"","_kad_post_feature_position":"","_kad_post_header":false,"_kad_post_footer":false,"_kad_post_classname":""},"product_brand":[],"product_cat":[18],"product_tag":[],"class_list":{"0":"post-187","1":"product","2":"type-product","3":"status-publish","4":"has-post-thumbnail","6":"product_cat-desserts","8":"first","9":"instock","10":"virtual","11":"purchasable","12":"product-type-simple","13":"entry","14":"content-bg","15":"loop-entry"},"yoast_head":"<!-- This site is optimized with the Yoast SEO plugin v27.3 - https:\/\/yoast.com\/product\/yoast-seo-wordpress\/ -->\n<title>Gaufre li\u00e9geoise - Sofra-Boutiques Cambrai<\/title>\n<meta name=\"robots\" content=\"index, follow, max-snippet:-1, max-image-preview:large, max-video-preview:-1\" \/>\n<link rel=\"canonical\" href=\"https:\/\/sofraboutiques.fr\/cambrai\/produit\/gaufre-liegeoise-2\/\" \/>\n<meta property=\"og:locale\" content=\"fr_FR\" \/>\n<meta property=\"og:type\" content=\"article\" \/>\n<meta property=\"og:title\" content=\"Gaufre li\u00e9geoise - Sofra-Boutiques Cambrai\" \/>\n<meta property=\"og:description\" content=\"Ingr\u00e9dients : Farine de bl\u00e9, sucre, beurre, margarine (graisses et huiles v\u00e9g\u00e9tales (palme, colza, tournesol, coprah), eau, \u00e9mulsifiants (E471, E322), sel, acidifiant E330, ar\u00f4mes naturels), eau, \u0153uf entier pasteuris\u00e9 (ponte au sol), levure, sucre inverti, sel iod\u00e9, lait en poudre, ar\u00f4me naturel vanille. ALLERG\u00c8NES Pr\u00e9sence : Gluten-\u0152ufs-Lait.\" \/>\n<meta property=\"og:url\" content=\"https:\/\/sofraboutiques.fr\/cambrai\/produit\/gaufre-liegeoise-2\/\" \/>\n<meta property=\"og:site_name\" content=\"Sofra-Boutiques Cambrai\" \/>\n<meta property=\"article:modified_time\" content=\"2025-06-18T12:30:11+00:00\" \/>\n<meta property=\"og:image\" content=\"https:\/\/sofraboutiques.fr\/cambrai\/wp-content\/uploads\/sites\/3\/2025\/06\/20241115_103306-scaled.jpg\" \/>\n\t<meta property=\"og:image:width\" content=\"2560\" \/>\n\t<meta property=\"og:image:height\" content=\"2560\" \/>\n\t<meta property=\"og:image:type\" content=\"image\/jpeg\" \/>\n<meta name=\"twitter:card\" content=\"summary_large_image\" \/>\n<script type=\"application\/ld+json\" class=\"yoast-schema-graph\">{\"@context\":\"https:\\\/\\\/schema.org\",\"@graph\":[{\"@type\":\"WebPage\",\"@id\":\"https:\\\/\\\/sofraboutiques.fr\\\/cambrai\\\/produit\\\/gaufre-liegeoise-2\\\/\",\"url\":\"https:\\\/\\\/sofraboutiques.fr\\\/cambrai\\\/produit\\\/gaufre-liegeoise-2\\\/\",\"name\":\"Gaufre li\u00e9geoise - Sofra-Boutiques Cambrai\",\"isPartOf\":{\"@id\":\"https:\\\/\\\/sofraboutiques.fr\\\/cambrai\\\/#website\"},\"primaryImageOfPage\":{\"@id\":\"https:\\\/\\\/sofraboutiques.fr\\\/cambrai\\\/produit\\\/gaufre-liegeoise-2\\\/#primaryimage\"},\"image\":{\"@id\":\"https:\\\/\\\/sofraboutiques.fr\\\/cambrai\\\/produit\\\/gaufre-liegeoise-2\\\/#primaryimage\"},\"thumbnailUrl\":\"https:\\\/\\\/sofraboutiques.fr\\\/cambrai\\\/wp-content\\\/uploads\\\/sites\\\/3\\\/2025\\\/06\\\/20241115_103306-scaled.jpg\",\"datePublished\":\"2025-04-23T13:54:57+00:00\",\"dateModified\":\"2025-06-18T12:30:11+00:00\",\"breadcrumb\":{\"@id\":\"https:\\\/\\\/sofraboutiques.fr\\\/cambrai\\\/produit\\\/gaufre-liegeoise-2\\\/#breadcrumb\"},\"inLanguage\":\"fr-FR\",\"potentialAction\":[{\"@type\":\"ReadAction\",\"target\":[\"https:\\\/\\\/sofraboutiques.fr\\\/cambrai\\\/produit\\\/gaufre-liegeoise-2\\\/\"]}]},{\"@type\":\"ImageObject\",\"inLanguage\":\"fr-FR\",\"@id\":\"https:\\\/\\\/sofraboutiques.fr\\\/cambrai\\\/produit\\\/gaufre-liegeoise-2\\\/#primaryimage\",\"url\":\"https:\\\/\\\/sofraboutiques.fr\\\/cambrai\\\/wp-content\\\/uploads\\\/sites\\\/3\\\/2025\\\/06\\\/20241115_103306-scaled.jpg\",\"contentUrl\":\"https:\\\/\\\/sofraboutiques.fr\\\/cambrai\\\/wp-content\\\/uploads\\\/sites\\\/3\\\/2025\\\/06\\\/20241115_103306-scaled.jpg\",\"width\":2560,\"height\":2560,\"caption\":\"Gaufre li\u00e9geoise\"},{\"@type\":\"BreadcrumbList\",\"@id\":\"https:\\\/\\\/sofraboutiques.fr\\\/cambrai\\\/produit\\\/gaufre-liegeoise-2\\\/#breadcrumb\",\"itemListElement\":[{\"@type\":\"ListItem\",\"position\":1,\"name\":\"Accueil\",\"item\":\"https:\\\/\\\/sofraboutiques.fr\\\/cambrai\\\/\"},{\"@type\":\"ListItem\",\"position\":2,\"name\":\"Boutique\",\"item\":\"https:\\\/\\\/sofraboutiques.fr\\\/cambrai\\\/\"},{\"@type\":\"ListItem\",\"position\":3,\"name\":\"Gaufre li\u00e9geoise\"}]},{\"@type\":\"WebSite\",\"@id\":\"https:\\\/\\\/sofraboutiques.fr\\\/cambrai\\\/#website\",\"url\":\"https:\\\/\\\/sofraboutiques.fr\\\/cambrai\\\/\",\"name\":\"Sofra-Boutiques Cambrai\",\"description\":\"Cambrai\",\"publisher\":{\"@id\":\"https:\\\/\\\/sofraboutiques.fr\\\/cambrai\\\/#organization\"},\"potentialAction\":[{\"@type\":\"SearchAction\",\"target\":{\"@type\":\"EntryPoint\",\"urlTemplate\":\"https:\\\/\\\/sofraboutiques.fr\\\/cambrai\\\/?s={search_term_string}\"},\"query-input\":{\"@type\":\"PropertyValueSpecification\",\"valueRequired\":true,\"valueName\":\"search_term_string\"}}],\"inLanguage\":\"fr-FR\"},{\"@type\":\"Organization\",\"@id\":\"https:\\\/\\\/sofraboutiques.fr\\\/cambrai\\\/#organization\",\"name\":\"Sofra-Boutiques Cambrai\",\"url\":\"https:\\\/\\\/sofraboutiques.fr\\\/cambrai\\\/\",\"logo\":{\"@type\":\"ImageObject\",\"inLanguage\":\"fr-FR\",\"@id\":\"https:\\\/\\\/sofraboutiques.fr\\\/cambrai\\\/#\\\/schema\\\/logo\\\/image\\\/\",\"url\":\"https:\\\/\\\/sofraboutiques.fr\\\/cambrai\\\/wp-content\\\/uploads\\\/sites\\\/3\\\/2025\\\/04\\\/cropped-logo-sofraboutique.png\",\"contentUrl\":\"https:\\\/\\\/sofraboutiques.fr\\\/cambrai\\\/wp-content\\\/uploads\\\/sites\\\/3\\\/2025\\\/04\\\/cropped-logo-sofraboutique.png\",\"width\":2950,\"height\":1586,\"caption\":\"Sofra-Boutiques Cambrai\"},\"image\":{\"@id\":\"https:\\\/\\\/sofraboutiques.fr\\\/cambrai\\\/#\\\/schema\\\/logo\\\/image\\\/\"}}]}<\/script>\n<!-- \/ Yoast SEO plugin. -->","yoast_head_json":{"title":"Gaufre li\u00e9geoise - Sofra-Boutiques Cambrai","robots":{"index":"index","follow":"follow","max-snippet":"max-snippet:-1","max-image-preview":"max-image-preview:large","max-video-preview":"max-video-preview:-1"},"canonical":"https:\/\/sofraboutiques.fr\/cambrai\/produit\/gaufre-liegeoise-2\/","og_locale":"fr_FR","og_type":"article","og_title":"Gaufre li\u00e9geoise - Sofra-Boutiques Cambrai","og_description":"Ingr\u00e9dients : Farine de bl\u00e9, sucre, beurre, margarine (graisses et huiles v\u00e9g\u00e9tales (palme, colza, tournesol, coprah), eau, \u00e9mulsifiants (E471, E322), sel, acidifiant E330, ar\u00f4mes naturels), eau, \u0153uf entier pasteuris\u00e9 (ponte au sol), levure, sucre inverti, sel iod\u00e9, lait en poudre, ar\u00f4me naturel vanille. ALLERG\u00c8NES Pr\u00e9sence : Gluten-\u0152ufs-Lait.","og_url":"https:\/\/sofraboutiques.fr\/cambrai\/produit\/gaufre-liegeoise-2\/","og_site_name":"Sofra-Boutiques Cambrai","article_modified_time":"2025-06-18T12:30:11+00:00","og_image":[{"width":2560,"height":2560,"url":"https:\/\/sofraboutiques.fr\/cambrai\/wp-content\/uploads\/sites\/3\/2025\/06\/20241115_103306-scaled.jpg","type":"image\/jpeg"}],"twitter_card":"summary_large_image","schema":{"@context":"https:\/\/schema.org","@graph":[{"@type":"WebPage","@id":"https:\/\/sofraboutiques.fr\/cambrai\/produit\/gaufre-liegeoise-2\/","url":"https:\/\/sofraboutiques.fr\/cambrai\/produit\/gaufre-liegeoise-2\/","name":"Gaufre li\u00e9geoise - Sofra-Boutiques Cambrai","isPartOf":{"@id":"https:\/\/sofraboutiques.fr\/cambrai\/#website"},"primaryImageOfPage":{"@id":"https:\/\/sofraboutiques.fr\/cambrai\/produit\/gaufre-liegeoise-2\/#primaryimage"},"image":{"@id":"https:\/\/sofraboutiques.fr\/cambrai\/produit\/gaufre-liegeoise-2\/#primaryimage"},"thumbnailUrl":"https:\/\/sofraboutiques.fr\/cambrai\/wp-content\/uploads\/sites\/3\/2025\/06\/20241115_103306-scaled.jpg","datePublished":"2025-04-23T13:54:57+00:00","dateModified":"2025-06-18T12:30:11+00:00","breadcrumb":{"@id":"https:\/\/sofraboutiques.fr\/cambrai\/produit\/gaufre-liegeoise-2\/#breadcrumb"},"inLanguage":"fr-FR","potentialAction":[{"@type":"ReadAction","target":["https:\/\/sofraboutiques.fr\/cambrai\/produit\/gaufre-liegeoise-2\/"]}]},{"@type":"ImageObject","inLanguage":"fr-FR","@id":"https:\/\/sofraboutiques.fr\/cambrai\/produit\/gaufre-liegeoise-2\/#primaryimage","url":"https:\/\/sofraboutiques.fr\/cambrai\/wp-content\/uploads\/sites\/3\/2025\/06\/20241115_103306-scaled.jpg","contentUrl":"https:\/\/sofraboutiques.fr\/cambrai\/wp-content\/uploads\/sites\/3\/2025\/06\/20241115_103306-scaled.jpg","width":2560,"height":2560,"caption":"Gaufre li\u00e9geoise"},{"@type":"BreadcrumbList","@id":"https:\/\/sofraboutiques.fr\/cambrai\/produit\/gaufre-liegeoise-2\/#breadcrumb","itemListElement":[{"@type":"ListItem","position":1,"name":"Accueil","item":"https:\/\/sofraboutiques.fr\/cambrai\/"},{"@type":"ListItem","position":2,"name":"Boutique","item":"https:\/\/sofraboutiques.fr\/cambrai\/"},{"@type":"ListItem","position":3,"name":"Gaufre li\u00e9geoise"}]},{"@type":"WebSite","@id":"https:\/\/sofraboutiques.fr\/cambrai\/#website","url":"https:\/\/sofraboutiques.fr\/cambrai\/","name":"Sofra-Boutiques Cambrai","description":"Cambrai","publisher":{"@id":"https:\/\/sofraboutiques.fr\/cambrai\/#organization"},"potentialAction":[{"@type":"SearchAction","target":{"@type":"EntryPoint","urlTemplate":"https:\/\/sofraboutiques.fr\/cambrai\/?s={search_term_string}"},"query-input":{"@type":"PropertyValueSpecification","valueRequired":true,"valueName":"search_term_string"}}],"inLanguage":"fr-FR"},{"@type":"Organization","@id":"https:\/\/sofraboutiques.fr\/cambrai\/#organization","name":"Sofra-Boutiques Cambrai","url":"https:\/\/sofraboutiques.fr\/cambrai\/","logo":{"@type":"ImageObject","inLanguage":"fr-FR","@id":"https:\/\/sofraboutiques.fr\/cambrai\/#\/schema\/logo\/image\/","url":"https:\/\/sofraboutiques.fr\/cambrai\/wp-content\/uploads\/sites\/3\/2025\/04\/cropped-logo-sofraboutique.png","contentUrl":"https:\/\/sofraboutiques.fr\/cambrai\/wp-content\/uploads\/sites\/3\/2025\/04\/cropped-logo-sofraboutique.png","width":2950,"height":1586,"caption":"Sofra-Boutiques Cambrai"},"image":{"@id":"https:\/\/sofraboutiques.fr\/cambrai\/#\/schema\/logo\/image\/"}}]}},"_links":{"self":[{"href":"https:\/\/sofraboutiques.fr\/cambrai\/wp-json\/wp\/v2\/product\/187","targetHints":{"allow":["GET"]}}],"collection":[{"href":"https:\/\/sofraboutiques.fr\/cambrai\/wp-json\/wp\/v2\/product"}],"about":[{"href":"https:\/\/sofraboutiques.fr\/cambrai\/wp-json\/wp\/v2\/types\/product"}],"replies":[{"embeddable":true,"href":"https:\/\/sofraboutiques.fr\/cambrai\/wp-json\/wp\/v2\/comments?post=187"}],"wp:featuredmedia":[{"embeddable":true,"href":"https:\/\/sofraboutiques.fr\/cambrai\/wp-json\/wp\/v2\/media\/417"}],"wp:attachment":[{"href":"https:\/\/sofraboutiques.fr\/cambrai\/wp-json\/wp\/v2\/media?parent=187"}],"wp:term":[{"taxonomy":"product_brand","embeddable":true,"href":"https:\/\/sofraboutiques.fr\/cambrai\/wp-json\/wp\/v2\/product_brand?post=187"},{"taxonomy":"product_cat","embeddable":true,"href":"https:\/\/sofraboutiques.fr\/cambrai\/wp-json\/wp\/v2\/product_cat?post=187"},{"taxonomy":"product_tag","embeddable":true,"href":"https:\/\/sofraboutiques.fr\/cambrai\/wp-json\/wp\/v2\/product_tag?post=187"}],"curies":[{"name":"wp","href":"https:\/\/api.w.org\/{rel}","templated":true}]}}