{"id":323,"date":"2025-04-23T15:55:31","date_gmt":"2025-04-23T13:55:31","guid":{"rendered":"https:\/\/sofraboutiques.fr\/cambrai\/?post_type=product&#038;p=323"},"modified":"2025-06-27T14:30:18","modified_gmt":"2025-06-27T12:30:18","slug":"lion-42g","status":"publish","type":"product","link":"https:\/\/sofraboutiques.fr\/cambrai\/produit\/lion-42g\/","title":{"rendered":"Lion 42g"},"content":{"rendered":"<p>Nutri-Score : D<\/p>\n<p><b>Quantit\u00e9<\/b><span style=\"font-weight: 400;\"> : 42\u2009g<\/span><\/p>\n<p><b>Conditionnement<\/b><span style=\"font-weight: 400;\"> : Sachet<\/span><\/p>\n<p><b>Marques<\/b><span style=\"font-weight: 400;\"> : Nestl\u00e9<\/span><\/p>\n<p><b>Ingr\u00e9dients<\/b><span style=\"font-weight: 400;\"> : Chocolat au LAIT (39,5\u2009%) [sucre, beurre de cacao, LAIT entier en poudre, p\u00e2te de cacao, mati\u00e8res grasses v\u00e9g\u00e9tales (palme, karit\u00e9), PETIT-LAIT en poudre, \u00e9mulsifiant (l\u00e9cithines)], sirop de glucose-fructose, farine de BL\u00c9, LAIT concentr\u00e9 sucr\u00e9 (LAIT, sucre), huile de palme, sucre, PETIT-LAIT en poudre, maltodextrine, LAIT \u00e9cr\u00e9m\u00e9 en poudre, amidon de BL\u00c9, sel, \u00e9mulsifiant (l\u00e9cithines), poudre \u00e0 lever (carbonates de sodium), sucre caram\u00e9lis\u00e9, \u00e9paississant (carragh\u00e9nanes).<\/span><\/p>\n<p><b>Allerg\u00e8nes<\/b><span style=\"font-weight: 400;\"> : Gluten, Lait<\/span><\/p>\n<p><b>Traces<\/b><span style=\"font-weight: 400;\"> : Fruits \u00e0 coque, Arachides, Soja<\/span><\/p>\n<p>&nbsp;<\/p>\n<table>\n<tbody>\n<tr>\n<td><b>Tableau nutritionnel<\/b><\/td>\n<td><b>Tel que vendu<\/b><\/p>\n<p><b>pour 100 g \/ 100 ml<\/b><\/td>\n<td><b>Tel que vendu<\/b><\/p>\n<p><b>par portion (42g)<\/b><\/td>\n<\/tr>\n<tr>\n<td><span style=\"font-weight: 400;\">\u00c9nergie<\/span><\/td>\n<td><span style=\"font-weight: 400;\">2 046 kj<\/span><\/p>\n<p><span style=\"font-weight: 400;\">(488 kcal)<\/span><\/td>\n<td><span style=\"font-weight: 400;\">859 kj<\/span><\/p>\n<p><span style=\"font-weight: 400;\">(205 kcal)<\/span><\/td>\n<\/tr>\n<tr>\n<td><span style=\"font-weight: 400;\">Mati\u00e8res grasses<\/span><\/td>\n<td><span style=\"font-weight: 400;\">22 g<\/span><\/td>\n<td><span style=\"font-weight: 400;\">9,24 g<\/span><\/td>\n<\/tr>\n<tr>\n<td><span style=\"font-weight: 400;\">Acides gras satur\u00e9s<\/span><\/td>\n<td><span style=\"font-weight: 400;\">12 g<\/span><\/td>\n<td><span style=\"font-weight: 400;\">5,04 g<\/span><\/td>\n<\/tr>\n<tr>\n<td><span style=\"font-weight: 400;\">Glucides<\/span><\/td>\n<td><span style=\"font-weight: 400;\">66,8 g<\/span><\/td>\n<td><span style=\"font-weight: 400;\">28,1 g<\/span><\/td>\n<\/tr>\n<tr>\n<td><span style=\"font-weight: 400;\">Sucres<\/span><\/td>\n<td><span style=\"font-weight: 400;\">3 g<\/span><\/td>\n<td><span style=\"font-weight: 400;\">1,26 g<\/span><\/td>\n<\/tr>\n<tr>\n<td><span style=\"font-weight: 400;\">Fibres alimentaires<\/span><\/td>\n<td><span style=\"font-weight: 400;\">1,3 g<\/span><\/td>\n<td><span style=\"font-weight: 400;\">0,546 g<\/span><\/td>\n<\/tr>\n<tr>\n<td><span style=\"font-weight: 400;\">Prot\u00e9ines<\/span><\/td>\n<td><span style=\"font-weight: 400;\">4,9 g<\/span><\/td>\n<td><span style=\"font-weight: 400;\">2,06 g<\/span><\/td>\n<\/tr>\n<tr>\n<td><span style=\"font-weight: 400;\">Sel<\/span><\/td>\n<td><span style=\"font-weight: 400;\">0,49 g<\/span><\/td>\n<td><span style=\"font-weight: 400;\">0,206 g<\/span><\/td>\n<\/tr>\n<tr>\n<td><span style=\"font-weight: 400;\">Alcool<\/span><\/td>\n<td><span style=\"font-weight: 400;\">0 % vol<\/span><\/td>\n<td><span style=\"font-weight: 400;\">0 % vol<\/span><\/td>\n<\/tr>\n<tr>\n<td><span style=\"font-weight: 400;\">Fruits\u201a l\u00e9gumes\u201a noix et huiles de colza\u201a noix et olive (estimation par analyse de la liste des ingr\u00e9dients)<\/span><\/td>\n<td><span style=\"font-weight: 400;\">0 %<\/span><\/td>\n<td><span style=\"font-weight: 400;\">0 %<\/span><\/td>\n<\/tr>\n<\/tbody>\n<\/table>\n","protected":false},"excerpt":{"rendered":"<p>Nutri-Score : D Quantit\u00e9 : 42\u2009g Conditionnement : Sachet Marques : Nestl\u00e9 Ingr\u00e9dients : Chocolat au LAIT (39,5\u2009%) [sucre, beurre de cacao, LAIT entier en poudre, p\u00e2te de cacao, mati\u00e8res grasses v\u00e9g\u00e9tales (palme, karit\u00e9), PETIT-LAIT en poudre, \u00e9mulsifiant (l\u00e9cithines)], sirop de glucose-fructose, farine de BL\u00c9, LAIT concentr\u00e9 sucr\u00e9 (LAIT, sucre), huile de palme, sucre, PETIT-LAIT&#8230;<\/p>\n","protected":false},"featured_media":768,"comment_status":"open","ping_status":"closed","template":"","meta":{"_kad_post_transparent":"default","_kad_post_title":"","_kad_post_layout":"default","_kad_post_sidebar_id":"","_kad_post_content_style":"default","_kad_post_vertical_padding":"default","_kad_post_feature":"","_kad_post_feature_position":"","_kad_post_header":false,"_kad_post_footer":false,"_kad_post_classname":""},"product_brand":[],"product_cat":[24],"product_tag":[],"class_list":{"0":"post-323","1":"product","2":"type-product","3":"status-publish","4":"has-post-thumbnail","6":"product_cat-friandises","8":"first","9":"instock","10":"virtual","11":"purchasable","12":"product-type-simple","13":"entry","14":"content-bg","15":"loop-entry"},"yoast_head":"<!-- This site is optimized with the Yoast SEO plugin v27.3 - https:\/\/yoast.com\/product\/yoast-seo-wordpress\/ -->\n<title>Lion 42g - Sofra-Boutiques Cambrai<\/title>\n<meta name=\"robots\" content=\"index, follow, max-snippet:-1, max-image-preview:large, max-video-preview:-1\" \/>\n<link rel=\"canonical\" href=\"https:\/\/sofraboutiques.fr\/cambrai\/produit\/lion-42g\/\" \/>\n<meta property=\"og:locale\" content=\"fr_FR\" \/>\n<meta property=\"og:type\" content=\"article\" \/>\n<meta property=\"og:title\" content=\"Lion 42g - Sofra-Boutiques Cambrai\" \/>\n<meta property=\"og:description\" content=\"Nutri-Score : D Quantit\u00e9 : 42\u2009g Conditionnement : Sachet Marques : Nestl\u00e9 Ingr\u00e9dients : Chocolat au LAIT (39,5\u2009%) [sucre, beurre de cacao, LAIT entier en poudre, p\u00e2te de cacao, mati\u00e8res grasses v\u00e9g\u00e9tales (palme, karit\u00e9), PETIT-LAIT en poudre, \u00e9mulsifiant (l\u00e9cithines)], sirop de glucose-fructose, farine de BL\u00c9, LAIT concentr\u00e9 sucr\u00e9 (LAIT, sucre), huile de palme, sucre, PETIT-LAIT...\" \/>\n<meta property=\"og:url\" content=\"https:\/\/sofraboutiques.fr\/cambrai\/produit\/lion-42g\/\" \/>\n<meta property=\"og:site_name\" content=\"Sofra-Boutiques Cambrai\" \/>\n<meta property=\"article:modified_time\" content=\"2025-06-27T12:30:18+00:00\" \/>\n<meta property=\"og:image\" content=\"https:\/\/sofraboutiques.fr\/cambrai\/wp-content\/uploads\/sites\/3\/2025\/04\/Lion-42g-1.jpg\" \/>\n\t<meta property=\"og:image:width\" content=\"2000\" \/>\n\t<meta property=\"og:image:height\" content=\"2000\" \/>\n\t<meta property=\"og:image:type\" content=\"image\/jpeg\" \/>\n<meta name=\"twitter:card\" content=\"summary_large_image\" \/>\n<meta name=\"twitter:label1\" content=\"Dur\u00e9e de lecture estim\u00e9e\" \/>\n\t<meta name=\"twitter:data1\" content=\"1 minute\" \/>\n<script type=\"application\/ld+json\" class=\"yoast-schema-graph\">{\"@context\":\"https:\\\/\\\/schema.org\",\"@graph\":[{\"@type\":\"WebPage\",\"@id\":\"https:\\\/\\\/sofraboutiques.fr\\\/cambrai\\\/produit\\\/lion-42g\\\/\",\"url\":\"https:\\\/\\\/sofraboutiques.fr\\\/cambrai\\\/produit\\\/lion-42g\\\/\",\"name\":\"Lion 42g - Sofra-Boutiques Cambrai\",\"isPartOf\":{\"@id\":\"https:\\\/\\\/sofraboutiques.fr\\\/cambrai\\\/#website\"},\"primaryImageOfPage\":{\"@id\":\"https:\\\/\\\/sofraboutiques.fr\\\/cambrai\\\/produit\\\/lion-42g\\\/#primaryimage\"},\"image\":{\"@id\":\"https:\\\/\\\/sofraboutiques.fr\\\/cambrai\\\/produit\\\/lion-42g\\\/#primaryimage\"},\"thumbnailUrl\":\"https:\\\/\\\/sofraboutiques.fr\\\/cambrai\\\/wp-content\\\/uploads\\\/sites\\\/3\\\/2025\\\/04\\\/Lion-42g-1.jpg\",\"datePublished\":\"2025-04-23T13:55:31+00:00\",\"dateModified\":\"2025-06-27T12:30:18+00:00\",\"breadcrumb\":{\"@id\":\"https:\\\/\\\/sofraboutiques.fr\\\/cambrai\\\/produit\\\/lion-42g\\\/#breadcrumb\"},\"inLanguage\":\"fr-FR\",\"potentialAction\":[{\"@type\":\"ReadAction\",\"target\":[\"https:\\\/\\\/sofraboutiques.fr\\\/cambrai\\\/produit\\\/lion-42g\\\/\"]}]},{\"@type\":\"ImageObject\",\"inLanguage\":\"fr-FR\",\"@id\":\"https:\\\/\\\/sofraboutiques.fr\\\/cambrai\\\/produit\\\/lion-42g\\\/#primaryimage\",\"url\":\"https:\\\/\\\/sofraboutiques.fr\\\/cambrai\\\/wp-content\\\/uploads\\\/sites\\\/3\\\/2025\\\/04\\\/Lion-42g-1.jpg\",\"contentUrl\":\"https:\\\/\\\/sofraboutiques.fr\\\/cambrai\\\/wp-content\\\/uploads\\\/sites\\\/3\\\/2025\\\/04\\\/Lion-42g-1.jpg\",\"width\":2000,\"height\":2000,\"caption\":\"Lion 42g\"},{\"@type\":\"BreadcrumbList\",\"@id\":\"https:\\\/\\\/sofraboutiques.fr\\\/cambrai\\\/produit\\\/lion-42g\\\/#breadcrumb\",\"itemListElement\":[{\"@type\":\"ListItem\",\"position\":1,\"name\":\"Accueil\",\"item\":\"https:\\\/\\\/sofraboutiques.fr\\\/cambrai\\\/\"},{\"@type\":\"ListItem\",\"position\":2,\"name\":\"Boutique\",\"item\":\"https:\\\/\\\/sofraboutiques.fr\\\/cambrai\\\/\"},{\"@type\":\"ListItem\",\"position\":3,\"name\":\"Lion 42g\"}]},{\"@type\":\"WebSite\",\"@id\":\"https:\\\/\\\/sofraboutiques.fr\\\/cambrai\\\/#website\",\"url\":\"https:\\\/\\\/sofraboutiques.fr\\\/cambrai\\\/\",\"name\":\"Sofra-Boutiques Cambrai\",\"description\":\"Cambrai\",\"publisher\":{\"@id\":\"https:\\\/\\\/sofraboutiques.fr\\\/cambrai\\\/#organization\"},\"potentialAction\":[{\"@type\":\"SearchAction\",\"target\":{\"@type\":\"EntryPoint\",\"urlTemplate\":\"https:\\\/\\\/sofraboutiques.fr\\\/cambrai\\\/?s={search_term_string}\"},\"query-input\":{\"@type\":\"PropertyValueSpecification\",\"valueRequired\":true,\"valueName\":\"search_term_string\"}}],\"inLanguage\":\"fr-FR\"},{\"@type\":\"Organization\",\"@id\":\"https:\\\/\\\/sofraboutiques.fr\\\/cambrai\\\/#organization\",\"name\":\"Sofra-Boutiques Cambrai\",\"url\":\"https:\\\/\\\/sofraboutiques.fr\\\/cambrai\\\/\",\"logo\":{\"@type\":\"ImageObject\",\"inLanguage\":\"fr-FR\",\"@id\":\"https:\\\/\\\/sofraboutiques.fr\\\/cambrai\\\/#\\\/schema\\\/logo\\\/image\\\/\",\"url\":\"https:\\\/\\\/sofraboutiques.fr\\\/cambrai\\\/wp-content\\\/uploads\\\/sites\\\/3\\\/2025\\\/04\\\/cropped-logo-sofraboutique.png\",\"contentUrl\":\"https:\\\/\\\/sofraboutiques.fr\\\/cambrai\\\/wp-content\\\/uploads\\\/sites\\\/3\\\/2025\\\/04\\\/cropped-logo-sofraboutique.png\",\"width\":2950,\"height\":1586,\"caption\":\"Sofra-Boutiques Cambrai\"},\"image\":{\"@id\":\"https:\\\/\\\/sofraboutiques.fr\\\/cambrai\\\/#\\\/schema\\\/logo\\\/image\\\/\"}}]}<\/script>\n<!-- \/ Yoast SEO plugin. -->","yoast_head_json":{"title":"Lion 42g - Sofra-Boutiques Cambrai","robots":{"index":"index","follow":"follow","max-snippet":"max-snippet:-1","max-image-preview":"max-image-preview:large","max-video-preview":"max-video-preview:-1"},"canonical":"https:\/\/sofraboutiques.fr\/cambrai\/produit\/lion-42g\/","og_locale":"fr_FR","og_type":"article","og_title":"Lion 42g - Sofra-Boutiques Cambrai","og_description":"Nutri-Score : D Quantit\u00e9 : 42\u2009g Conditionnement : Sachet Marques : Nestl\u00e9 Ingr\u00e9dients : Chocolat au LAIT (39,5\u2009%) [sucre, beurre de cacao, LAIT entier en poudre, p\u00e2te de cacao, mati\u00e8res grasses v\u00e9g\u00e9tales (palme, karit\u00e9), PETIT-LAIT en poudre, \u00e9mulsifiant (l\u00e9cithines)], sirop de glucose-fructose, farine de BL\u00c9, LAIT concentr\u00e9 sucr\u00e9 (LAIT, sucre), huile de palme, sucre, PETIT-LAIT...","og_url":"https:\/\/sofraboutiques.fr\/cambrai\/produit\/lion-42g\/","og_site_name":"Sofra-Boutiques Cambrai","article_modified_time":"2025-06-27T12:30:18+00:00","og_image":[{"width":2000,"height":2000,"url":"https:\/\/sofraboutiques.fr\/cambrai\/wp-content\/uploads\/sites\/3\/2025\/04\/Lion-42g-1.jpg","type":"image\/jpeg"}],"twitter_card":"summary_large_image","twitter_misc":{"Dur\u00e9e de lecture estim\u00e9e":"1 minute"},"schema":{"@context":"https:\/\/schema.org","@graph":[{"@type":"WebPage","@id":"https:\/\/sofraboutiques.fr\/cambrai\/produit\/lion-42g\/","url":"https:\/\/sofraboutiques.fr\/cambrai\/produit\/lion-42g\/","name":"Lion 42g - Sofra-Boutiques Cambrai","isPartOf":{"@id":"https:\/\/sofraboutiques.fr\/cambrai\/#website"},"primaryImageOfPage":{"@id":"https:\/\/sofraboutiques.fr\/cambrai\/produit\/lion-42g\/#primaryimage"},"image":{"@id":"https:\/\/sofraboutiques.fr\/cambrai\/produit\/lion-42g\/#primaryimage"},"thumbnailUrl":"https:\/\/sofraboutiques.fr\/cambrai\/wp-content\/uploads\/sites\/3\/2025\/04\/Lion-42g-1.jpg","datePublished":"2025-04-23T13:55:31+00:00","dateModified":"2025-06-27T12:30:18+00:00","breadcrumb":{"@id":"https:\/\/sofraboutiques.fr\/cambrai\/produit\/lion-42g\/#breadcrumb"},"inLanguage":"fr-FR","potentialAction":[{"@type":"ReadAction","target":["https:\/\/sofraboutiques.fr\/cambrai\/produit\/lion-42g\/"]}]},{"@type":"ImageObject","inLanguage":"fr-FR","@id":"https:\/\/sofraboutiques.fr\/cambrai\/produit\/lion-42g\/#primaryimage","url":"https:\/\/sofraboutiques.fr\/cambrai\/wp-content\/uploads\/sites\/3\/2025\/04\/Lion-42g-1.jpg","contentUrl":"https:\/\/sofraboutiques.fr\/cambrai\/wp-content\/uploads\/sites\/3\/2025\/04\/Lion-42g-1.jpg","width":2000,"height":2000,"caption":"Lion 42g"},{"@type":"BreadcrumbList","@id":"https:\/\/sofraboutiques.fr\/cambrai\/produit\/lion-42g\/#breadcrumb","itemListElement":[{"@type":"ListItem","position":1,"name":"Accueil","item":"https:\/\/sofraboutiques.fr\/cambrai\/"},{"@type":"ListItem","position":2,"name":"Boutique","item":"https:\/\/sofraboutiques.fr\/cambrai\/"},{"@type":"ListItem","position":3,"name":"Lion 42g"}]},{"@type":"WebSite","@id":"https:\/\/sofraboutiques.fr\/cambrai\/#website","url":"https:\/\/sofraboutiques.fr\/cambrai\/","name":"Sofra-Boutiques Cambrai","description":"Cambrai","publisher":{"@id":"https:\/\/sofraboutiques.fr\/cambrai\/#organization"},"potentialAction":[{"@type":"SearchAction","target":{"@type":"EntryPoint","urlTemplate":"https:\/\/sofraboutiques.fr\/cambrai\/?s={search_term_string}"},"query-input":{"@type":"PropertyValueSpecification","valueRequired":true,"valueName":"search_term_string"}}],"inLanguage":"fr-FR"},{"@type":"Organization","@id":"https:\/\/sofraboutiques.fr\/cambrai\/#organization","name":"Sofra-Boutiques Cambrai","url":"https:\/\/sofraboutiques.fr\/cambrai\/","logo":{"@type":"ImageObject","inLanguage":"fr-FR","@id":"https:\/\/sofraboutiques.fr\/cambrai\/#\/schema\/logo\/image\/","url":"https:\/\/sofraboutiques.fr\/cambrai\/wp-content\/uploads\/sites\/3\/2025\/04\/cropped-logo-sofraboutique.png","contentUrl":"https:\/\/sofraboutiques.fr\/cambrai\/wp-content\/uploads\/sites\/3\/2025\/04\/cropped-logo-sofraboutique.png","width":2950,"height":1586,"caption":"Sofra-Boutiques Cambrai"},"image":{"@id":"https:\/\/sofraboutiques.fr\/cambrai\/#\/schema\/logo\/image\/"}}]}},"_links":{"self":[{"href":"https:\/\/sofraboutiques.fr\/cambrai\/wp-json\/wp\/v2\/product\/323","targetHints":{"allow":["GET"]}}],"collection":[{"href":"https:\/\/sofraboutiques.fr\/cambrai\/wp-json\/wp\/v2\/product"}],"about":[{"href":"https:\/\/sofraboutiques.fr\/cambrai\/wp-json\/wp\/v2\/types\/product"}],"replies":[{"embeddable":true,"href":"https:\/\/sofraboutiques.fr\/cambrai\/wp-json\/wp\/v2\/comments?post=323"}],"wp:featuredmedia":[{"embeddable":true,"href":"https:\/\/sofraboutiques.fr\/cambrai\/wp-json\/wp\/v2\/media\/768"}],"wp:attachment":[{"href":"https:\/\/sofraboutiques.fr\/cambrai\/wp-json\/wp\/v2\/media?parent=323"}],"wp:term":[{"taxonomy":"product_brand","embeddable":true,"href":"https:\/\/sofraboutiques.fr\/cambrai\/wp-json\/wp\/v2\/product_brand?post=323"},{"taxonomy":"product_cat","embeddable":true,"href":"https:\/\/sofraboutiques.fr\/cambrai\/wp-json\/wp\/v2\/product_cat?post=323"},{"taxonomy":"product_tag","embeddable":true,"href":"https:\/\/sofraboutiques.fr\/cambrai\/wp-json\/wp\/v2\/product_tag?post=323"}],"curies":[{"name":"wp","href":"https:\/\/api.w.org\/{rel}","templated":true}]}}