{"id":155,"date":"2025-04-14T09:32:28","date_gmt":"2025-04-14T07:32:28","guid":{"rendered":"https:\/\/sofraboutiques.fr\/lens\/?post_type=product&#038;p=155"},"modified":"2025-04-14T09:32:31","modified_gmt":"2025-04-14T07:32:31","slug":"donut-fourre-caramel","status":"publish","type":"product","link":"https:\/\/sofraboutiques.fr\/lens\/produit\/donut-fourre-caramel\/","title":{"rendered":"Donut fourr\u00e9 caramel"},"content":{"rendered":"<p><b>Ingr\u00e9dients : <\/b><span style=\"font-weight: 400;\">Farine de bl\u00e9, 21,1% fourrage caramel ar\u00f4matis\u00e9 (sirop de glucose, lait \u00e9cr\u00e9m\u00e9 concentr\u00e9 sucr\u00e9, sucre, eau, graisse v\u00e9g\u00e9tale noix de coco, amidon modifi\u00e9 E1412, ar\u00f4me naturel, correcteur d&rsquo;acidit\u00e9 E331, g\u00e9lifiant E407, stabilisant E331iii, extrait de vanille, acidifiant E334, \u00e9mulsifiants (E471, E322), sel), eau, sucre, huile v\u00e9g\u00e9tale palme, margarine (graisses et huiles v\u00e9g\u00e9tales (palme, colza), eau, jus de citron), graisses et huiles v\u00e9g\u00e9tales (palmiste, noix de coco, palme), 1,4% trait caramel aromatis\u00e9 (sucre, graisses v\u00e9g\u00e9tales (palmiste, palme, coco), \u00e9mulsifiant E322 (tournesol), ar\u00f4me naturel, extrait de plante colorante extrait de betterave, colorant E160c, colorant alimentaire spiruline concentr\u00e9e), levure, sel, \u00e9mulsifiants (E471, E481, E472e, E322), gluten de bl\u00e9, poudres \u00e0 lever (E450i, E500iii), dextrose, stabilisant E412, lactose, lactos\u00e9rum en poudre, agent de traitement de la farine E300.<\/span><\/p>\n<p><b>ALLERG\u00c8NES<\/b><\/p>\n<p><b>Pr\u00e9sence :<\/b><span style=\"font-weight: 400;\"> Gluten-Lait, peut contenir des traces de Fruits \u00e0 coques.<\/span><\/p>\n","protected":false},"excerpt":{"rendered":"<p>Ingr\u00e9dients : Farine de bl\u00e9, 21,1% fourrage caramel ar\u00f4matis\u00e9 (sirop de glucose, lait \u00e9cr\u00e9m\u00e9 concentr\u00e9 sucr\u00e9, sucre, eau, graisse v\u00e9g\u00e9tale noix de coco, amidon modifi\u00e9 E1412, ar\u00f4me naturel, correcteur d&rsquo;acidit\u00e9 E331, g\u00e9lifiant E407, stabilisant E331iii, extrait de vanille, acidifiant E334, \u00e9mulsifiants (E471, E322), sel), eau, sucre, huile v\u00e9g\u00e9tale palme, margarine (graisses et huiles v\u00e9g\u00e9tales (palme,&#8230;<\/p>\n","protected":false},"featured_media":0,"comment_status":"open","ping_status":"closed","template":"","meta":{"_kad_post_transparent":"","_kad_post_title":"","_kad_post_layout":"","_kad_post_sidebar_id":"","_kad_post_content_style":"","_kad_post_vertical_padding":"","_kad_post_feature":"","_kad_post_feature_position":"","_kad_post_header":false,"_kad_post_footer":false,"_kad_post_classname":""},"product_brand":[],"product_cat":[19],"product_tag":[],"class_list":{"0":"post-155","1":"product","2":"type-product","3":"status-publish","5":"product_cat-desserts","7":"first","8":"instock","9":"virtual","10":"purchasable","11":"product-type-simple","12":"entry","13":"content-bg","14":"loop-entry"},"yoast_head":"<!-- This site is optimized with the Yoast SEO plugin v27.3 - https:\/\/yoast.com\/product\/yoast-seo-wordpress\/ -->\n<title>Donut fourr\u00e9 caramel - Sofra-Boutiques Lens<\/title>\n<meta name=\"robots\" content=\"index, follow, max-snippet:-1, max-image-preview:large, max-video-preview:-1\" \/>\n<link rel=\"canonical\" href=\"https:\/\/sofraboutiques.fr\/lens\/produit\/donut-fourre-caramel\/\" \/>\n<meta property=\"og:locale\" content=\"fr_FR\" \/>\n<meta property=\"og:type\" content=\"article\" \/>\n<meta property=\"og:title\" content=\"Donut fourr\u00e9 caramel - Sofra-Boutiques Lens\" \/>\n<meta property=\"og:description\" content=\"Ingr\u00e9dients : Farine de bl\u00e9, 21,1% fourrage caramel ar\u00f4matis\u00e9 (sirop de glucose, lait \u00e9cr\u00e9m\u00e9 concentr\u00e9 sucr\u00e9, sucre, eau, graisse v\u00e9g\u00e9tale noix de coco, amidon modifi\u00e9 E1412, ar\u00f4me naturel, correcteur d&rsquo;acidit\u00e9 E331, g\u00e9lifiant E407, stabilisant E331iii, extrait de vanille, acidifiant E334, \u00e9mulsifiants (E471, E322), sel), eau, sucre, huile v\u00e9g\u00e9tale palme, margarine (graisses et huiles v\u00e9g\u00e9tales (palme,...\" \/>\n<meta property=\"og:url\" content=\"https:\/\/sofraboutiques.fr\/lens\/produit\/donut-fourre-caramel\/\" \/>\n<meta property=\"og:site_name\" content=\"Sofra-Boutiques Lens\" \/>\n<meta property=\"article:modified_time\" content=\"2025-04-14T07:32:31+00:00\" \/>\n<meta name=\"twitter:card\" content=\"summary_large_image\" \/>\n<meta name=\"twitter:label1\" content=\"Dur\u00e9e de lecture estim\u00e9e\" \/>\n\t<meta name=\"twitter:data1\" content=\"1 minute\" \/>\n<script type=\"application\/ld+json\" class=\"yoast-schema-graph\">{\"@context\":\"https:\\\/\\\/schema.org\",\"@graph\":[{\"@type\":\"WebPage\",\"@id\":\"https:\\\/\\\/sofraboutiques.fr\\\/lens\\\/produit\\\/donut-fourre-caramel\\\/\",\"url\":\"https:\\\/\\\/sofraboutiques.fr\\\/lens\\\/produit\\\/donut-fourre-caramel\\\/\",\"name\":\"Donut fourr\u00e9 caramel - Sofra-Boutiques Lens\",\"isPartOf\":{\"@id\":\"https:\\\/\\\/sofraboutiques.fr\\\/lens\\\/#website\"},\"datePublished\":\"2025-04-14T07:32:28+00:00\",\"dateModified\":\"2025-04-14T07:32:31+00:00\",\"breadcrumb\":{\"@id\":\"https:\\\/\\\/sofraboutiques.fr\\\/lens\\\/produit\\\/donut-fourre-caramel\\\/#breadcrumb\"},\"inLanguage\":\"fr-FR\",\"potentialAction\":[{\"@type\":\"ReadAction\",\"target\":[\"https:\\\/\\\/sofraboutiques.fr\\\/lens\\\/produit\\\/donut-fourre-caramel\\\/\"]}]},{\"@type\":\"BreadcrumbList\",\"@id\":\"https:\\\/\\\/sofraboutiques.fr\\\/lens\\\/produit\\\/donut-fourre-caramel\\\/#breadcrumb\",\"itemListElement\":[{\"@type\":\"ListItem\",\"position\":1,\"name\":\"Accueil\",\"item\":\"https:\\\/\\\/sofraboutiques.fr\\\/lens\\\/\"},{\"@type\":\"ListItem\",\"position\":2,\"name\":\"Boutique\",\"item\":\"https:\\\/\\\/sofraboutiques.fr\\\/lens\\\/\"},{\"@type\":\"ListItem\",\"position\":3,\"name\":\"Donut fourr\u00e9 caramel\"}]},{\"@type\":\"WebSite\",\"@id\":\"https:\\\/\\\/sofraboutiques.fr\\\/lens\\\/#website\",\"url\":\"https:\\\/\\\/sofraboutiques.fr\\\/lens\\\/\",\"name\":\"Sofra-Boutiques Lens\",\"description\":\"\",\"publisher\":{\"@id\":\"https:\\\/\\\/sofraboutiques.fr\\\/lens\\\/#organization\"},\"potentialAction\":[{\"@type\":\"SearchAction\",\"target\":{\"@type\":\"EntryPoint\",\"urlTemplate\":\"https:\\\/\\\/sofraboutiques.fr\\\/lens\\\/?s={search_term_string}\"},\"query-input\":{\"@type\":\"PropertyValueSpecification\",\"valueRequired\":true,\"valueName\":\"search_term_string\"}}],\"inLanguage\":\"fr-FR\"},{\"@type\":\"Organization\",\"@id\":\"https:\\\/\\\/sofraboutiques.fr\\\/lens\\\/#organization\",\"name\":\"Sofra-Boutiques Lens\",\"url\":\"https:\\\/\\\/sofraboutiques.fr\\\/lens\\\/\",\"logo\":{\"@type\":\"ImageObject\",\"inLanguage\":\"fr-FR\",\"@id\":\"https:\\\/\\\/sofraboutiques.fr\\\/lens\\\/#\\\/schema\\\/logo\\\/image\\\/\",\"url\":\"https:\\\/\\\/sofraboutiques.fr\\\/lens\\\/wp-content\\\/uploads\\\/sites\\\/4\\\/2025\\\/04\\\/cropped-logo-sofraboutique.png\",\"contentUrl\":\"https:\\\/\\\/sofraboutiques.fr\\\/lens\\\/wp-content\\\/uploads\\\/sites\\\/4\\\/2025\\\/04\\\/cropped-logo-sofraboutique.png\",\"width\":2950,\"height\":1620,\"caption\":\"Sofra-Boutiques Lens\"},\"image\":{\"@id\":\"https:\\\/\\\/sofraboutiques.fr\\\/lens\\\/#\\\/schema\\\/logo\\\/image\\\/\"}}]}<\/script>\n<!-- \/ Yoast SEO plugin. -->","yoast_head_json":{"title":"Donut fourr\u00e9 caramel - Sofra-Boutiques Lens","robots":{"index":"index","follow":"follow","max-snippet":"max-snippet:-1","max-image-preview":"max-image-preview:large","max-video-preview":"max-video-preview:-1"},"canonical":"https:\/\/sofraboutiques.fr\/lens\/produit\/donut-fourre-caramel\/","og_locale":"fr_FR","og_type":"article","og_title":"Donut fourr\u00e9 caramel - Sofra-Boutiques Lens","og_description":"Ingr\u00e9dients : Farine de bl\u00e9, 21,1% fourrage caramel ar\u00f4matis\u00e9 (sirop de glucose, lait \u00e9cr\u00e9m\u00e9 concentr\u00e9 sucr\u00e9, sucre, eau, graisse v\u00e9g\u00e9tale noix de coco, amidon modifi\u00e9 E1412, ar\u00f4me naturel, correcteur d&rsquo;acidit\u00e9 E331, g\u00e9lifiant E407, stabilisant E331iii, extrait de vanille, acidifiant E334, \u00e9mulsifiants (E471, E322), sel), eau, sucre, huile v\u00e9g\u00e9tale palme, margarine (graisses et huiles v\u00e9g\u00e9tales (palme,...","og_url":"https:\/\/sofraboutiques.fr\/lens\/produit\/donut-fourre-caramel\/","og_site_name":"Sofra-Boutiques Lens","article_modified_time":"2025-04-14T07:32:31+00:00","twitter_card":"summary_large_image","twitter_misc":{"Dur\u00e9e de lecture estim\u00e9e":"1 minute"},"schema":{"@context":"https:\/\/schema.org","@graph":[{"@type":"WebPage","@id":"https:\/\/sofraboutiques.fr\/lens\/produit\/donut-fourre-caramel\/","url":"https:\/\/sofraboutiques.fr\/lens\/produit\/donut-fourre-caramel\/","name":"Donut fourr\u00e9 caramel - Sofra-Boutiques Lens","isPartOf":{"@id":"https:\/\/sofraboutiques.fr\/lens\/#website"},"datePublished":"2025-04-14T07:32:28+00:00","dateModified":"2025-04-14T07:32:31+00:00","breadcrumb":{"@id":"https:\/\/sofraboutiques.fr\/lens\/produit\/donut-fourre-caramel\/#breadcrumb"},"inLanguage":"fr-FR","potentialAction":[{"@type":"ReadAction","target":["https:\/\/sofraboutiques.fr\/lens\/produit\/donut-fourre-caramel\/"]}]},{"@type":"BreadcrumbList","@id":"https:\/\/sofraboutiques.fr\/lens\/produit\/donut-fourre-caramel\/#breadcrumb","itemListElement":[{"@type":"ListItem","position":1,"name":"Accueil","item":"https:\/\/sofraboutiques.fr\/lens\/"},{"@type":"ListItem","position":2,"name":"Boutique","item":"https:\/\/sofraboutiques.fr\/lens\/"},{"@type":"ListItem","position":3,"name":"Donut fourr\u00e9 caramel"}]},{"@type":"WebSite","@id":"https:\/\/sofraboutiques.fr\/lens\/#website","url":"https:\/\/sofraboutiques.fr\/lens\/","name":"Sofra-Boutiques Lens","description":"","publisher":{"@id":"https:\/\/sofraboutiques.fr\/lens\/#organization"},"potentialAction":[{"@type":"SearchAction","target":{"@type":"EntryPoint","urlTemplate":"https:\/\/sofraboutiques.fr\/lens\/?s={search_term_string}"},"query-input":{"@type":"PropertyValueSpecification","valueRequired":true,"valueName":"search_term_string"}}],"inLanguage":"fr-FR"},{"@type":"Organization","@id":"https:\/\/sofraboutiques.fr\/lens\/#organization","name":"Sofra-Boutiques Lens","url":"https:\/\/sofraboutiques.fr\/lens\/","logo":{"@type":"ImageObject","inLanguage":"fr-FR","@id":"https:\/\/sofraboutiques.fr\/lens\/#\/schema\/logo\/image\/","url":"https:\/\/sofraboutiques.fr\/lens\/wp-content\/uploads\/sites\/4\/2025\/04\/cropped-logo-sofraboutique.png","contentUrl":"https:\/\/sofraboutiques.fr\/lens\/wp-content\/uploads\/sites\/4\/2025\/04\/cropped-logo-sofraboutique.png","width":2950,"height":1620,"caption":"Sofra-Boutiques Lens"},"image":{"@id":"https:\/\/sofraboutiques.fr\/lens\/#\/schema\/logo\/image\/"}}]}},"_links":{"self":[{"href":"https:\/\/sofraboutiques.fr\/lens\/wp-json\/wp\/v2\/product\/155","targetHints":{"allow":["GET"]}}],"collection":[{"href":"https:\/\/sofraboutiques.fr\/lens\/wp-json\/wp\/v2\/product"}],"about":[{"href":"https:\/\/sofraboutiques.fr\/lens\/wp-json\/wp\/v2\/types\/product"}],"replies":[{"embeddable":true,"href":"https:\/\/sofraboutiques.fr\/lens\/wp-json\/wp\/v2\/comments?post=155"}],"wp:attachment":[{"href":"https:\/\/sofraboutiques.fr\/lens\/wp-json\/wp\/v2\/media?parent=155"}],"wp:term":[{"taxonomy":"product_brand","embeddable":true,"href":"https:\/\/sofraboutiques.fr\/lens\/wp-json\/wp\/v2\/product_brand?post=155"},{"taxonomy":"product_cat","embeddable":true,"href":"https:\/\/sofraboutiques.fr\/lens\/wp-json\/wp\/v2\/product_cat?post=155"},{"taxonomy":"product_tag","embeddable":true,"href":"https:\/\/sofraboutiques.fr\/lens\/wp-json\/wp\/v2\/product_tag?post=155"}],"curies":[{"name":"wp","href":"https:\/\/api.w.org\/{rel}","templated":true}]}}