{"id":297,"date":"2025-04-14T09:33:01","date_gmt":"2025-04-14T07:33:01","guid":{"rendered":"https:\/\/sofraboutiques.fr\/lens\/?post_type=product&#038;p=297"},"modified":"2025-04-14T09:33:05","modified_gmt":"2025-04-14T07:33:05","slug":"gerble-choco-46g","status":"publish","type":"product","link":"https:\/\/sofraboutiques.fr\/lens\/produit\/gerble-choco-46g\/","title":{"rendered":"Gerbl\u00e9 choco 46g"},"content":{"rendered":"<p>Nutri-Score : C<\/p>\n<p><b>Quantit\u00e9<\/b><span style=\"font-weight: 400;\"> : 46g<\/span><\/p>\n<p><b>Conditionnement<\/b><span style=\"font-weight: 400;\"> : Carton<\/span><\/p>\n<p><b>Marques<\/b><span style=\"font-weight: 400;\"> : Gerbl\u00e9<\/span><\/p>\n<p><b>Ingr\u00e9dients<\/b><span style=\"font-weight: 400;\"> : Farine de bl\u00e9 50,1%, sucre de canne roux, huile de colza 14,2%, p\u00e9pites de chocolat 9,5% (p\u00e2te de cacao, sucre, beurre de cacao, \u00e9mulsifiant : l\u00e9cithines de soja), germe de bl\u00e9 5,4 %, farine de lupin, lait ferment\u00e9 \u00e9cr\u00e9m\u00e9 en poudre 2,3 %, poudres \u00e0 lever (tartrates de potassium, carbonates de sodium, carbonates d&rsquo;ammonium), fibres d&rsquo;avoine, calcium, magn\u00e9sium, sel de mer, ar\u00f4me naturel de vanille, \u00e9mulsifiant : l\u00e9cithines de colza, prot\u00e9ines de lait, amidon de bl\u00e9, vitamines B1, B6, B9, PP et E (lactose, prot\u00e9ines de lait).<\/span><\/p>\n<p><b>Allerg\u00e8nes<\/b><span style=\"font-weight: 400;\"> : Gluten, Lupin, Lait, Soja, Avoine<\/span><\/p>\n<p><b>Traces<\/b><span style=\"font-weight: 400;\"> : \u0152ufs, Fruits \u00e0 coque<\/span><\/p>\n<p>&nbsp;<\/p>\n<table>\n<tbody>\n<tr>\n<td><b>Tableau nutritionnel<\/b><\/td>\n<td><b>Tel que vendu<\/b><\/p>\n<p><b>pour 100 g \/ 100 ml<\/b><\/td>\n<td><b>Tel que vendu<\/b><\/p>\n<p><b>par portion (46 g)<\/b><\/td>\n<\/tr>\n<tr>\n<td><span style=\"font-weight: 400;\">\u00c9nergie<\/span><\/td>\n<td><span style=\"font-weight: 400;\">1 879 kj<\/span><\/p>\n<p><span style=\"font-weight: 400;\">(449 kcal)<\/span><\/td>\n<td><span style=\"font-weight: 400;\">864 kj<\/span><\/p>\n<p><span style=\"font-weight: 400;\">(207 kcal)<\/span><\/td>\n<\/tr>\n<tr>\n<td><span style=\"font-weight: 400;\">Mati\u00e8res grasses<\/span><\/td>\n<td><span style=\"font-weight: 400;\">17 g<\/span><\/td>\n<td><span style=\"font-weight: 400;\">7,82 g<\/span><\/td>\n<\/tr>\n<tr>\n<td><span style=\"font-weight: 400;\">Acides gras satur\u00e9s<\/span><\/td>\n<td><span style=\"font-weight: 400;\">2,7 g<\/span><\/td>\n<td><span style=\"font-weight: 400;\">1,24 g<\/span><\/td>\n<\/tr>\n<tr>\n<td><span style=\"font-weight: 400;\">Glucides<\/span><\/td>\n<td><span style=\"font-weight: 400;\">61 g<\/span><\/td>\n<td><span style=\"font-weight: 400;\">28,1 g<\/span><\/td>\n<\/tr>\n<tr>\n<td><span style=\"font-weight: 400;\">Sucres<\/span><\/td>\n<td><span style=\"font-weight: 400;\">22 g<\/span><\/td>\n<td><span style=\"font-weight: 400;\">10,1 g<\/span><\/td>\n<\/tr>\n<tr>\n<td><span style=\"font-weight: 400;\">Fibres alimentaires<\/span><\/td>\n<td><span style=\"font-weight: 400;\">4,6 g<\/span><\/td>\n<td><span style=\"font-weight: 400;\">2,12 g<\/span><\/td>\n<\/tr>\n<tr>\n<td><span style=\"font-weight: 400;\">Prot\u00e9ines<\/span><\/td>\n<td><span style=\"font-weight: 400;\">10 g<\/span><\/td>\n<td><span style=\"font-weight: 400;\">4,6 g<\/span><\/td>\n<\/tr>\n<tr>\n<td><span style=\"font-weight: 400;\">Sel<\/span><\/td>\n<td><span style=\"font-weight: 400;\">0,68 g<\/span><\/td>\n<td><span style=\"font-weight: 400;\">0,313 g<\/span><\/td>\n<\/tr>\n<tr>\n<td><span style=\"font-weight: 400;\">Alcool<\/span><\/td>\n<td><span style=\"font-weight: 400;\">0 % vol<\/span><\/td>\n<td><span style=\"font-weight: 400;\">0 % vol<\/span><\/td>\n<\/tr>\n<tr>\n<td><span style=\"font-weight: 400;\">Vitamine E (tocoph\u00e9rol)<\/span><\/td>\n<td><span style=\"font-weight: 400;\">5,1 mg<\/span><\/td>\n<td><span style=\"font-weight: 400;\">2,35 mg<\/span><\/td>\n<\/tr>\n<tr>\n<td><span style=\"font-weight: 400;\">Vitamine B1 (Thiamine)<\/span><\/td>\n<td><span style=\"font-weight: 400;\">0,38 mg<\/span><\/td>\n<td><span style=\"font-weight: 400;\">0,175 mg<\/span><\/td>\n<\/tr>\n<tr>\n<td><span style=\"font-weight: 400;\">Vitamine B3\/PP (Niacine)<\/span><\/td>\n<td><span style=\"font-weight: 400;\">3,6 mg<\/span><\/td>\n<td><span style=\"font-weight: 400;\">1,66 mg<\/span><\/td>\n<\/tr>\n<tr>\n<td><span style=\"font-weight: 400;\">Vitamine B6 (Pyridoxine)<\/span><\/td>\n<td><span style=\"font-weight: 400;\">0,36 mg<\/span><\/td>\n<td><span style=\"font-weight: 400;\">0,166 mg<\/span><\/td>\n<\/tr>\n<tr>\n<td><span style=\"font-weight: 400;\">Vitamine B9 (Acide folique)<\/span><\/td>\n<td><span style=\"font-weight: 400;\">70 \u00b5g<\/span><\/td>\n<td><span style=\"font-weight: 400;\">32,2 \u00b5g<\/span><\/td>\n<\/tr>\n<tr>\n<td><span style=\"font-weight: 400;\">Calcium<\/span><\/td>\n<td><span style=\"font-weight: 400;\">240 mg<\/span><\/td>\n<td><span style=\"font-weight: 400;\">110 mg<\/span><\/td>\n<\/tr>\n<tr>\n<td><span style=\"font-weight: 400;\">Fer<\/span><\/td>\n<td><span style=\"font-weight: 400;\">4,8 mg<\/span><\/td>\n<td><span style=\"font-weight: 400;\">2,21 mg<\/span><\/td>\n<\/tr>\n<tr>\n<td><span style=\"font-weight: 400;\">Magn\u00e9sium<\/span><\/td>\n<td><span style=\"font-weight: 400;\">190 mg<\/span><\/td>\n<td><span style=\"font-weight: 400;\">87,4 mg<\/span><\/td>\n<\/tr>\n<tr>\n<td><span style=\"font-weight: 400;\">Fruits\u201a l\u00e9gumes\u201a noix et huiles de colza\u201a noix et olive (estimation par analyse de la liste des ingr\u00e9dients)<\/span><\/td>\n<td><span style=\"font-weight: 400;\">14,2 %<\/span><\/td>\n<td><span style=\"font-weight: 400;\">14,2 %<\/span><\/td>\n<\/tr>\n<\/tbody>\n<\/table>\n","protected":false},"excerpt":{"rendered":"<p>Nutri-Score : C Quantit\u00e9 : 46g Conditionnement : Carton Marques : Gerbl\u00e9 Ingr\u00e9dients : Farine de bl\u00e9 50,1%, sucre de canne roux, huile de colza 14,2%, p\u00e9pites de chocolat 9,5% (p\u00e2te de cacao, sucre, beurre de cacao, \u00e9mulsifiant : l\u00e9cithines de soja), germe de bl\u00e9 5,4 %, farine de lupin, lait ferment\u00e9 \u00e9cr\u00e9m\u00e9 en poudre&#8230;<\/p>\n","protected":false},"featured_media":0,"comment_status":"open","ping_status":"closed","template":"","meta":{"_kad_post_transparent":"","_kad_post_title":"","_kad_post_layout":"","_kad_post_sidebar_id":"","_kad_post_content_style":"","_kad_post_vertical_padding":"","_kad_post_feature":"","_kad_post_feature_position":"","_kad_post_header":false,"_kad_post_footer":false,"_kad_post_classname":""},"product_brand":[],"product_cat":[25],"product_tag":[],"class_list":{"0":"post-297","1":"product","2":"type-product","3":"status-publish","5":"product_cat-friandises","7":"first","8":"instock","9":"shipping-taxable","10":"product-type-simple","11":"entry","12":"content-bg","13":"loop-entry"},"yoast_head":"<!-- This site is optimized with the Yoast SEO plugin v27.3 - https:\/\/yoast.com\/product\/yoast-seo-wordpress\/ -->\n<title>Gerbl\u00e9 choco 46g - Sofra-Boutiques Lens<\/title>\n<meta name=\"robots\" content=\"index, follow, max-snippet:-1, max-image-preview:large, max-video-preview:-1\" \/>\n<link rel=\"canonical\" href=\"https:\/\/sofraboutiques.fr\/lens\/produit\/gerble-choco-46g\/\" \/>\n<meta property=\"og:locale\" content=\"fr_FR\" \/>\n<meta property=\"og:type\" content=\"article\" \/>\n<meta property=\"og:title\" content=\"Gerbl\u00e9 choco 46g - Sofra-Boutiques Lens\" \/>\n<meta property=\"og:description\" content=\"Nutri-Score : C Quantit\u00e9 : 46g Conditionnement : Carton Marques : Gerbl\u00e9 Ingr\u00e9dients : Farine de bl\u00e9 50,1%, sucre de canne roux, huile de colza 14,2%, p\u00e9pites de chocolat 9,5% (p\u00e2te de cacao, sucre, beurre de cacao, \u00e9mulsifiant : l\u00e9cithines de soja), germe de bl\u00e9 5,4 %, farine de lupin, lait ferment\u00e9 \u00e9cr\u00e9m\u00e9 en poudre...\" \/>\n<meta property=\"og:url\" content=\"https:\/\/sofraboutiques.fr\/lens\/produit\/gerble-choco-46g\/\" \/>\n<meta property=\"og:site_name\" content=\"Sofra-Boutiques Lens\" \/>\n<meta property=\"article:modified_time\" content=\"2025-04-14T07:33:05+00:00\" \/>\n<meta name=\"twitter:card\" content=\"summary_large_image\" \/>\n<meta name=\"twitter:label1\" content=\"Dur\u00e9e de lecture estim\u00e9e\" \/>\n\t<meta name=\"twitter:data1\" content=\"1 minute\" \/>\n<script type=\"application\/ld+json\" class=\"yoast-schema-graph\">{\"@context\":\"https:\\\/\\\/schema.org\",\"@graph\":[{\"@type\":\"WebPage\",\"@id\":\"https:\\\/\\\/sofraboutiques.fr\\\/lens\\\/produit\\\/gerble-choco-46g\\\/\",\"url\":\"https:\\\/\\\/sofraboutiques.fr\\\/lens\\\/produit\\\/gerble-choco-46g\\\/\",\"name\":\"Gerbl\u00e9 choco 46g - Sofra-Boutiques Lens\",\"isPartOf\":{\"@id\":\"https:\\\/\\\/sofraboutiques.fr\\\/lens\\\/#website\"},\"datePublished\":\"2025-04-14T07:33:01+00:00\",\"dateModified\":\"2025-04-14T07:33:05+00:00\",\"breadcrumb\":{\"@id\":\"https:\\\/\\\/sofraboutiques.fr\\\/lens\\\/produit\\\/gerble-choco-46g\\\/#breadcrumb\"},\"inLanguage\":\"fr-FR\",\"potentialAction\":[{\"@type\":\"ReadAction\",\"target\":[\"https:\\\/\\\/sofraboutiques.fr\\\/lens\\\/produit\\\/gerble-choco-46g\\\/\"]}]},{\"@type\":\"BreadcrumbList\",\"@id\":\"https:\\\/\\\/sofraboutiques.fr\\\/lens\\\/produit\\\/gerble-choco-46g\\\/#breadcrumb\",\"itemListElement\":[{\"@type\":\"ListItem\",\"position\":1,\"name\":\"Accueil\",\"item\":\"https:\\\/\\\/sofraboutiques.fr\\\/lens\\\/\"},{\"@type\":\"ListItem\",\"position\":2,\"name\":\"Boutique\",\"item\":\"https:\\\/\\\/sofraboutiques.fr\\\/lens\\\/\"},{\"@type\":\"ListItem\",\"position\":3,\"name\":\"Gerbl\u00e9 choco 46g\"}]},{\"@type\":\"WebSite\",\"@id\":\"https:\\\/\\\/sofraboutiques.fr\\\/lens\\\/#website\",\"url\":\"https:\\\/\\\/sofraboutiques.fr\\\/lens\\\/\",\"name\":\"Sofra-Boutiques Lens\",\"description\":\"\",\"publisher\":{\"@id\":\"https:\\\/\\\/sofraboutiques.fr\\\/lens\\\/#organization\"},\"potentialAction\":[{\"@type\":\"SearchAction\",\"target\":{\"@type\":\"EntryPoint\",\"urlTemplate\":\"https:\\\/\\\/sofraboutiques.fr\\\/lens\\\/?s={search_term_string}\"},\"query-input\":{\"@type\":\"PropertyValueSpecification\",\"valueRequired\":true,\"valueName\":\"search_term_string\"}}],\"inLanguage\":\"fr-FR\"},{\"@type\":\"Organization\",\"@id\":\"https:\\\/\\\/sofraboutiques.fr\\\/lens\\\/#organization\",\"name\":\"Sofra-Boutiques Lens\",\"url\":\"https:\\\/\\\/sofraboutiques.fr\\\/lens\\\/\",\"logo\":{\"@type\":\"ImageObject\",\"inLanguage\":\"fr-FR\",\"@id\":\"https:\\\/\\\/sofraboutiques.fr\\\/lens\\\/#\\\/schema\\\/logo\\\/image\\\/\",\"url\":\"https:\\\/\\\/sofraboutiques.fr\\\/lens\\\/wp-content\\\/uploads\\\/sites\\\/4\\\/2025\\\/04\\\/cropped-logo-sofraboutique.png\",\"contentUrl\":\"https:\\\/\\\/sofraboutiques.fr\\\/lens\\\/wp-content\\\/uploads\\\/sites\\\/4\\\/2025\\\/04\\\/cropped-logo-sofraboutique.png\",\"width\":2950,\"height\":1620,\"caption\":\"Sofra-Boutiques Lens\"},\"image\":{\"@id\":\"https:\\\/\\\/sofraboutiques.fr\\\/lens\\\/#\\\/schema\\\/logo\\\/image\\\/\"}}]}<\/script>\n<!-- \/ Yoast SEO plugin. -->","yoast_head_json":{"title":"Gerbl\u00e9 choco 46g - Sofra-Boutiques Lens","robots":{"index":"index","follow":"follow","max-snippet":"max-snippet:-1","max-image-preview":"max-image-preview:large","max-video-preview":"max-video-preview:-1"},"canonical":"https:\/\/sofraboutiques.fr\/lens\/produit\/gerble-choco-46g\/","og_locale":"fr_FR","og_type":"article","og_title":"Gerbl\u00e9 choco 46g - Sofra-Boutiques Lens","og_description":"Nutri-Score : C Quantit\u00e9 : 46g Conditionnement : Carton Marques : Gerbl\u00e9 Ingr\u00e9dients : Farine de bl\u00e9 50,1%, sucre de canne roux, huile de colza 14,2%, p\u00e9pites de chocolat 9,5% (p\u00e2te de cacao, sucre, beurre de cacao, \u00e9mulsifiant : l\u00e9cithines de soja), germe de bl\u00e9 5,4 %, farine de lupin, lait ferment\u00e9 \u00e9cr\u00e9m\u00e9 en poudre...","og_url":"https:\/\/sofraboutiques.fr\/lens\/produit\/gerble-choco-46g\/","og_site_name":"Sofra-Boutiques Lens","article_modified_time":"2025-04-14T07:33:05+00:00","twitter_card":"summary_large_image","twitter_misc":{"Dur\u00e9e de lecture estim\u00e9e":"1 minute"},"schema":{"@context":"https:\/\/schema.org","@graph":[{"@type":"WebPage","@id":"https:\/\/sofraboutiques.fr\/lens\/produit\/gerble-choco-46g\/","url":"https:\/\/sofraboutiques.fr\/lens\/produit\/gerble-choco-46g\/","name":"Gerbl\u00e9 choco 46g - Sofra-Boutiques Lens","isPartOf":{"@id":"https:\/\/sofraboutiques.fr\/lens\/#website"},"datePublished":"2025-04-14T07:33:01+00:00","dateModified":"2025-04-14T07:33:05+00:00","breadcrumb":{"@id":"https:\/\/sofraboutiques.fr\/lens\/produit\/gerble-choco-46g\/#breadcrumb"},"inLanguage":"fr-FR","potentialAction":[{"@type":"ReadAction","target":["https:\/\/sofraboutiques.fr\/lens\/produit\/gerble-choco-46g\/"]}]},{"@type":"BreadcrumbList","@id":"https:\/\/sofraboutiques.fr\/lens\/produit\/gerble-choco-46g\/#breadcrumb","itemListElement":[{"@type":"ListItem","position":1,"name":"Accueil","item":"https:\/\/sofraboutiques.fr\/lens\/"},{"@type":"ListItem","position":2,"name":"Boutique","item":"https:\/\/sofraboutiques.fr\/lens\/"},{"@type":"ListItem","position":3,"name":"Gerbl\u00e9 choco 46g"}]},{"@type":"WebSite","@id":"https:\/\/sofraboutiques.fr\/lens\/#website","url":"https:\/\/sofraboutiques.fr\/lens\/","name":"Sofra-Boutiques Lens","description":"","publisher":{"@id":"https:\/\/sofraboutiques.fr\/lens\/#organization"},"potentialAction":[{"@type":"SearchAction","target":{"@type":"EntryPoint","urlTemplate":"https:\/\/sofraboutiques.fr\/lens\/?s={search_term_string}"},"query-input":{"@type":"PropertyValueSpecification","valueRequired":true,"valueName":"search_term_string"}}],"inLanguage":"fr-FR"},{"@type":"Organization","@id":"https:\/\/sofraboutiques.fr\/lens\/#organization","name":"Sofra-Boutiques Lens","url":"https:\/\/sofraboutiques.fr\/lens\/","logo":{"@type":"ImageObject","inLanguage":"fr-FR","@id":"https:\/\/sofraboutiques.fr\/lens\/#\/schema\/logo\/image\/","url":"https:\/\/sofraboutiques.fr\/lens\/wp-content\/uploads\/sites\/4\/2025\/04\/cropped-logo-sofraboutique.png","contentUrl":"https:\/\/sofraboutiques.fr\/lens\/wp-content\/uploads\/sites\/4\/2025\/04\/cropped-logo-sofraboutique.png","width":2950,"height":1620,"caption":"Sofra-Boutiques Lens"},"image":{"@id":"https:\/\/sofraboutiques.fr\/lens\/#\/schema\/logo\/image\/"}}]}},"_links":{"self":[{"href":"https:\/\/sofraboutiques.fr\/lens\/wp-json\/wp\/v2\/product\/297","targetHints":{"allow":["GET"]}}],"collection":[{"href":"https:\/\/sofraboutiques.fr\/lens\/wp-json\/wp\/v2\/product"}],"about":[{"href":"https:\/\/sofraboutiques.fr\/lens\/wp-json\/wp\/v2\/types\/product"}],"replies":[{"embeddable":true,"href":"https:\/\/sofraboutiques.fr\/lens\/wp-json\/wp\/v2\/comments?post=297"}],"wp:attachment":[{"href":"https:\/\/sofraboutiques.fr\/lens\/wp-json\/wp\/v2\/media?parent=297"}],"wp:term":[{"taxonomy":"product_brand","embeddable":true,"href":"https:\/\/sofraboutiques.fr\/lens\/wp-json\/wp\/v2\/product_brand?post=297"},{"taxonomy":"product_cat","embeddable":true,"href":"https:\/\/sofraboutiques.fr\/lens\/wp-json\/wp\/v2\/product_cat?post=297"},{"taxonomy":"product_tag","embeddable":true,"href":"https:\/\/sofraboutiques.fr\/lens\/wp-json\/wp\/v2\/product_tag?post=297"}],"curies":[{"name":"wp","href":"https:\/\/api.w.org\/{rel}","templated":true}]}}