{"id":315,"date":"2025-04-14T09:33:08","date_gmt":"2025-04-14T07:33:08","guid":{"rendered":"https:\/\/sofraboutiques.fr\/lens\/?post_type=product&#038;p=315"},"modified":"2025-04-14T09:33:11","modified_gmt":"2025-04-14T07:33:11","slug":"haribo-world-mix-120g","status":"publish","type":"product","link":"https:\/\/sofraboutiques.fr\/lens\/produit\/haribo-world-mix-120g\/","title":{"rendered":"Haribo World Mix 120g"},"content":{"rendered":"<p>Nutri-Score : D<\/p>\n<p><b>Quantit\u00e9<\/b><span style=\"font-weight: 400;\"> : 120g<\/span><\/p>\n<p><b>Conditionnement<\/b><span style=\"font-weight: 400;\"> : Sachet<\/span><\/p>\n<p><b>Marques<\/b><span style=\"font-weight: 400;\"> : Haribo<\/span><\/p>\n<p><b>Ingr\u00e9dients<\/b><span style=\"font-weight: 400;\"> : Sirop de glucose-fructose, sucre, farine de bl\u00e9, g\u00e9latine, dextrose, amidon de ma\u00efs, amidon de bl\u00e9, acidifiants: acide citrique, acide malique, correcteurs d&rsquo;acidit\u00e9: citrate monosodique, malate acide de sodium, graisse de palme, \u00e9mulsifiant: mono &#8211; et diglyc\u00e9rides d&rsquo;acides gras, g\u00e9lifiant: agar-agar, ar\u00f4me, concentr\u00e9s de fruits et de plantes: orange, baie de sureau, citron, mangue, fruit de la passion, cassis, aronie, raisin, ortie, pomme, \u00e9pinard, kiwi, carotte, hibiscus, carthame, patate douce, radis, spiruline, extrait de fruit (caroube), extrait de baie de sureau, sirop de caramel, colorants: curcumine, carmins, bleu patent\u00e9 V, complexes cuivre-chlorophylles et cuivre &#8211; chlorophyllines, charbon v\u00e9g\u00e9tal m\u00e9dicinal, carot\u00e8nes v\u00e9g\u00e9taux, anthocyanes, lut\u00e9ine, agents d&rsquo;enrobage: cire d&rsquo;abeille blanche et jaune, cire de carnauba, sirop de sucre inverti<\/span><\/p>\n<p><b>Allerg\u00e8nes<\/b><span style=\"font-weight: 400;\"> : Gluten<\/span><\/p>\n<p><b>Traces<\/b><span style=\"font-weight: 400;\"> :<\/span><\/p>\n<p>&nbsp;<\/p>\n<table>\n<tbody>\n<tr>\n<td><b>Tableau nutritionnel<\/b><\/td>\n<td><b>Tel que vendu<\/b><\/p>\n<p><b>pour 100 g \/ 100 ml<\/b><\/td>\n<td><b>Tel que vendu<\/b><\/p>\n<p><b>par portion (25 g)<\/b><\/td>\n<\/tr>\n<tr>\n<td><span style=\"font-weight: 400;\">\u00c9nergie<\/span><\/td>\n<td><span style=\"font-weight: 400;\">1 464 kj<\/span><\/p>\n<p><span style=\"font-weight: 400;\">(350 kcal)<\/span><\/td>\n<td><span style=\"font-weight: 400;\">366 kj<\/span><\/p>\n<p><span style=\"font-weight: 400;\">(87 kcal)<\/span><\/td>\n<\/tr>\n<tr>\n<td><span style=\"font-weight: 400;\">Mati\u00e8res grasses<\/span><\/td>\n<td><span style=\"font-weight: 400;\">1,3 g<\/span><\/td>\n<td><span style=\"font-weight: 400;\">0,325 g<\/span><\/td>\n<\/tr>\n<tr>\n<td><span style=\"font-weight: 400;\">Acides gras satur\u00e9s<\/span><\/td>\n<td><span style=\"font-weight: 400;\">0,8 g<\/span><\/td>\n<td><span style=\"font-weight: 400;\">0,2 g<\/span><\/td>\n<\/tr>\n<tr>\n<td><span style=\"font-weight: 400;\">Glucides<\/span><\/td>\n<td><span style=\"font-weight: 400;\">80 g<\/span><\/td>\n<td><span style=\"font-weight: 400;\">20 g<\/span><\/td>\n<\/tr>\n<tr>\n<td><span style=\"font-weight: 400;\">Sucres<\/span><\/td>\n<td><span style=\"font-weight: 400;\">54 g<\/span><\/td>\n<td><span style=\"font-weight: 400;\">13,5 g<\/span><\/td>\n<\/tr>\n<tr>\n<td><span style=\"font-weight: 400;\">Fibres alimentaires<\/span><\/td>\n<td><span style=\"font-weight: 400;\">?<\/span><\/td>\n<td><span style=\"font-weight: 400;\">?<\/span><\/td>\n<\/tr>\n<tr>\n<td><span style=\"font-weight: 400;\">Prot\u00e9ines<\/span><\/td>\n<td><span style=\"font-weight: 400;\">4 g<\/span><\/td>\n<td><span style=\"font-weight: 400;\">1 g<\/span><\/td>\n<\/tr>\n<tr>\n<td><span style=\"font-weight: 400;\">Sel<\/span><\/td>\n<td><span style=\"font-weight: 400;\">0 g<\/span><\/td>\n<td><span style=\"font-weight: 400;\">0 g<\/span><\/td>\n<\/tr>\n<tr>\n<td><span style=\"font-weight: 400;\">Fruits\u201a l\u00e9gumes\u201a noix et huiles de colza\u201a noix et olive (estimation par analyse de la liste des ingr\u00e9dients)<\/span><\/td>\n<td><span style=\"font-weight: 400;\">0,003 %<\/span><\/td>\n<td><span style=\"font-weight: 400;\">0,003 %<\/span><\/td>\n<\/tr>\n<\/tbody>\n<\/table>\n","protected":false},"excerpt":{"rendered":"<p>Nutri-Score : D Quantit\u00e9 : 120g Conditionnement : Sachet Marques : Haribo Ingr\u00e9dients : Sirop de glucose-fructose, sucre, farine de bl\u00e9, g\u00e9latine, dextrose, amidon de ma\u00efs, amidon de bl\u00e9, acidifiants: acide citrique, acide malique, correcteurs d&rsquo;acidit\u00e9: citrate monosodique, malate acide de sodium, graisse de palme, \u00e9mulsifiant: mono &#8211; et diglyc\u00e9rides d&rsquo;acides gras, g\u00e9lifiant: agar-agar, ar\u00f4me,&#8230;<\/p>\n","protected":false},"featured_media":0,"comment_status":"open","ping_status":"closed","template":"","meta":{"_kad_post_transparent":"","_kad_post_title":"","_kad_post_layout":"","_kad_post_sidebar_id":"","_kad_post_content_style":"","_kad_post_vertical_padding":"","_kad_post_feature":"","_kad_post_feature_position":"","_kad_post_header":false,"_kad_post_footer":false,"_kad_post_classname":""},"product_brand":[],"product_cat":[25],"product_tag":[],"class_list":{"0":"post-315","1":"product","2":"type-product","3":"status-publish","5":"product_cat-friandises","7":"first","8":"instock","9":"virtual","10":"purchasable","11":"product-type-simple","12":"entry","13":"content-bg","14":"loop-entry"},"yoast_head":"<!-- This site is optimized with the Yoast SEO plugin v27.3 - https:\/\/yoast.com\/product\/yoast-seo-wordpress\/ -->\n<title>Haribo World Mix 120g - Sofra-Boutiques Lens<\/title>\n<meta name=\"robots\" content=\"index, follow, max-snippet:-1, max-image-preview:large, max-video-preview:-1\" \/>\n<link rel=\"canonical\" href=\"https:\/\/sofraboutiques.fr\/lens\/produit\/haribo-world-mix-120g\/\" \/>\n<meta property=\"og:locale\" content=\"fr_FR\" \/>\n<meta property=\"og:type\" content=\"article\" \/>\n<meta property=\"og:title\" content=\"Haribo World Mix 120g - Sofra-Boutiques Lens\" \/>\n<meta property=\"og:description\" content=\"Nutri-Score : D Quantit\u00e9 : 120g Conditionnement : Sachet Marques : Haribo Ingr\u00e9dients : Sirop de glucose-fructose, sucre, farine de bl\u00e9, g\u00e9latine, dextrose, amidon de ma\u00efs, amidon de bl\u00e9, acidifiants: acide citrique, acide malique, correcteurs d&rsquo;acidit\u00e9: citrate monosodique, malate acide de sodium, graisse de palme, \u00e9mulsifiant: mono &#8211; et diglyc\u00e9rides d&rsquo;acides gras, g\u00e9lifiant: agar-agar, ar\u00f4me,...\" \/>\n<meta property=\"og:url\" content=\"https:\/\/sofraboutiques.fr\/lens\/produit\/haribo-world-mix-120g\/\" \/>\n<meta property=\"og:site_name\" content=\"Sofra-Boutiques Lens\" \/>\n<meta property=\"article:modified_time\" content=\"2025-04-14T07:33:11+00:00\" \/>\n<meta name=\"twitter:card\" content=\"summary_large_image\" \/>\n<meta name=\"twitter:label1\" content=\"Dur\u00e9e de lecture estim\u00e9e\" \/>\n\t<meta name=\"twitter:data1\" content=\"1 minute\" \/>\n<script type=\"application\/ld+json\" class=\"yoast-schema-graph\">{\"@context\":\"https:\\\/\\\/schema.org\",\"@graph\":[{\"@type\":\"WebPage\",\"@id\":\"https:\\\/\\\/sofraboutiques.fr\\\/lens\\\/produit\\\/haribo-world-mix-120g\\\/\",\"url\":\"https:\\\/\\\/sofraboutiques.fr\\\/lens\\\/produit\\\/haribo-world-mix-120g\\\/\",\"name\":\"Haribo World Mix 120g - Sofra-Boutiques Lens\",\"isPartOf\":{\"@id\":\"https:\\\/\\\/sofraboutiques.fr\\\/lens\\\/#website\"},\"datePublished\":\"2025-04-14T07:33:08+00:00\",\"dateModified\":\"2025-04-14T07:33:11+00:00\",\"breadcrumb\":{\"@id\":\"https:\\\/\\\/sofraboutiques.fr\\\/lens\\\/produit\\\/haribo-world-mix-120g\\\/#breadcrumb\"},\"inLanguage\":\"fr-FR\",\"potentialAction\":[{\"@type\":\"ReadAction\",\"target\":[\"https:\\\/\\\/sofraboutiques.fr\\\/lens\\\/produit\\\/haribo-world-mix-120g\\\/\"]}]},{\"@type\":\"BreadcrumbList\",\"@id\":\"https:\\\/\\\/sofraboutiques.fr\\\/lens\\\/produit\\\/haribo-world-mix-120g\\\/#breadcrumb\",\"itemListElement\":[{\"@type\":\"ListItem\",\"position\":1,\"name\":\"Accueil\",\"item\":\"https:\\\/\\\/sofraboutiques.fr\\\/lens\\\/\"},{\"@type\":\"ListItem\",\"position\":2,\"name\":\"Boutique\",\"item\":\"https:\\\/\\\/sofraboutiques.fr\\\/lens\\\/\"},{\"@type\":\"ListItem\",\"position\":3,\"name\":\"Haribo World Mix 120g\"}]},{\"@type\":\"WebSite\",\"@id\":\"https:\\\/\\\/sofraboutiques.fr\\\/lens\\\/#website\",\"url\":\"https:\\\/\\\/sofraboutiques.fr\\\/lens\\\/\",\"name\":\"Sofra-Boutiques Lens\",\"description\":\"\",\"publisher\":{\"@id\":\"https:\\\/\\\/sofraboutiques.fr\\\/lens\\\/#organization\"},\"potentialAction\":[{\"@type\":\"SearchAction\",\"target\":{\"@type\":\"EntryPoint\",\"urlTemplate\":\"https:\\\/\\\/sofraboutiques.fr\\\/lens\\\/?s={search_term_string}\"},\"query-input\":{\"@type\":\"PropertyValueSpecification\",\"valueRequired\":true,\"valueName\":\"search_term_string\"}}],\"inLanguage\":\"fr-FR\"},{\"@type\":\"Organization\",\"@id\":\"https:\\\/\\\/sofraboutiques.fr\\\/lens\\\/#organization\",\"name\":\"Sofra-Boutiques Lens\",\"url\":\"https:\\\/\\\/sofraboutiques.fr\\\/lens\\\/\",\"logo\":{\"@type\":\"ImageObject\",\"inLanguage\":\"fr-FR\",\"@id\":\"https:\\\/\\\/sofraboutiques.fr\\\/lens\\\/#\\\/schema\\\/logo\\\/image\\\/\",\"url\":\"https:\\\/\\\/sofraboutiques.fr\\\/lens\\\/wp-content\\\/uploads\\\/sites\\\/4\\\/2025\\\/04\\\/cropped-logo-sofraboutique.png\",\"contentUrl\":\"https:\\\/\\\/sofraboutiques.fr\\\/lens\\\/wp-content\\\/uploads\\\/sites\\\/4\\\/2025\\\/04\\\/cropped-logo-sofraboutique.png\",\"width\":2950,\"height\":1620,\"caption\":\"Sofra-Boutiques Lens\"},\"image\":{\"@id\":\"https:\\\/\\\/sofraboutiques.fr\\\/lens\\\/#\\\/schema\\\/logo\\\/image\\\/\"}}]}<\/script>\n<!-- \/ Yoast SEO plugin. -->","yoast_head_json":{"title":"Haribo World Mix 120g - Sofra-Boutiques Lens","robots":{"index":"index","follow":"follow","max-snippet":"max-snippet:-1","max-image-preview":"max-image-preview:large","max-video-preview":"max-video-preview:-1"},"canonical":"https:\/\/sofraboutiques.fr\/lens\/produit\/haribo-world-mix-120g\/","og_locale":"fr_FR","og_type":"article","og_title":"Haribo World Mix 120g - Sofra-Boutiques Lens","og_description":"Nutri-Score : D Quantit\u00e9 : 120g Conditionnement : Sachet Marques : Haribo Ingr\u00e9dients : Sirop de glucose-fructose, sucre, farine de bl\u00e9, g\u00e9latine, dextrose, amidon de ma\u00efs, amidon de bl\u00e9, acidifiants: acide citrique, acide malique, correcteurs d&rsquo;acidit\u00e9: citrate monosodique, malate acide de sodium, graisse de palme, \u00e9mulsifiant: mono &#8211; et diglyc\u00e9rides d&rsquo;acides gras, g\u00e9lifiant: agar-agar, ar\u00f4me,...","og_url":"https:\/\/sofraboutiques.fr\/lens\/produit\/haribo-world-mix-120g\/","og_site_name":"Sofra-Boutiques Lens","article_modified_time":"2025-04-14T07:33:11+00:00","twitter_card":"summary_large_image","twitter_misc":{"Dur\u00e9e de lecture estim\u00e9e":"1 minute"},"schema":{"@context":"https:\/\/schema.org","@graph":[{"@type":"WebPage","@id":"https:\/\/sofraboutiques.fr\/lens\/produit\/haribo-world-mix-120g\/","url":"https:\/\/sofraboutiques.fr\/lens\/produit\/haribo-world-mix-120g\/","name":"Haribo World Mix 120g - Sofra-Boutiques Lens","isPartOf":{"@id":"https:\/\/sofraboutiques.fr\/lens\/#website"},"datePublished":"2025-04-14T07:33:08+00:00","dateModified":"2025-04-14T07:33:11+00:00","breadcrumb":{"@id":"https:\/\/sofraboutiques.fr\/lens\/produit\/haribo-world-mix-120g\/#breadcrumb"},"inLanguage":"fr-FR","potentialAction":[{"@type":"ReadAction","target":["https:\/\/sofraboutiques.fr\/lens\/produit\/haribo-world-mix-120g\/"]}]},{"@type":"BreadcrumbList","@id":"https:\/\/sofraboutiques.fr\/lens\/produit\/haribo-world-mix-120g\/#breadcrumb","itemListElement":[{"@type":"ListItem","position":1,"name":"Accueil","item":"https:\/\/sofraboutiques.fr\/lens\/"},{"@type":"ListItem","position":2,"name":"Boutique","item":"https:\/\/sofraboutiques.fr\/lens\/"},{"@type":"ListItem","position":3,"name":"Haribo World Mix 120g"}]},{"@type":"WebSite","@id":"https:\/\/sofraboutiques.fr\/lens\/#website","url":"https:\/\/sofraboutiques.fr\/lens\/","name":"Sofra-Boutiques Lens","description":"","publisher":{"@id":"https:\/\/sofraboutiques.fr\/lens\/#organization"},"potentialAction":[{"@type":"SearchAction","target":{"@type":"EntryPoint","urlTemplate":"https:\/\/sofraboutiques.fr\/lens\/?s={search_term_string}"},"query-input":{"@type":"PropertyValueSpecification","valueRequired":true,"valueName":"search_term_string"}}],"inLanguage":"fr-FR"},{"@type":"Organization","@id":"https:\/\/sofraboutiques.fr\/lens\/#organization","name":"Sofra-Boutiques Lens","url":"https:\/\/sofraboutiques.fr\/lens\/","logo":{"@type":"ImageObject","inLanguage":"fr-FR","@id":"https:\/\/sofraboutiques.fr\/lens\/#\/schema\/logo\/image\/","url":"https:\/\/sofraboutiques.fr\/lens\/wp-content\/uploads\/sites\/4\/2025\/04\/cropped-logo-sofraboutique.png","contentUrl":"https:\/\/sofraboutiques.fr\/lens\/wp-content\/uploads\/sites\/4\/2025\/04\/cropped-logo-sofraboutique.png","width":2950,"height":1620,"caption":"Sofra-Boutiques Lens"},"image":{"@id":"https:\/\/sofraboutiques.fr\/lens\/#\/schema\/logo\/image\/"}}]}},"_links":{"self":[{"href":"https:\/\/sofraboutiques.fr\/lens\/wp-json\/wp\/v2\/product\/315","targetHints":{"allow":["GET"]}}],"collection":[{"href":"https:\/\/sofraboutiques.fr\/lens\/wp-json\/wp\/v2\/product"}],"about":[{"href":"https:\/\/sofraboutiques.fr\/lens\/wp-json\/wp\/v2\/types\/product"}],"replies":[{"embeddable":true,"href":"https:\/\/sofraboutiques.fr\/lens\/wp-json\/wp\/v2\/comments?post=315"}],"wp:attachment":[{"href":"https:\/\/sofraboutiques.fr\/lens\/wp-json\/wp\/v2\/media?parent=315"}],"wp:term":[{"taxonomy":"product_brand","embeddable":true,"href":"https:\/\/sofraboutiques.fr\/lens\/wp-json\/wp\/v2\/product_brand?post=315"},{"taxonomy":"product_cat","embeddable":true,"href":"https:\/\/sofraboutiques.fr\/lens\/wp-json\/wp\/v2\/product_cat?post=315"},{"taxonomy":"product_tag","embeddable":true,"href":"https:\/\/sofraboutiques.fr\/lens\/wp-json\/wp\/v2\/product_tag?post=315"}],"curies":[{"name":"wp","href":"https:\/\/api.w.org\/{rel}","templated":true}]}}