{"id":375,"date":"2025-04-14T09:33:24","date_gmt":"2025-04-14T07:33:24","guid":{"rendered":"https:\/\/sofraboutiques.fr\/lens\/?post_type=product&#038;p=375"},"modified":"2025-04-14T09:33:28","modified_gmt":"2025-04-14T07:33:28","slug":"pompotes-sans-sucres-ajoutes-pomme-fraise","status":"publish","type":"product","link":"https:\/\/sofraboutiques.fr\/lens\/produit\/pompotes-sans-sucres-ajoutes-pomme-fraise\/","title":{"rendered":"Pom&rsquo;potes sans sucres ajout\u00e9s pomme fraise"},"content":{"rendered":"<p>Nutri-Score : A<\/p>\n<p><b>Quantit\u00e9<\/b> : 90g\/36<\/p>\n<p><b>Conditionnement<\/b> : Gourde<\/p>\n<p><b>Marques<\/b> : Pom&rsquo;potes<\/p>\n<p><b>Ingr\u00e9dients<\/b> : Pomme 78,9% (pur\u00e9e et pur\u00e9e concentr\u00e9e), fraise 20,0 %, cassis, antioxydant : acide ascorbique.<\/p>\n<table aria-label=\"Tableau nutritionnel\">\n<thead>\n<tr>\n<th scope=\"col\">Tableau nutritionnel<\/th>\n<th scope=\"col\">Tel que vendu<br \/>\npour 100 g \/ 100 ml<\/th>\n<th scope=\"col\">Compar\u00e9 \u00e0: Compotes<\/th>\n<\/tr>\n<\/thead>\n<tbody>\n<tr>\n<td>\u00c9nergie<\/td>\n<td>232 kj<br \/>\n(55 kcal)<\/td>\n<td><span class=\"green\">-15\u00a0%<\/span><\/td>\n<\/tr>\n<tr>\n<td>Mati\u00e8res grasses<\/td>\n<td>0,5 g<\/td>\n<td><span class=\"red\">+54\u00a0%<\/span><\/td>\n<\/tr>\n<tr>\n<td>Acides gras satur\u00e9s<\/td>\n<td>0,2 g<\/td>\n<td><span class=\"red\">+154\u00a0%<\/span><\/td>\n<\/tr>\n<tr>\n<td>Glucides<\/td>\n<td>11 g<\/td>\n<td>-23\u00a0%<\/td>\n<\/tr>\n<tr>\n<td>Sucres<\/td>\n<td>10 g<\/td>\n<td><span class=\"green\">-22\u00a0%<\/span><\/td>\n<\/tr>\n<tr>\n<td>Fibres alimentaires<\/td>\n<td>1,4 g<\/td>\n<td><span class=\"red\">-18\u00a0%<\/span><\/td>\n<\/tr>\n<tr>\n<td>Prot\u00e9ines<\/td>\n<td>0,5 g<\/td>\n<td><span class=\"green\">+19\u00a0%<\/span><\/td>\n<\/tr>\n<tr>\n<td>Sel<\/td>\n<td>0,01 g<\/td>\n<td><span class=\"red\">+14\u00a0%<\/span><\/td>\n<\/tr>\n<tr>\n<td>Fruits\u201a l\u00e9gumes\u201a noix et huiles de colza\u201a noix et olive (estimation par analyse de la liste des ingr\u00e9dients)<\/td>\n<td>99,725 %<\/td>\n<\/tr>\n<\/tbody>\n<\/table>\n","protected":false},"excerpt":{"rendered":"<p>Nutri-Score : A Quantit\u00e9 : 90g\/36 Conditionnement : Gourde Marques : Pom&rsquo;potes Ingr\u00e9dients : Pomme 78,9% (pur\u00e9e et pur\u00e9e concentr\u00e9e), fraise 20,0 %, cassis, antioxydant : acide ascorbique. Tableau nutritionnel Tel que vendu pour 100 g \/ 100 ml Compar\u00e9 \u00e0: Compotes \u00c9nergie 232 kj (55 kcal) -15\u00a0% Mati\u00e8res grasses 0,5 g +54\u00a0% Acides gras&#8230;<\/p>\n","protected":false},"featured_media":0,"comment_status":"open","ping_status":"closed","template":"","meta":{"_kad_post_transparent":"","_kad_post_title":"","_kad_post_layout":"","_kad_post_sidebar_id":"","_kad_post_content_style":"","_kad_post_vertical_padding":"","_kad_post_feature":"","_kad_post_feature_position":"","_kad_post_header":false,"_kad_post_footer":false,"_kad_post_classname":""},"product_brand":[],"product_cat":[19,25],"product_tag":[],"class_list":{"0":"post-375","1":"product","2":"type-product","3":"status-publish","5":"product_cat-desserts","6":"product_cat-friandises","8":"first","9":"instock","10":"virtual","11":"purchasable","12":"product-type-simple","13":"entry","14":"content-bg","15":"loop-entry"},"yoast_head":"<!-- This site is optimized with the Yoast SEO plugin v27.3 - https:\/\/yoast.com\/product\/yoast-seo-wordpress\/ -->\n<title>Pom&#039;potes sans sucres ajout\u00e9s pomme fraise - Sofra-Boutiques Lens<\/title>\n<meta name=\"robots\" content=\"index, follow, max-snippet:-1, max-image-preview:large, max-video-preview:-1\" \/>\n<link rel=\"canonical\" href=\"https:\/\/sofraboutiques.fr\/lens\/produit\/pompotes-sans-sucres-ajoutes-pomme-fraise\/\" \/>\n<meta property=\"og:locale\" content=\"fr_FR\" \/>\n<meta property=\"og:type\" content=\"article\" \/>\n<meta property=\"og:title\" content=\"Pom&#039;potes sans sucres ajout\u00e9s pomme fraise - Sofra-Boutiques Lens\" \/>\n<meta property=\"og:description\" content=\"Nutri-Score : A Quantit\u00e9 : 90g\/36 Conditionnement : Gourde Marques : Pom&rsquo;potes Ingr\u00e9dients : Pomme 78,9% (pur\u00e9e et pur\u00e9e concentr\u00e9e), fraise 20,0 %, cassis, antioxydant : acide ascorbique. Tableau nutritionnel Tel que vendu pour 100 g \/ 100 ml Compar\u00e9 \u00e0: Compotes \u00c9nergie 232 kj (55 kcal) -15\u00a0% Mati\u00e8res grasses 0,5 g +54\u00a0% Acides gras...\" \/>\n<meta property=\"og:url\" content=\"https:\/\/sofraboutiques.fr\/lens\/produit\/pompotes-sans-sucres-ajoutes-pomme-fraise\/\" \/>\n<meta property=\"og:site_name\" content=\"Sofra-Boutiques Lens\" \/>\n<meta property=\"article:modified_time\" content=\"2025-04-14T07:33:28+00:00\" \/>\n<meta name=\"twitter:card\" content=\"summary_large_image\" \/>\n<script type=\"application\/ld+json\" class=\"yoast-schema-graph\">{\"@context\":\"https:\\\/\\\/schema.org\",\"@graph\":[{\"@type\":\"WebPage\",\"@id\":\"https:\\\/\\\/sofraboutiques.fr\\\/lens\\\/produit\\\/pompotes-sans-sucres-ajoutes-pomme-fraise\\\/\",\"url\":\"https:\\\/\\\/sofraboutiques.fr\\\/lens\\\/produit\\\/pompotes-sans-sucres-ajoutes-pomme-fraise\\\/\",\"name\":\"Pom'potes sans sucres ajout\u00e9s pomme fraise - Sofra-Boutiques Lens\",\"isPartOf\":{\"@id\":\"https:\\\/\\\/sofraboutiques.fr\\\/lens\\\/#website\"},\"datePublished\":\"2025-04-14T07:33:24+00:00\",\"dateModified\":\"2025-04-14T07:33:28+00:00\",\"breadcrumb\":{\"@id\":\"https:\\\/\\\/sofraboutiques.fr\\\/lens\\\/produit\\\/pompotes-sans-sucres-ajoutes-pomme-fraise\\\/#breadcrumb\"},\"inLanguage\":\"fr-FR\",\"potentialAction\":[{\"@type\":\"ReadAction\",\"target\":[\"https:\\\/\\\/sofraboutiques.fr\\\/lens\\\/produit\\\/pompotes-sans-sucres-ajoutes-pomme-fraise\\\/\"]}]},{\"@type\":\"BreadcrumbList\",\"@id\":\"https:\\\/\\\/sofraboutiques.fr\\\/lens\\\/produit\\\/pompotes-sans-sucres-ajoutes-pomme-fraise\\\/#breadcrumb\",\"itemListElement\":[{\"@type\":\"ListItem\",\"position\":1,\"name\":\"Accueil\",\"item\":\"https:\\\/\\\/sofraboutiques.fr\\\/lens\\\/\"},{\"@type\":\"ListItem\",\"position\":2,\"name\":\"Boutique\",\"item\":\"https:\\\/\\\/sofraboutiques.fr\\\/lens\\\/\"},{\"@type\":\"ListItem\",\"position\":3,\"name\":\"Pom&rsquo;potes sans sucres ajout\u00e9s pomme fraise\"}]},{\"@type\":\"WebSite\",\"@id\":\"https:\\\/\\\/sofraboutiques.fr\\\/lens\\\/#website\",\"url\":\"https:\\\/\\\/sofraboutiques.fr\\\/lens\\\/\",\"name\":\"Sofra-Boutiques Lens\",\"description\":\"\",\"publisher\":{\"@id\":\"https:\\\/\\\/sofraboutiques.fr\\\/lens\\\/#organization\"},\"potentialAction\":[{\"@type\":\"SearchAction\",\"target\":{\"@type\":\"EntryPoint\",\"urlTemplate\":\"https:\\\/\\\/sofraboutiques.fr\\\/lens\\\/?s={search_term_string}\"},\"query-input\":{\"@type\":\"PropertyValueSpecification\",\"valueRequired\":true,\"valueName\":\"search_term_string\"}}],\"inLanguage\":\"fr-FR\"},{\"@type\":\"Organization\",\"@id\":\"https:\\\/\\\/sofraboutiques.fr\\\/lens\\\/#organization\",\"name\":\"Sofra-Boutiques Lens\",\"url\":\"https:\\\/\\\/sofraboutiques.fr\\\/lens\\\/\",\"logo\":{\"@type\":\"ImageObject\",\"inLanguage\":\"fr-FR\",\"@id\":\"https:\\\/\\\/sofraboutiques.fr\\\/lens\\\/#\\\/schema\\\/logo\\\/image\\\/\",\"url\":\"https:\\\/\\\/sofraboutiques.fr\\\/lens\\\/wp-content\\\/uploads\\\/sites\\\/4\\\/2025\\\/04\\\/cropped-logo-sofraboutique.png\",\"contentUrl\":\"https:\\\/\\\/sofraboutiques.fr\\\/lens\\\/wp-content\\\/uploads\\\/sites\\\/4\\\/2025\\\/04\\\/cropped-logo-sofraboutique.png\",\"width\":2950,\"height\":1620,\"caption\":\"Sofra-Boutiques Lens\"},\"image\":{\"@id\":\"https:\\\/\\\/sofraboutiques.fr\\\/lens\\\/#\\\/schema\\\/logo\\\/image\\\/\"}}]}<\/script>\n<!-- \/ Yoast SEO plugin. -->","yoast_head_json":{"title":"Pom'potes sans sucres ajout\u00e9s pomme fraise - Sofra-Boutiques Lens","robots":{"index":"index","follow":"follow","max-snippet":"max-snippet:-1","max-image-preview":"max-image-preview:large","max-video-preview":"max-video-preview:-1"},"canonical":"https:\/\/sofraboutiques.fr\/lens\/produit\/pompotes-sans-sucres-ajoutes-pomme-fraise\/","og_locale":"fr_FR","og_type":"article","og_title":"Pom'potes sans sucres ajout\u00e9s pomme fraise - Sofra-Boutiques Lens","og_description":"Nutri-Score : A Quantit\u00e9 : 90g\/36 Conditionnement : Gourde Marques : Pom&rsquo;potes Ingr\u00e9dients : Pomme 78,9% (pur\u00e9e et pur\u00e9e concentr\u00e9e), fraise 20,0 %, cassis, antioxydant : acide ascorbique. Tableau nutritionnel Tel que vendu pour 100 g \/ 100 ml Compar\u00e9 \u00e0: Compotes \u00c9nergie 232 kj (55 kcal) -15\u00a0% Mati\u00e8res grasses 0,5 g +54\u00a0% Acides gras...","og_url":"https:\/\/sofraboutiques.fr\/lens\/produit\/pompotes-sans-sucres-ajoutes-pomme-fraise\/","og_site_name":"Sofra-Boutiques Lens","article_modified_time":"2025-04-14T07:33:28+00:00","twitter_card":"summary_large_image","schema":{"@context":"https:\/\/schema.org","@graph":[{"@type":"WebPage","@id":"https:\/\/sofraboutiques.fr\/lens\/produit\/pompotes-sans-sucres-ajoutes-pomme-fraise\/","url":"https:\/\/sofraboutiques.fr\/lens\/produit\/pompotes-sans-sucres-ajoutes-pomme-fraise\/","name":"Pom'potes sans sucres ajout\u00e9s pomme fraise - Sofra-Boutiques Lens","isPartOf":{"@id":"https:\/\/sofraboutiques.fr\/lens\/#website"},"datePublished":"2025-04-14T07:33:24+00:00","dateModified":"2025-04-14T07:33:28+00:00","breadcrumb":{"@id":"https:\/\/sofraboutiques.fr\/lens\/produit\/pompotes-sans-sucres-ajoutes-pomme-fraise\/#breadcrumb"},"inLanguage":"fr-FR","potentialAction":[{"@type":"ReadAction","target":["https:\/\/sofraboutiques.fr\/lens\/produit\/pompotes-sans-sucres-ajoutes-pomme-fraise\/"]}]},{"@type":"BreadcrumbList","@id":"https:\/\/sofraboutiques.fr\/lens\/produit\/pompotes-sans-sucres-ajoutes-pomme-fraise\/#breadcrumb","itemListElement":[{"@type":"ListItem","position":1,"name":"Accueil","item":"https:\/\/sofraboutiques.fr\/lens\/"},{"@type":"ListItem","position":2,"name":"Boutique","item":"https:\/\/sofraboutiques.fr\/lens\/"},{"@type":"ListItem","position":3,"name":"Pom&rsquo;potes sans sucres ajout\u00e9s pomme fraise"}]},{"@type":"WebSite","@id":"https:\/\/sofraboutiques.fr\/lens\/#website","url":"https:\/\/sofraboutiques.fr\/lens\/","name":"Sofra-Boutiques Lens","description":"","publisher":{"@id":"https:\/\/sofraboutiques.fr\/lens\/#organization"},"potentialAction":[{"@type":"SearchAction","target":{"@type":"EntryPoint","urlTemplate":"https:\/\/sofraboutiques.fr\/lens\/?s={search_term_string}"},"query-input":{"@type":"PropertyValueSpecification","valueRequired":true,"valueName":"search_term_string"}}],"inLanguage":"fr-FR"},{"@type":"Organization","@id":"https:\/\/sofraboutiques.fr\/lens\/#organization","name":"Sofra-Boutiques Lens","url":"https:\/\/sofraboutiques.fr\/lens\/","logo":{"@type":"ImageObject","inLanguage":"fr-FR","@id":"https:\/\/sofraboutiques.fr\/lens\/#\/schema\/logo\/image\/","url":"https:\/\/sofraboutiques.fr\/lens\/wp-content\/uploads\/sites\/4\/2025\/04\/cropped-logo-sofraboutique.png","contentUrl":"https:\/\/sofraboutiques.fr\/lens\/wp-content\/uploads\/sites\/4\/2025\/04\/cropped-logo-sofraboutique.png","width":2950,"height":1620,"caption":"Sofra-Boutiques Lens"},"image":{"@id":"https:\/\/sofraboutiques.fr\/lens\/#\/schema\/logo\/image\/"}}]}},"_links":{"self":[{"href":"https:\/\/sofraboutiques.fr\/lens\/wp-json\/wp\/v2\/product\/375","targetHints":{"allow":["GET"]}}],"collection":[{"href":"https:\/\/sofraboutiques.fr\/lens\/wp-json\/wp\/v2\/product"}],"about":[{"href":"https:\/\/sofraboutiques.fr\/lens\/wp-json\/wp\/v2\/types\/product"}],"replies":[{"embeddable":true,"href":"https:\/\/sofraboutiques.fr\/lens\/wp-json\/wp\/v2\/comments?post=375"}],"wp:attachment":[{"href":"https:\/\/sofraboutiques.fr\/lens\/wp-json\/wp\/v2\/media?parent=375"}],"wp:term":[{"taxonomy":"product_brand","embeddable":true,"href":"https:\/\/sofraboutiques.fr\/lens\/wp-json\/wp\/v2\/product_brand?post=375"},{"taxonomy":"product_cat","embeddable":true,"href":"https:\/\/sofraboutiques.fr\/lens\/wp-json\/wp\/v2\/product_cat?post=375"},{"taxonomy":"product_tag","embeddable":true,"href":"https:\/\/sofraboutiques.fr\/lens\/wp-json\/wp\/v2\/product_tag?post=375"}],"curies":[{"name":"wp","href":"https:\/\/api.w.org\/{rel}","templated":true}]}}