{"id":82,"date":"2025-04-14T09:32:05","date_gmt":"2025-04-14T07:32:05","guid":{"rendered":"https:\/\/sofraboutiques.fr\/lens\/?post_type=product&#038;p=82"},"modified":"2025-04-14T09:32:09","modified_gmt":"2025-04-14T07:32:09","slug":"le-panini-burger","status":"publish","type":"product","link":"https:\/\/sofraboutiques.fr\/lens\/produit\/le-panini-burger\/","title":{"rendered":"Le Panini Burger"},"content":{"rendered":"<p><b>Ingr\u00e9dients :<\/b><span style=\"font-weight: 400;\"> Pain panini, steak hach\u00e9, cheddar, tomate, sauce burger.<\/span><\/p>\n<p><b>ALLERG\u00c8NES<\/b><\/p>\n<p><b>Pr\u00e9sence :<\/b><span style=\"font-weight: 400;\"> Gluten-Lait-\u0152ufs-Poisson-C\u00e9leri-Moutarde, peut contenir des traces de S\u00e9same.<\/span><\/p>\n","protected":false},"excerpt":{"rendered":"<p>Ingr\u00e9dients : Pain panini, steak hach\u00e9, cheddar, tomate, sauce burger. ALLERG\u00c8NES Pr\u00e9sence : Gluten-Lait-\u0152ufs-Poisson-C\u00e9leri-Moutarde, peut contenir des traces de S\u00e9same.<\/p>\n","protected":false},"featured_media":0,"comment_status":"open","ping_status":"closed","template":"","meta":{"_kad_post_transparent":"","_kad_post_title":"","_kad_post_layout":"","_kad_post_sidebar_id":"","_kad_post_content_style":"","_kad_post_vertical_padding":"","_kad_post_feature":"","_kad_post_feature_position":"","_kad_post_header":false,"_kad_post_footer":false,"_kad_post_classname":""},"product_brand":[],"product_cat":[18],"product_tag":[],"class_list":{"0":"post-82","1":"product","2":"type-product","3":"status-publish","5":"product_cat-sandwichs-chauds","7":"first","8":"instock","9":"virtual","10":"purchasable","11":"product-type-simple","12":"entry","13":"content-bg","14":"loop-entry"},"yoast_head":"<!-- This site is optimized with the Yoast SEO plugin v27.3 - https:\/\/yoast.com\/product\/yoast-seo-wordpress\/ -->\n<title>Le Panini Burger - Sofra-Boutiques Lens<\/title>\n<meta name=\"robots\" content=\"index, follow, max-snippet:-1, max-image-preview:large, max-video-preview:-1\" \/>\n<link rel=\"canonical\" href=\"https:\/\/sofraboutiques.fr\/lens\/produit\/le-panini-burger\/\" \/>\n<meta property=\"og:locale\" content=\"fr_FR\" \/>\n<meta property=\"og:type\" content=\"article\" \/>\n<meta property=\"og:title\" content=\"Le Panini Burger - Sofra-Boutiques Lens\" \/>\n<meta property=\"og:description\" content=\"Ingr\u00e9dients : Pain panini, steak hach\u00e9, cheddar, tomate, sauce burger. ALLERG\u00c8NES Pr\u00e9sence : Gluten-Lait-\u0152ufs-Poisson-C\u00e9leri-Moutarde, peut contenir des traces de S\u00e9same.\" \/>\n<meta property=\"og:url\" content=\"https:\/\/sofraboutiques.fr\/lens\/produit\/le-panini-burger\/\" \/>\n<meta property=\"og:site_name\" content=\"Sofra-Boutiques Lens\" \/>\n<meta property=\"article:modified_time\" content=\"2025-04-14T07:32:09+00:00\" \/>\n<meta name=\"twitter:card\" content=\"summary_large_image\" \/>\n<script type=\"application\/ld+json\" class=\"yoast-schema-graph\">{\"@context\":\"https:\\\/\\\/schema.org\",\"@graph\":[{\"@type\":\"WebPage\",\"@id\":\"https:\\\/\\\/sofraboutiques.fr\\\/lens\\\/produit\\\/le-panini-burger\\\/\",\"url\":\"https:\\\/\\\/sofraboutiques.fr\\\/lens\\\/produit\\\/le-panini-burger\\\/\",\"name\":\"Le Panini Burger - Sofra-Boutiques Lens\",\"isPartOf\":{\"@id\":\"https:\\\/\\\/sofraboutiques.fr\\\/lens\\\/#website\"},\"datePublished\":\"2025-04-14T07:32:05+00:00\",\"dateModified\":\"2025-04-14T07:32:09+00:00\",\"breadcrumb\":{\"@id\":\"https:\\\/\\\/sofraboutiques.fr\\\/lens\\\/produit\\\/le-panini-burger\\\/#breadcrumb\"},\"inLanguage\":\"fr-FR\",\"potentialAction\":[{\"@type\":\"ReadAction\",\"target\":[\"https:\\\/\\\/sofraboutiques.fr\\\/lens\\\/produit\\\/le-panini-burger\\\/\"]}]},{\"@type\":\"BreadcrumbList\",\"@id\":\"https:\\\/\\\/sofraboutiques.fr\\\/lens\\\/produit\\\/le-panini-burger\\\/#breadcrumb\",\"itemListElement\":[{\"@type\":\"ListItem\",\"position\":1,\"name\":\"Accueil\",\"item\":\"https:\\\/\\\/sofraboutiques.fr\\\/lens\\\/\"},{\"@type\":\"ListItem\",\"position\":2,\"name\":\"Boutique\",\"item\":\"https:\\\/\\\/sofraboutiques.fr\\\/lens\\\/\"},{\"@type\":\"ListItem\",\"position\":3,\"name\":\"Le Panini Burger\"}]},{\"@type\":\"WebSite\",\"@id\":\"https:\\\/\\\/sofraboutiques.fr\\\/lens\\\/#website\",\"url\":\"https:\\\/\\\/sofraboutiques.fr\\\/lens\\\/\",\"name\":\"Sofra-Boutiques Lens\",\"description\":\"\",\"publisher\":{\"@id\":\"https:\\\/\\\/sofraboutiques.fr\\\/lens\\\/#organization\"},\"potentialAction\":[{\"@type\":\"SearchAction\",\"target\":{\"@type\":\"EntryPoint\",\"urlTemplate\":\"https:\\\/\\\/sofraboutiques.fr\\\/lens\\\/?s={search_term_string}\"},\"query-input\":{\"@type\":\"PropertyValueSpecification\",\"valueRequired\":true,\"valueName\":\"search_term_string\"}}],\"inLanguage\":\"fr-FR\"},{\"@type\":\"Organization\",\"@id\":\"https:\\\/\\\/sofraboutiques.fr\\\/lens\\\/#organization\",\"name\":\"Sofra-Boutiques Lens\",\"url\":\"https:\\\/\\\/sofraboutiques.fr\\\/lens\\\/\",\"logo\":{\"@type\":\"ImageObject\",\"inLanguage\":\"fr-FR\",\"@id\":\"https:\\\/\\\/sofraboutiques.fr\\\/lens\\\/#\\\/schema\\\/logo\\\/image\\\/\",\"url\":\"https:\\\/\\\/sofraboutiques.fr\\\/lens\\\/wp-content\\\/uploads\\\/sites\\\/4\\\/2025\\\/04\\\/cropped-logo-sofraboutique.png\",\"contentUrl\":\"https:\\\/\\\/sofraboutiques.fr\\\/lens\\\/wp-content\\\/uploads\\\/sites\\\/4\\\/2025\\\/04\\\/cropped-logo-sofraboutique.png\",\"width\":2950,\"height\":1620,\"caption\":\"Sofra-Boutiques Lens\"},\"image\":{\"@id\":\"https:\\\/\\\/sofraboutiques.fr\\\/lens\\\/#\\\/schema\\\/logo\\\/image\\\/\"}}]}<\/script>\n<!-- \/ Yoast SEO plugin. -->","yoast_head_json":{"title":"Le Panini Burger - Sofra-Boutiques Lens","robots":{"index":"index","follow":"follow","max-snippet":"max-snippet:-1","max-image-preview":"max-image-preview:large","max-video-preview":"max-video-preview:-1"},"canonical":"https:\/\/sofraboutiques.fr\/lens\/produit\/le-panini-burger\/","og_locale":"fr_FR","og_type":"article","og_title":"Le Panini Burger - Sofra-Boutiques Lens","og_description":"Ingr\u00e9dients : Pain panini, steak hach\u00e9, cheddar, tomate, sauce burger. ALLERG\u00c8NES Pr\u00e9sence : Gluten-Lait-\u0152ufs-Poisson-C\u00e9leri-Moutarde, peut contenir des traces de S\u00e9same.","og_url":"https:\/\/sofraboutiques.fr\/lens\/produit\/le-panini-burger\/","og_site_name":"Sofra-Boutiques Lens","article_modified_time":"2025-04-14T07:32:09+00:00","twitter_card":"summary_large_image","schema":{"@context":"https:\/\/schema.org","@graph":[{"@type":"WebPage","@id":"https:\/\/sofraboutiques.fr\/lens\/produit\/le-panini-burger\/","url":"https:\/\/sofraboutiques.fr\/lens\/produit\/le-panini-burger\/","name":"Le Panini Burger - Sofra-Boutiques Lens","isPartOf":{"@id":"https:\/\/sofraboutiques.fr\/lens\/#website"},"datePublished":"2025-04-14T07:32:05+00:00","dateModified":"2025-04-14T07:32:09+00:00","breadcrumb":{"@id":"https:\/\/sofraboutiques.fr\/lens\/produit\/le-panini-burger\/#breadcrumb"},"inLanguage":"fr-FR","potentialAction":[{"@type":"ReadAction","target":["https:\/\/sofraboutiques.fr\/lens\/produit\/le-panini-burger\/"]}]},{"@type":"BreadcrumbList","@id":"https:\/\/sofraboutiques.fr\/lens\/produit\/le-panini-burger\/#breadcrumb","itemListElement":[{"@type":"ListItem","position":1,"name":"Accueil","item":"https:\/\/sofraboutiques.fr\/lens\/"},{"@type":"ListItem","position":2,"name":"Boutique","item":"https:\/\/sofraboutiques.fr\/lens\/"},{"@type":"ListItem","position":3,"name":"Le Panini Burger"}]},{"@type":"WebSite","@id":"https:\/\/sofraboutiques.fr\/lens\/#website","url":"https:\/\/sofraboutiques.fr\/lens\/","name":"Sofra-Boutiques Lens","description":"","publisher":{"@id":"https:\/\/sofraboutiques.fr\/lens\/#organization"},"potentialAction":[{"@type":"SearchAction","target":{"@type":"EntryPoint","urlTemplate":"https:\/\/sofraboutiques.fr\/lens\/?s={search_term_string}"},"query-input":{"@type":"PropertyValueSpecification","valueRequired":true,"valueName":"search_term_string"}}],"inLanguage":"fr-FR"},{"@type":"Organization","@id":"https:\/\/sofraboutiques.fr\/lens\/#organization","name":"Sofra-Boutiques Lens","url":"https:\/\/sofraboutiques.fr\/lens\/","logo":{"@type":"ImageObject","inLanguage":"fr-FR","@id":"https:\/\/sofraboutiques.fr\/lens\/#\/schema\/logo\/image\/","url":"https:\/\/sofraboutiques.fr\/lens\/wp-content\/uploads\/sites\/4\/2025\/04\/cropped-logo-sofraboutique.png","contentUrl":"https:\/\/sofraboutiques.fr\/lens\/wp-content\/uploads\/sites\/4\/2025\/04\/cropped-logo-sofraboutique.png","width":2950,"height":1620,"caption":"Sofra-Boutiques Lens"},"image":{"@id":"https:\/\/sofraboutiques.fr\/lens\/#\/schema\/logo\/image\/"}}]}},"_links":{"self":[{"href":"https:\/\/sofraboutiques.fr\/lens\/wp-json\/wp\/v2\/product\/82","targetHints":{"allow":["GET"]}}],"collection":[{"href":"https:\/\/sofraboutiques.fr\/lens\/wp-json\/wp\/v2\/product"}],"about":[{"href":"https:\/\/sofraboutiques.fr\/lens\/wp-json\/wp\/v2\/types\/product"}],"replies":[{"embeddable":true,"href":"https:\/\/sofraboutiques.fr\/lens\/wp-json\/wp\/v2\/comments?post=82"}],"wp:attachment":[{"href":"https:\/\/sofraboutiques.fr\/lens\/wp-json\/wp\/v2\/media?parent=82"}],"wp:term":[{"taxonomy":"product_brand","embeddable":true,"href":"https:\/\/sofraboutiques.fr\/lens\/wp-json\/wp\/v2\/product_brand?post=82"},{"taxonomy":"product_cat","embeddable":true,"href":"https:\/\/sofraboutiques.fr\/lens\/wp-json\/wp\/v2\/product_cat?post=82"},{"taxonomy":"product_tag","embeddable":true,"href":"https:\/\/sofraboutiques.fr\/lens\/wp-json\/wp\/v2\/product_tag?post=82"}],"curies":[{"name":"wp","href":"https:\/\/api.w.org\/{rel}","templated":true}]}}